{"id":4181,"date":"2024-10-19T02:36:28","date_gmt":"2024-10-19T02:36:28","guid":{"rendered":"https:\/\/cloudsupplyvapes.com\/?post_type=product&#038;p=4181"},"modified":"2024-11-26T06:36:43","modified_gmt":"2024-11-26T06:36:43","slug":"-130","status":"publish","type":"product","link":"https:\/\/cloudsupplyvapes.com\/fr\/product\/geek-bar-x5500-5500-puffs-rechargeable-disposable-vape-wholesale\/","title":{"rendered":"Geek Bar X5500 5500 Puffs Rechargeable Disposable Vape Wholesale Long Lasting Durable Build"},"content":{"rendered":"<h2>Geek Bar X5500 Disposable<\/h2>\n<ul class=\"top\">\n<li style=\"list-style-type: none;\">\n<ul class=\"top\">\n<li>Marque : Geek Bar<\/li>\n<li>Unit\u00e9 : ensemble<\/li>\n<li>Type : Vape jetable<\/li>\n<li>Poids net : 70(g)<\/li>\n<\/ul>\n<\/li>\n<\/ul>\n<p>Les frais d'exp\u00e9dition combin\u00e9s seront calcul\u00e9s automatiquement par le syst\u00e8me une fois que vous aurez choisi la destination d'exp\u00e9dition \u00e0 l'\u00e9tape de la commande.<\/p>\n<div class=\"title\">Geek Bar X5500 Disposable INTRODUCTION<\/div>\n<p><b>Geek Bar X5500 Disposable<\/b> sports deliciously crafted notes of mixed fruit flavor, each disposable caters to 12ml pre-filled e-liquid, featuring a mesh coil and 5% nicotine that is completed with an intriguing flavor for up to 5500 puffs. It is powered by a rechargeable 650mAh internal battery, so you can carry it traveling all day long. The drip tip is so ergonomic that can fit your lips naturally.<\/p>\n<p class=\"second-title\">Caract\u00e9ristiques<\/p>\n<p>- Rechargeable<\/p>\n<p>\u2022 630mAh Internal Battery<\/p>\n<p>\u2022 12ml Pre-filled E-juice<\/p>\n<p>- 5%(50mg) Nicotine<\/p>\n<p>- 5500 bouff\u00e9es<\/p>\n<p>- Dessin activ\u00e9<\/p>\n<div class=\"title\">Geek Bar X5500 Disposable SPECIFICATION<\/div>\n<p>Puffs : 5000<\/p>\n<p>E-liquid Capacity: 12ml<\/p>\n<p>Battery Capacity: 630mAh<\/p>\n<p>Rechargeable (Type-C)<\/p>\n<p>Nicotine : 5%(50mg)<\/p>\n<p>Type de nicotine : Nic Salt<\/p>\n<p>Bobine : Bobine de maille<\/p>\n<p>M\u00e9canisme de mise \u00e0 feu : Activ\u00e9 par le tirage<\/p>\n<p><a href=\"https:\/\/i0.wp.com\/shop.vape.hk\/wp-content\/uploads\/2023\/10\/geek-bar-x5500-disposable_1.jpg?ssl=1\" target=\"_blank\" rel=\"noopener\"><img data-recalc-dims=\"1\" loading=\"lazy\" decoding=\"async\" class=\"alignnone size-full wp-image-124054\" src=\"https:\/\/i0.wp.com\/shop.vape.hk\/wp-content\/uploads\/2023\/10\/geek-bar-x5500-disposable_1.jpg?resize=850%2C375&#038;ssl=1\" alt=\"Geek Bar X5500 5500 Puffs Rechargeable Disposable Vape | Wholesale\" width=\"850\" height=\"375\" title=\"\"><\/a> <a href=\"https:\/\/i0.wp.com\/shop.vape.hk\/wp-content\/uploads\/2023\/10\/geek-bar-x5500-disposable_2.jpg?ssl=1\" target=\"_blank\" rel=\"noopener\"><img data-recalc-dims=\"1\" loading=\"lazy\" decoding=\"async\" class=\"alignnone size-full wp-image-124053\" src=\"https:\/\/i0.wp.com\/shop.vape.hk\/wp-content\/uploads\/2023\/10\/geek-bar-x5500-disposable_2.jpg?resize=495%2C1920&#038;ssl=1\" alt=\"Geek Bar X5500 5500 Puffs Rechargeable Disposable Vape | Wholesale\" width=\"495\" height=\"1920\" title=\"\"><\/a> <a href=\"https:\/\/i0.wp.com\/shop.vape.hk\/wp-content\/uploads\/2023\/10\/Geek_Bar_S6000.jpg?ssl=1\" target=\"_blank\" rel=\"noopener\"><img data-recalc-dims=\"1\" loading=\"lazy\" decoding=\"async\" class=\"alignnone size-full wp-image-124051\" src=\"https:\/\/i0.wp.com\/shop.vape.hk\/wp-content\/uploads\/2023\/10\/Geek_Bar_S6000.jpg?resize=671%2C1920&#038;ssl=1\" alt=\"Geek Bar S6000 6000 Puff Disposable | Wholesale\" width=\"671\" height=\"1920\" title=\"\"><\/a><\/p>","protected":false},"excerpt":{"rendered":"<p>Geek Bar X5500 5500 Puffs Rechargeable Disposable Vape Wholesale combines long-lasting performance with a durable build and smooth vapor delivery for a reliable vaping experience.<\/p>\n<p>&nbsp;<\/p>","protected":false},"featured_media":4501,"comment_status":"open","ping_status":"closed","template":"","meta":[],"product_brand":[],"product_cat":[22],"product_tag":[],"class_list":{"0":"post-4181","1":"product","2":"type-product","3":"status-publish","4":"has-post-thumbnail","6":"product_cat-disposable-vape-sticks","8":"first","9":"instock","10":"shipping-taxable","11":"purchasable","12":"product-type-simple"},"jetpack_sharing_enabled":true,"tiered_pricing_type":"fixed","tiered_pricing_fixed_rules":{"1000":6,"10000":5,"50000":4},"tiered_pricing_product_settings":{"layout":"default","base_unit_name":{"singular":null,"plural":null},"default_variation":null},"tiered_pricing_minimum_quantity":100,"tiered_pricing_roles_data":[],"tiered_pricing_percentage_rules":[],"tiered_pricing_maximum_quantity":null,"tiered_pricing_quantity_step":null,"_links":{"self":[{"href":"https:\/\/cloudsupplyvapes.com\/fr\/wp-json\/wp\/v2\/product\/4181","targetHints":{"allow":["GET"]}}],"collection":[{"href":"https:\/\/cloudsupplyvapes.com\/fr\/wp-json\/wp\/v2\/product"}],"about":[{"href":"https:\/\/cloudsupplyvapes.com\/fr\/wp-json\/wp\/v2\/types\/product"}],"replies":[{"embeddable":true,"href":"https:\/\/cloudsupplyvapes.com\/fr\/wp-json\/wp\/v2\/comments?post=4181"}],"wp:featuredmedia":[{"embeddable":true,"href":"https:\/\/cloudsupplyvapes.com\/fr\/wp-json\/wp\/v2\/media\/4501"}],"wp:attachment":[{"href":"https:\/\/cloudsupplyvapes.com\/fr\/wp-json\/wp\/v2\/media?parent=4181"}],"wp:term":[{"taxonomy":"product_brand","embeddable":true,"href":"https:\/\/cloudsupplyvapes.com\/fr\/wp-json\/wp\/v2\/product_brand?post=4181"},{"taxonomy":"product_cat","embeddable":true,"href":"https:\/\/cloudsupplyvapes.com\/fr\/wp-json\/wp\/v2\/product_cat?post=4181"},{"taxonomy":"product_tag","embeddable":true,"href":"https:\/\/cloudsupplyvapes.com\/fr\/wp-json\/wp\/v2\/product_tag?post=4181"}],"curies":[{"name":"wp","href":"https:\/\/api.w.org\/{rel}","templated":true}]}}