{"id":4182,"date":"2024-10-19T02:36:28","date_gmt":"2024-10-19T02:36:28","guid":{"rendered":"https:\/\/cloudsupplyvapes.com\/?post_type=product&#038;p=4182"},"modified":"2024-11-26T06:36:24","modified_gmt":"2024-11-26T06:36:24","slug":"-131","status":"publish","type":"product","link":"https:\/\/cloudsupplyvapes.com\/fr\/product\/geek-bar-s3000-3000-puffs-rechargeable-disposable-vape-wholesale\/","title":{"rendered":"GEEK BAR S3000 3000 bouff\u00e9es rechargeables Vape jetable en gros Compact Fast Charging Design"},"content":{"rendered":"<h2>GEEK BAR S3000 \u00e0 usage unique<\/h2>\n<ul class=\"top\">\n<li style=\"list-style-type: none;\">\n<ul class=\"top\">\n<li>Marque : GEEK BAR<\/li>\n<li>Unit\u00e9 : ensemble<\/li>\n<li>Type : Vape jetable<\/li>\n<li>Poids net : 60(g)<\/li>\n<\/ul>\n<\/li>\n<\/ul>\n<p>Les frais d'exp\u00e9dition combin\u00e9s seront calcul\u00e9s automatiquement par le syst\u00e8me une fois que vous aurez choisi la destination d'exp\u00e9dition \u00e0 l'\u00e9tape de la commande.<\/p>\n<div class=\"title\">GEEK BAR S3000 \u00e0 usage unique INTRODUCTION<\/div>\n<p><b>GEEK BAR S3000 \u00e0 usage unique<\/b> est un appareil exceptionnellement facile \u00e0 utiliser pour d\u00e9livrer 3000 bouff\u00e9es par unit\u00e9. Dot\u00e9 d'une capacit\u00e9 d'e-juice pr\u00e9-rempli de 7,5 ml et abritant une incroyable batterie int\u00e9gr\u00e9e de 1000mAh, le S3000 peut \u00e9galement \u00eatre recharg\u00e9 via un port USB Type-C. Pr\u00e9-r\u00e9gl\u00e9e pour des performances optimales, il n'y a pas besoin d'entretien. Le design activ\u00e9 par le tirage le rend direct et facile \u00e0 utiliser. Il utilise un excellent bo\u00eetier en plastique de forme strictement rectangulaire pour montrer le design de l'ensemble de l'ext\u00e9rieur sous une forme transparente, la d\u00e9coration laconique \u00e0 l'arri\u00e8re et sur le c\u00f4t\u00e9 semble audacieuse et simple.<\/p>\n<p class=\"second-title\">Caract\u00e9ristiques<\/p>\n<p>- 3000 bouff\u00e9es<\/p>\n<p>- 7.5ml E-juice pr\u00e9-rempli<\/p>\n<p>- Batterie int\u00e9gr\u00e9e de 1000mAh<\/p>\n<p>- Port USB de type C<\/p>\n<p>- Dessin activ\u00e9<\/p>\n<p>- Forme strictement rectangulaire<\/p>\n<p>- D\u00e9coration laconique<\/p>\n<div class=\"title\">GEEK BAR S3000 \u00e0 usage unique SPECIFICATION<\/div>\n<p>Puffs : 3000<\/p>\n<p>Nicotine : 5%(50mg)<\/p>\n<p>Type de nicotine : Sel de Nicotine Intensit\u00e9<\/p>\n<p>Capacit\u00e9 : 7,5 ml<\/p>\n<p>Capacit\u00e9 de la batterie : 1000mAh<\/p>\n<p>Chargeur : USB Type-C<\/p>\n<p>R\u00e9sistance : Bobine de maille<\/p>\n<p>M\u00e9canisme de mise \u00e0 feu : Activ\u00e9 par le tirage<\/p>\n<p><a href=\"https:\/\/i0.wp.com\/shop.vape.hk\/wp-content\/uploads\/2023\/10\/geek-bar-x5500-disposable_2-1.jpg?ssl=1\" target=\"_blank\" rel=\"noopener\"><img data-recalc-dims=\"1\" loading=\"lazy\" decoding=\"async\" class=\"alignnone size-full wp-image-124073\" src=\"https:\/\/i0.wp.com\/shop.vape.hk\/wp-content\/uploads\/2023\/10\/geek-bar-x5500-disposable_2-1.jpg?resize=495%2C1920&#038;ssl=1\" alt=\"GEEK BAR S3000 3000 bouff\u00e9es rechargeables jetables Vape | Wholesale\" width=\"495\" height=\"1920\" title=\"\"><\/a><\/p>","protected":false},"excerpt":{"rendered":"<p>Le GEEK BAR S3000 3000 Puffs Rechargeable Disposable Vape Wholesale se caract\u00e9rise par un design compact, un chargement rapide et un d\u00e9bit de vapeur r\u00e9gulier, ce qui le rend id\u00e9al pour le vapotage \u00e9cologique et portable.<\/p>","protected":false},"featured_media":4507,"comment_status":"open","ping_status":"closed","template":"","meta":[],"product_brand":[],"product_cat":[22],"product_tag":[],"class_list":{"0":"post-4182","1":"product","2":"type-product","3":"status-publish","4":"has-post-thumbnail","6":"product_cat-disposable-vape-sticks","8":"first","9":"instock","10":"shipping-taxable","11":"purchasable","12":"product-type-simple"},"jetpack_sharing_enabled":true,"tiered_pricing_type":"fixed","tiered_pricing_fixed_rules":{"1000":4,"10000":3.5,"50000":3},"tiered_pricing_product_settings":{"layout":"default","base_unit_name":{"singular":null,"plural":null},"default_variation":null},"tiered_pricing_minimum_quantity":100,"tiered_pricing_roles_data":[],"tiered_pricing_percentage_rules":[],"tiered_pricing_maximum_quantity":null,"tiered_pricing_quantity_step":null,"_links":{"self":[{"href":"https:\/\/cloudsupplyvapes.com\/fr\/wp-json\/wp\/v2\/product\/4182","targetHints":{"allow":["GET"]}}],"collection":[{"href":"https:\/\/cloudsupplyvapes.com\/fr\/wp-json\/wp\/v2\/product"}],"about":[{"href":"https:\/\/cloudsupplyvapes.com\/fr\/wp-json\/wp\/v2\/types\/product"}],"replies":[{"embeddable":true,"href":"https:\/\/cloudsupplyvapes.com\/fr\/wp-json\/wp\/v2\/comments?post=4182"}],"wp:featuredmedia":[{"embeddable":true,"href":"https:\/\/cloudsupplyvapes.com\/fr\/wp-json\/wp\/v2\/media\/4507"}],"wp:attachment":[{"href":"https:\/\/cloudsupplyvapes.com\/fr\/wp-json\/wp\/v2\/media?parent=4182"}],"wp:term":[{"taxonomy":"product_brand","embeddable":true,"href":"https:\/\/cloudsupplyvapes.com\/fr\/wp-json\/wp\/v2\/product_brand?post=4182"},{"taxonomy":"product_cat","embeddable":true,"href":"https:\/\/cloudsupplyvapes.com\/fr\/wp-json\/wp\/v2\/product_cat?post=4182"},{"taxonomy":"product_tag","embeddable":true,"href":"https:\/\/cloudsupplyvapes.com\/fr\/wp-json\/wp\/v2\/product_tag?post=4182"}],"curies":[{"name":"wp","href":"https:\/\/api.w.org\/{rel}","templated":true}]}}