{"id":4184,"date":"2024-10-19T02:36:29","date_gmt":"2024-10-19T02:36:29","guid":{"rendered":"https:\/\/cloudsupplyvapes.com\/?post_type=product&#038;p=4184"},"modified":"2024-11-26T06:36:02","modified_gmt":"2024-11-26T06:36:02","slug":"-133","status":"publish","type":"product","link":"https:\/\/cloudsupplyvapes.com\/fr\/product\/kangvape-onee-stick-2100-puffs-disposable-vape-wholesale\/","title":{"rendered":"KangVape Onee Stick 2100 bouff\u00e9es Vape jetable en gros D\u00e9butant Convivial Utilisation sans souci"},"content":{"rendered":"<h2>KangVape Onee Stick 2100 jetable<\/h2>\n<ul class=\"top\">\n<li style=\"list-style-type: none;\">\n<ul class=\"top\">\n<li>Marque : KangVape<\/li>\n<li>Unit\u00e9 : ensemble<\/li>\n<li>Type : Vape jetable<\/li>\n<li>Poids net : 65(g)<\/li>\n<\/ul>\n<\/li>\n<\/ul>\n<p>Les frais d'exp\u00e9dition combin\u00e9s seront calcul\u00e9s automatiquement par le syst\u00e8me une fois que vous aurez choisi la destination d'exp\u00e9dition \u00e0 l'\u00e9tape de la commande.<\/p>\n<div class=\"title\">KangVape Onee Stick 2100 jetable INTRODUCTION<\/div>\n<p><b>KangVape Onee Stick 2100 jetable<\/b> Il est con\u00e7u pour ne pas n\u00e9cessiter d'entretien, de charge ou de remplissage, et vous permet de tirer une bouff\u00e9e lorsque vous avez termin\u00e9. Il contient une gigantesque batterie interne de 1100mAh pour supporter jusqu'\u00e0 2100 bouff\u00e9es par unit\u00e9. Gr\u00e2ce \u00e0 sa nicotine synth\u00e9tique 5% et \u00e0 sa capacit\u00e9 de 8ml de jus de vape, il est s\u00fbr de satisfaire vos go\u00fbts gr\u00e2ce \u00e0 sa grande vari\u00e9t\u00e9 de saveurs. Il vous permet \u00e9galement de v\u00e9rifier votre e-juice gr\u00e2ce \u00e0 son design transparent. En \u00e9liminant tout bouton, tout ce que vous avez \u00e0 faire est de vaper directement via l'embout buccal. Petit mais l\u00e9ger, il tire parti de son e-juice pr\u00e9-rempli de premi\u00e8re qualit\u00e9 pour maximiser votre exp\u00e9rience de vapotage.<\/p>\n<p class=\"second-title\">Caract\u00e9ristiques<\/p>\n<p>- Ne n\u00e9cessite pas d'entretien, de charge ou de remplissage<\/p>\n<p>- S'\u00e9limine par bouff\u00e9es une fois termin\u00e9<\/p>\n<p>- Batterie interne 1100mAh<\/p>\n<p>- Jusqu'\u00e0 2100 bouff\u00e9es par unit\u00e9<\/p>\n<p>- 5% Nicotine synth\u00e9tique<\/p>\n<p>- Capacit\u00e9 de 8ml de Vape Juice<\/p>\n<p>- V\u00e9rifiez votre E-juice<\/p>\n<p>- M\u00e9canisme de remplissage activ\u00e9 par le dessin<\/p>\n<div class=\"title\">KangVape Onee Stick 2100 jetable SPECIFICATION<\/div>\n<p>Batterie : Batterie int\u00e9gr\u00e9e de 1100mAh<\/p>\n<p>Capacit\u00e9 E-liquide : 8ml de jus pr\u00e9-rempli<\/p>\n<p>Bouff\u00e9es : 2100 bouff\u00e9es<\/p>\n<p>Teneur en nicotine : 5%(50mg) Nicotine synth\u00e9tique<\/p>\n<p>&nbsp;<\/p>","protected":false},"excerpt":{"rendered":"<p>KangVape Onee Stick 2100 Puffs Disposable Vape Wholesale est adapt\u00e9 aux d\u00e9butants et ne pose aucun probl\u00e8me. Il offre une diffusion de vapeur r\u00e9guli\u00e8re et un design l\u00e9ger pour une utilisation sans effort.<\/p>","protected":false},"featured_media":4534,"comment_status":"open","ping_status":"closed","template":"","meta":[],"product_brand":[],"product_cat":[22],"product_tag":[],"class_list":{"0":"post-4184","1":"product","2":"type-product","3":"status-publish","4":"has-post-thumbnail","6":"product_cat-disposable-vape-sticks","8":"first","9":"instock","10":"shipping-taxable","11":"purchasable","12":"product-type-simple"},"jetpack_sharing_enabled":true,"tiered_pricing_type":"fixed","tiered_pricing_fixed_rules":{"1000":10,"10000":9,"50000":8},"tiered_pricing_product_settings":{"layout":"default","base_unit_name":{"singular":null,"plural":null},"default_variation":null},"tiered_pricing_minimum_quantity":100,"tiered_pricing_roles_data":[],"tiered_pricing_percentage_rules":[],"tiered_pricing_maximum_quantity":null,"tiered_pricing_quantity_step":null,"_links":{"self":[{"href":"https:\/\/cloudsupplyvapes.com\/fr\/wp-json\/wp\/v2\/product\/4184","targetHints":{"allow":["GET"]}}],"collection":[{"href":"https:\/\/cloudsupplyvapes.com\/fr\/wp-json\/wp\/v2\/product"}],"about":[{"href":"https:\/\/cloudsupplyvapes.com\/fr\/wp-json\/wp\/v2\/types\/product"}],"replies":[{"embeddable":true,"href":"https:\/\/cloudsupplyvapes.com\/fr\/wp-json\/wp\/v2\/comments?post=4184"}],"wp:featuredmedia":[{"embeddable":true,"href":"https:\/\/cloudsupplyvapes.com\/fr\/wp-json\/wp\/v2\/media\/4534"}],"wp:attachment":[{"href":"https:\/\/cloudsupplyvapes.com\/fr\/wp-json\/wp\/v2\/media?parent=4184"}],"wp:term":[{"taxonomy":"product_brand","embeddable":true,"href":"https:\/\/cloudsupplyvapes.com\/fr\/wp-json\/wp\/v2\/product_brand?post=4184"},{"taxonomy":"product_cat","embeddable":true,"href":"https:\/\/cloudsupplyvapes.com\/fr\/wp-json\/wp\/v2\/product_cat?post=4184"},{"taxonomy":"product_tag","embeddable":true,"href":"https:\/\/cloudsupplyvapes.com\/fr\/wp-json\/wp\/v2\/product_tag?post=4184"}],"curies":[{"name":"wp","href":"https:\/\/api.w.org\/{rel}","templated":true}]}}