{"id":4186,"date":"2024-10-19T02:36:29","date_gmt":"2024-10-19T02:36:29","guid":{"rendered":"https:\/\/cloudsupplyvapes.com\/?post_type=product&#038;p=4186"},"modified":"2024-11-26T06:35:40","modified_gmt":"2024-11-26T06:35:40","slug":"-135","status":"publish","type":"product","link":"https:\/\/cloudsupplyvapes.com\/fr\/product\/kangvape-onee-stick-5000-puffs-disposable-vape-wholesale\/","title":{"rendered":"Kangvape Onee Stick 5000 Puffs Vape jetable Wholesale Leak Proof Lightweight Design"},"content":{"rendered":"<h2>Kangvape Onee Stick 5000 bouff\u00e9es jetable<\/h2>\n<ul class=\"top\">\n<li style=\"list-style-type: none;\">\n<ul class=\"top\">\n<li>Marque : KangVape<\/li>\n<li>Unit\u00e9 : ensemble<\/li>\n<li>Type : Vape jetable<\/li>\n<li>Poids net : 47 g<\/li>\n<\/ul>\n<\/li>\n<\/ul>\n<p>Les frais d'exp\u00e9dition combin\u00e9s seront calcul\u00e9s automatiquement par le syst\u00e8me une fois que vous aurez choisi la destination d'exp\u00e9dition \u00e0 l'\u00e9tape de la commande.<\/p>\n<div class=\"title\">Kangvape Onee Stick 5000 bouff\u00e9es jetable INTRODUCTION<\/div>\n<p><b>Kit jetable Kangvape Onee Stick 5000 bouff\u00e9es<\/b> est une nouveaut\u00e9 de KangVape. Sa grande capacit\u00e9 de 18,5 ml de e-liquide produit une quantit\u00e9 importante de vapeur, et la sensation de vapotage est consid\u00e9rablement augment\u00e9e par sa teneur en nicotine, ce qui permet aux d\u00e9butants comme aux experts de vapoter pendant des semaines. Cette cigarette jetable offre 5 000 bouff\u00e9es et est disponible dans une grande vari\u00e9t\u00e9 de saveurs. Quoi que la vie vous r\u00e9serve, vous pourrez profiter imm\u00e9diatement de sa saveur exceptionnelle d\u00e8s que vous l'aurez en main.<\/p>\n<p class=\"second-title\">Caract\u00e9ristiques<\/p>\n<p>\u2022 Capacit\u00e9 \u00e9norme de 18,5 ml pour le liquide \u00e0 vapoter<\/p>\n<p>\u2022 Dure 5000 bouff\u00e9es<\/p>\n<div class=\"disposables-flavor-2\">\n<div class=\"title\">Saveurs<\/div>\n<ul>\n<li>Alo\u00e8s raisin<\/li>\n<li>Pommes<\/li>\n<li>Pomme bleue Razz<\/li>\n<li>Glace aux myrtilles<\/li>\n<li>Limonade \u00e0 la cerise<\/li>\n<li>Menthe fra\u00eeche<\/li>\n<li>Boisson \u00e9nerg\u00e9tique<\/li>\n<li>Glace \u00e0 la goyave<\/li>\n<li>Punch au miel<\/li>\n<li>Glace luxuriante<\/li>\n<li>Glace au melon<\/li>\n<li>Fruit de la passion<\/li>\n<li>Barbe \u00e0 papa \u00e0 la poire<\/li>\n<li>Limonade rose<\/li>\n<li>Bonbons arc-en-ciel<\/li>\n<li>Glace \u00e0 la pomme acide<\/li>\n<li>Menthe verte<\/li>\n<li>Fraise<\/li>\n<li>Fraise Mangue<\/li>\n<li>Ourson d\u00e9licieux<\/li>\n<li>Blue Razz Ice (NOUVEAU)<\/li>\n<\/ul>\n<\/div>","protected":false},"excerpt":{"rendered":"<p>Le Kangvape Onee Stick 5000 Puffs Disposable Vape Wholesale se caract\u00e9rise par une conception \u00e9tanche, une construction l\u00e9g\u00e8re et un d\u00e9bit de vapeur constant pour une exp\u00e9rience de vapotage sans tracas et durable.<\/p>","protected":false},"featured_media":4558,"comment_status":"open","ping_status":"closed","template":"","meta":[],"product_brand":[],"product_cat":[22],"product_tag":[],"class_list":{"0":"post-4186","1":"product","2":"type-product","3":"status-publish","4":"has-post-thumbnail","6":"product_cat-disposable-vape-sticks","8":"first","9":"instock","10":"shipping-taxable","11":"purchasable","12":"product-type-simple"},"jetpack_sharing_enabled":true,"tiered_pricing_type":"fixed","tiered_pricing_fixed_rules":[],"tiered_pricing_product_settings":{"layout":"default","base_unit_name":{"singular":null,"plural":null},"default_variation":null},"tiered_pricing_minimum_quantity":100,"tiered_pricing_roles_data":[],"tiered_pricing_percentage_rules":[],"tiered_pricing_maximum_quantity":null,"tiered_pricing_quantity_step":null,"_links":{"self":[{"href":"https:\/\/cloudsupplyvapes.com\/fr\/wp-json\/wp\/v2\/product\/4186","targetHints":{"allow":["GET"]}}],"collection":[{"href":"https:\/\/cloudsupplyvapes.com\/fr\/wp-json\/wp\/v2\/product"}],"about":[{"href":"https:\/\/cloudsupplyvapes.com\/fr\/wp-json\/wp\/v2\/types\/product"}],"replies":[{"embeddable":true,"href":"https:\/\/cloudsupplyvapes.com\/fr\/wp-json\/wp\/v2\/comments?post=4186"}],"wp:featuredmedia":[{"embeddable":true,"href":"https:\/\/cloudsupplyvapes.com\/fr\/wp-json\/wp\/v2\/media\/4558"}],"wp:attachment":[{"href":"https:\/\/cloudsupplyvapes.com\/fr\/wp-json\/wp\/v2\/media?parent=4186"}],"wp:term":[{"taxonomy":"product_brand","embeddable":true,"href":"https:\/\/cloudsupplyvapes.com\/fr\/wp-json\/wp\/v2\/product_brand?post=4186"},{"taxonomy":"product_cat","embeddable":true,"href":"https:\/\/cloudsupplyvapes.com\/fr\/wp-json\/wp\/v2\/product_cat?post=4186"},{"taxonomy":"product_tag","embeddable":true,"href":"https:\/\/cloudsupplyvapes.com\/fr\/wp-json\/wp\/v2\/product_tag?post=4186"}],"curies":[{"name":"wp","href":"https:\/\/api.w.org\/{rel}","templated":true}]}}