{"id":4187,"date":"2024-10-19T02:36:29","date_gmt":"2024-10-19T02:36:29","guid":{"rendered":"https:\/\/cloudsupplyvapes.com\/?post_type=product&#038;p=4187"},"modified":"2024-11-26T06:35:28","modified_gmt":"2024-11-26T06:35:28","slug":"-136","status":"publish","type":"product","link":"https:\/\/cloudsupplyvapes.com\/fr\/product\/kangvape-onee-max-6500-puffs-disposable-vape-wholesale\/","title":{"rendered":"KangVape Onee Max 6500 bouff\u00e9es Vape jetable en gros Portable Vapeur douce Performance"},"content":{"rendered":"<div class=\"value-content\">\n<div data-content-type=\"row\" data-appearance=\"contained\" data-element=\"main\">\n<div data-enable-parallax=\"0\" data-parallax-speed=\"0.5\" data-background-images=\"{}\" data-background-type=\"image\" data-video-loop=\"true\" data-video-play-only-visible=\"true\" data-video-lazy-load=\"true\" data-video-fallback-src=\"\" data-element=\"inner\" data-pb-style=\"A024SBX\">\n<div data-content-type=\"text\" data-appearance=\"default\" data-element=\"main\">\n<p><strong>Saveurs :<\/strong><br \/>\nSecousses bleues<br \/>\nTh\u00e9 \u00e0 bulles<br \/>\nDouble Popsicles jaunes<br \/>\nBanane au beurre congel\u00e9e<br \/>\nBleu arctique Razz<br \/>\nCanneberges et raisins surgel\u00e9s<br \/>\nFruit\u00e9 cr\u00e9meux \u00e0 la vanille<br \/>\nArctique Divin<br \/>\nFruits m\u00e9lang\u00e9s surgel\u00e9s<br \/>\nChewy Gum Freeze<br \/>\nGlace luxuriante de l'Arctique<br \/>\nMenthol<br \/>\nGel de la passion<br \/>\nGel de l'arc-en-ciel<br \/>\nPomme verte surgel\u00e9e<br \/>\nFro-Yo<br \/>\nD\u00e9lice de fraises<br \/>\nM\u00e9lange de fruits tropicaux<\/p>\n<p>D\u00e9couvrez le Kangvape Onee MAX 6500 jetable, offrant environ 6500 bouff\u00e9es, un taux de nicotine de 5%, et est pr\u00e9-rempli de 22mL de sels de nicotine.<\/p>\n<p><strong>Kangvape Onee MAX 6500 Disposable Features :<\/strong><br \/>\nCapacit\u00e9 : 22mL<br \/>\nBatterie : interne 650mAh<br \/>\nTeneur en nicotine : 5% ou 50mg<br \/>\nPuffs : 6500<br \/>\nM\u00e9canisme de mise \u00e0 feu activ\u00e9 par le tirage<br \/>\n\u00c9l\u00e9ment chauffant : Serpentin en maille<br \/>\nChargement : Port de type C<\/p>\n<\/div>\n<\/div>\n<\/div>\n<\/div>","protected":false},"excerpt":{"rendered":"<p>Le KangVape Onee Max 6500 Puffs Disposable Vape Wholesale offre une commodit\u00e9 portable, une production de vapeur douce et un design \u00e9l\u00e9gant pour un vapotage fiable en d\u00e9placement.<\/p>","protected":false},"featured_media":4568,"comment_status":"open","ping_status":"closed","template":"","meta":[],"product_brand":[],"product_cat":[22],"product_tag":[],"class_list":{"0":"post-4187","1":"product","2":"type-product","3":"status-publish","4":"has-post-thumbnail","6":"product_cat-disposable-vape-sticks","8":"first","9":"instock","10":"shipping-taxable","11":"purchasable","12":"product-type-simple"},"jetpack_sharing_enabled":true,"tiered_pricing_type":"fixed","tiered_pricing_fixed_rules":{"1000":14,"10000":13,"50000":12},"tiered_pricing_product_settings":{"layout":"default","base_unit_name":{"singular":null,"plural":null},"default_variation":null},"tiered_pricing_minimum_quantity":100,"tiered_pricing_roles_data":[],"tiered_pricing_percentage_rules":[],"tiered_pricing_maximum_quantity":null,"tiered_pricing_quantity_step":null,"_links":{"self":[{"href":"https:\/\/cloudsupplyvapes.com\/fr\/wp-json\/wp\/v2\/product\/4187","targetHints":{"allow":["GET"]}}],"collection":[{"href":"https:\/\/cloudsupplyvapes.com\/fr\/wp-json\/wp\/v2\/product"}],"about":[{"href":"https:\/\/cloudsupplyvapes.com\/fr\/wp-json\/wp\/v2\/types\/product"}],"replies":[{"embeddable":true,"href":"https:\/\/cloudsupplyvapes.com\/fr\/wp-json\/wp\/v2\/comments?post=4187"}],"wp:featuredmedia":[{"embeddable":true,"href":"https:\/\/cloudsupplyvapes.com\/fr\/wp-json\/wp\/v2\/media\/4568"}],"wp:attachment":[{"href":"https:\/\/cloudsupplyvapes.com\/fr\/wp-json\/wp\/v2\/media?parent=4187"}],"wp:term":[{"taxonomy":"product_brand","embeddable":true,"href":"https:\/\/cloudsupplyvapes.com\/fr\/wp-json\/wp\/v2\/product_brand?post=4187"},{"taxonomy":"product_cat","embeddable":true,"href":"https:\/\/cloudsupplyvapes.com\/fr\/wp-json\/wp\/v2\/product_cat?post=4187"},{"taxonomy":"product_tag","embeddable":true,"href":"https:\/\/cloudsupplyvapes.com\/fr\/wp-json\/wp\/v2\/product_tag?post=4187"}],"curies":[{"name":"wp","href":"https:\/\/api.w.org\/{rel}","templated":true}]}}