{"id":4188,"date":"2024-10-19T02:36:29","date_gmt":"2024-10-19T02:36:29","guid":{"rendered":"https:\/\/cloudsupplyvapes.com\/?post_type=product&#038;p=4188"},"modified":"2024-11-26T06:35:17","modified_gmt":"2024-11-26T06:35:17","slug":"-137","status":"publish","type":"product","link":"https:\/\/cloudsupplyvapes.com\/fr\/product\/kangvape-onee-max-3500-puffs-disposable-vape-wholesale\/","title":{"rendered":"KangVape Onee Max 3500 bouff\u00e9es Vape jetable en gros Haute capacit\u00e9 Construction durable"},"content":{"rendered":"<h2>KangVape Onee Max jetable<\/h2>\n<ul class=\"top\">\n<li style=\"list-style-type: none;\">\n<ul class=\"top\">\n<li>Marque : KangVape<\/li>\n<li>Unit\u00e9 : ensemble<\/li>\n<li>Type : Vape jetable<\/li>\n<li>Poids net : 43 g<\/li>\n<\/ul>\n<\/li>\n<\/ul>\n<p>Les frais d'exp\u00e9dition combin\u00e9s seront calcul\u00e9s automatiquement par le syst\u00e8me une fois que vous aurez choisi la destination d'exp\u00e9dition \u00e0 l'\u00e9tape de la commande.<\/p>\n<div class=\"title\">KangVape Onee Max jetable INTRODUCTION<\/div>\n<p><b>KangVape Onee Max jetable<\/b> Livr\u00e9 avec 13,5 ml de e-liquide, une batterie int\u00e9gr\u00e9e puissante de 1250 mAh, il permet environ 3500 bouff\u00e9es au total. Gr\u00e2ce \u00e0 sa batterie puissante, vous n'aurez plus \u00e0 la recharger sans cesse. Chaque bouff\u00e9e est aussi savoureuse que la premi\u00e8re. 50 mg de nicotine sont ajout\u00e9s au e-liquide. La nicotine est satisfaisante sans \u00eatre irritante. Les 3 500 bouff\u00e9es de fruits frais sont excitantes. Les nouveaux vapoteurs comme les plus exp\u00e9riment\u00e9s peuvent profiter du KangVape Onee Max.<\/p>\n<p class=\"second-title\">Caract\u00e9ristiques<\/p>\n<p>\u2022 E-liquide pr\u00e9rempli de 13,5 ml<\/p>\n<p>\u2022 3500 bouff\u00e9es par kit<\/p>\n<p>\u2022 Batterie int\u00e9gr\u00e9e de 1250 mAh<\/p>\n<p>\u2022 5% Teneur en nicotine sal\u00e9e<\/p>\n<p class=\"second-title\">KangVape Onee Max 3500 bouff\u00e9es Saveurs<\/p>\n<p>Arctique Divin<br \/>\nGlace luxuriante de l'Arctique<br \/>\nApple Blue Razz Frezze<br \/>\nLimonade rose glac\u00e9e<br \/>\nMenthol<br \/>\nCr\u00e8me glac\u00e9e \u00e0 la vanille<br \/>\nD\u00e9lices de p\u00eache arctique<br \/>\nPi\u00f1a Colada glac\u00e9e<\/p>\n<p><a href=\"https:\/\/i0.wp.com\/shop.vape.hk\/wp-content\/uploads\/2023\/10\/Onee_Max_3500_1.jpg?ssl=1\" target=\"_blank\" rel=\"noopener\"><img data-recalc-dims=\"1\" loading=\"lazy\" decoding=\"async\" class=\"alignnone size-full wp-image-124152\" src=\"https:\/\/i0.wp.com\/shop.vape.hk\/wp-content\/uploads\/2023\/10\/Onee_Max_3500_1.jpg?resize=900%2C900&#038;ssl=1\" alt=\"KangVape Onee Max 3500 bouff\u00e9es Vape jetable | Vente en gros\" width=\"900\" height=\"900\" title=\"\"><\/a> <a href=\"https:\/\/i0.wp.com\/shop.vape.hk\/wp-content\/uploads\/2023\/10\/049820a5-a05d-47a1-9c64-a2d665701ca7.jpg?ssl=1\" target=\"_blank\" rel=\"noopener\"><img data-recalc-dims=\"1\" loading=\"lazy\" decoding=\"async\" class=\"alignnone size-full wp-image-124151\" src=\"https:\/\/i0.wp.com\/shop.vape.hk\/wp-content\/uploads\/2023\/10\/049820a5-a05d-47a1-9c64-a2d665701ca7.jpg?resize=1020%2C574&#038;ssl=1\" alt=\"KangVape Onee Max 3500 bouff\u00e9es Vape jetable | Vente en gros\" width=\"1020\" height=\"574\" title=\"\"><\/a><\/p>","protected":false},"excerpt":{"rendered":"<p>La cigarette \u00e9lectronique jetable KangVape Onee Max 3500 bouff\u00e9es en gros combine une grande capacit\u00e9 et une construction durable, garantissant des performances constantes et des bouff\u00e9es douces pour des sessions de vapotage prolong\u00e9es.<\/p>","protected":false},"featured_media":4573,"comment_status":"open","ping_status":"closed","template":"","meta":[],"product_brand":[],"product_cat":[22],"product_tag":[],"class_list":{"0":"post-4188","1":"product","2":"type-product","3":"status-publish","4":"has-post-thumbnail","6":"product_cat-disposable-vape-sticks","8":"first","9":"instock","10":"shipping-taxable","11":"purchasable","12":"product-type-simple"},"jetpack_sharing_enabled":true,"tiered_pricing_type":"fixed","tiered_pricing_fixed_rules":{"1000":7,"10000":6,"50000":5},"tiered_pricing_product_settings":{"layout":"default","base_unit_name":{"singular":null,"plural":null},"default_variation":null},"tiered_pricing_minimum_quantity":null,"tiered_pricing_roles_data":[],"tiered_pricing_percentage_rules":[],"tiered_pricing_maximum_quantity":null,"tiered_pricing_quantity_step":null,"_links":{"self":[{"href":"https:\/\/cloudsupplyvapes.com\/fr\/wp-json\/wp\/v2\/product\/4188","targetHints":{"allow":["GET"]}}],"collection":[{"href":"https:\/\/cloudsupplyvapes.com\/fr\/wp-json\/wp\/v2\/product"}],"about":[{"href":"https:\/\/cloudsupplyvapes.com\/fr\/wp-json\/wp\/v2\/types\/product"}],"replies":[{"embeddable":true,"href":"https:\/\/cloudsupplyvapes.com\/fr\/wp-json\/wp\/v2\/comments?post=4188"}],"wp:featuredmedia":[{"embeddable":true,"href":"https:\/\/cloudsupplyvapes.com\/fr\/wp-json\/wp\/v2\/media\/4573"}],"wp:attachment":[{"href":"https:\/\/cloudsupplyvapes.com\/fr\/wp-json\/wp\/v2\/media?parent=4188"}],"wp:term":[{"taxonomy":"product_brand","embeddable":true,"href":"https:\/\/cloudsupplyvapes.com\/fr\/wp-json\/wp\/v2\/product_brand?post=4188"},{"taxonomy":"product_cat","embeddable":true,"href":"https:\/\/cloudsupplyvapes.com\/fr\/wp-json\/wp\/v2\/product_cat?post=4188"},{"taxonomy":"product_tag","embeddable":true,"href":"https:\/\/cloudsupplyvapes.com\/fr\/wp-json\/wp\/v2\/product_tag?post=4188"}],"curies":[{"name":"wp","href":"https:\/\/api.w.org\/{rel}","templated":true}]}}