{"id":4317,"date":"2024-10-19T02:36:50","date_gmt":"2024-10-19T02:36:50","guid":{"rendered":"https:\/\/cloudsupplyvapes.com\/?post_type=product&#038;p=4317"},"modified":"2024-11-26T06:35:05","modified_gmt":"2024-11-26T06:35:05","slug":"-138","status":"publish","type":"product","link":"https:\/\/cloudsupplyvapes.com\/fr\/product\/kangvape-onee-stick-1900-puffs-disposable-vape-wholesale\/","title":{"rendered":"Kangvape Onee Stick 1900 Puffs Vape jetable Wholesale Compact Beginner Friendly Vape"},"content":{"rendered":"<h2>Kangvape Onee Stick Kit jetable<\/h2>\n<ul class=\"top\">\n<li>Marque : Kangvape<\/li>\n<li>Unit\u00e9 : ensemble<\/li>\n<li>Type : Kit de vaporisation jetable<\/li>\n<li>Poids net : 58(g)<\/li>\n<\/ul>\n<p>Les frais d'exp\u00e9dition combin\u00e9s seront calcul\u00e9s automatiquement par le syst\u00e8me une fois que vous aurez choisi la destination d'exp\u00e9dition \u00e0 l'\u00e9tape de la commande.<\/p>\n<div class=\"title\">INTRODUCTION<\/div>\n<p><b>Kangvape Onee Stick Jetable<\/b> est un dispositif de vapotage compact, pratique et facile \u00e0 utiliser, con\u00e7u pour les fumeurs \u00e0 la recherche d'une alternative aux cigarettes traditionnelles. Avec une batterie int\u00e9gr\u00e9e de 1200mAh et un e-liquide pr\u00e9-rempli de 7,0ml ou 7,5ml, l'appareil offre environ 1900 bouff\u00e9es ou 2000 bouff\u00e9es, ce qui \u00e9quivaut \u00e0 plusieurs paquets de cigarettes. L'e-liquide utilis\u00e9 dans l'appareil est compos\u00e9 de 5.0% salt nic en poids, offrant une exp\u00e9rience de vapotage douce et satisfaisante. L'appareil est dot\u00e9 d'un m\u00e9canisme de tirage, ce qui le rend facile \u00e0 utiliser puisqu'il suffit de souffler dessus pour l'activer. Il n'est pas n\u00e9cessaire de remplir, de charger ou d'entretenir l'appareil, ce qui en fait un choix id\u00e9al pour les vapoteurs occup\u00e9s et en d\u00e9placement. Le Kangvape Onee Stick est disponible en plusieurs saveurs fruit\u00e9es fra\u00eeches et est compact, l\u00e9ger et portable, ce qui le rend facile \u00e0 transporter o\u00f9 que vous alliez. Que vous soyez un fumeur \u00e0 la recherche d'une alternative pratique et satisfaisante ou un vapoteur chevronn\u00e9 \u00e0 la recherche d'une nouvelle saveur \u00e0 essayer, le Kangvape Onee Stick Disposable Vape Kit est un excellent choix.<\/p>\n<p class=\"second-title\">Caract\u00e9ristiques<\/p>\n<p>- Environ 1900 bouff\u00e9es par appareil<\/p>\n<p>- 5.0% (50MG) Sel Nic en poids<\/p>\n<p>- E-liquide pr\u00e9-rempli de 7.0ml par appareil<\/p>\n<p>- Batterie interne de 1200mAh<\/p>\n<p>- M\u00e9canisme activ\u00e9 par le dessin<\/p>\n<p>- Pr\u00e9charg\u00e9 - Il suffit de souffler sur l'appareil pour l'activer<\/p>\n<p>- Pas de remplissage, pas de chargement et pas d'entretien<\/p>\n<p>- Compact, l\u00e9ger et portable<\/p>\n<p>- Diff\u00e9rents ar\u00f4mes de fruits frais<\/p>\n<div class=\"disposables-flavor-2\">\n<div class=\"title\">Saveurs<\/div>\n<ul>\n<li>Pitchy Delight (glace \u00e0 la p\u00eache)<\/li>\n<li>Glace luxuriante<\/li>\n<li>Musky (glace \u00e0 la goyave)<\/li>\n<li>Nuage bleu (bleuet-citron)<\/li>\n<li>Glace rouge (glace \u00e0 la fraise)<\/li>\n<li>Devine (boisson \u00e9nerg\u00e9tique)<\/li>\n<li>Glace Blue Razz<\/li>\n<li>M\u00e9lange de fruits<\/li>\n<li>Vintage (glace de raisin)<\/li>\n<li>Fanta (Soda \u00e0 l'orange)<\/li>\n<li>Cr\u00e8me classique (glace \u00e0 la banane)<\/li>\n<li>Flotteur cr\u00e9meux (glace au cola)<\/li>\n<li>Glace tropicale (glace \u00e0 la mangue)<\/li>\n<li>Menthe fra\u00eeche<\/li>\n<li>Brise jaune (glace \u00e0 l'ananas)<\/li>\n<li>Meantime (Melon Ice)<\/li>\n<li>Banberry (glace fraise-banane)<\/li>\n<\/ul>\n<p><a href=\"https:\/\/i0.wp.com\/shop.vape.hk\/wp-content\/uploads\/2023\/10\/kangvape-onee-stick-disposable12.jpeg?ssl=1\" target=\"_blank\" rel=\"noopener\"><img data-recalc-dims=\"1\" loading=\"lazy\" decoding=\"async\" class=\"alignnone size-full wp-image-124154\" src=\"https:\/\/i0.wp.com\/shop.vape.hk\/wp-content\/uploads\/2023\/10\/kangvape-onee-stick-disposable12.jpeg?resize=1000%2C415&#038;ssl=1\" alt=\"\" width=\"1000\" height=\"415\" title=\"\"><\/a><\/p>\n<\/div>","protected":false},"excerpt":{"rendered":"<p>Le Kangvape Onee Stick 1900 Puffs Disposable Vape Wholesale est compact et adapt\u00e9 aux d\u00e9butants, avec un fonctionnement sans probl\u00e8me et un d\u00e9bit de vapeur constant pour une utilisation facile et agr\u00e9able.<\/p>","protected":false},"featured_media":4585,"comment_status":"open","ping_status":"closed","template":"","meta":[],"product_brand":[],"product_cat":[22],"product_tag":[],"class_list":{"0":"post-4317","1":"product","2":"type-product","3":"status-publish","4":"has-post-thumbnail","6":"product_cat-disposable-vape-sticks","8":"first","9":"instock","10":"shipping-taxable","11":"purchasable","12":"product-type-simple"},"jetpack_sharing_enabled":true,"tiered_pricing_type":"fixed","tiered_pricing_fixed_rules":{"1000":6,"10000":6,"50000":4},"tiered_pricing_product_settings":{"layout":"default","base_unit_name":{"singular":null,"plural":null},"default_variation":null},"tiered_pricing_minimum_quantity":100,"tiered_pricing_roles_data":[],"tiered_pricing_percentage_rules":[],"tiered_pricing_maximum_quantity":null,"tiered_pricing_quantity_step":null,"_links":{"self":[{"href":"https:\/\/cloudsupplyvapes.com\/fr\/wp-json\/wp\/v2\/product\/4317","targetHints":{"allow":["GET"]}}],"collection":[{"href":"https:\/\/cloudsupplyvapes.com\/fr\/wp-json\/wp\/v2\/product"}],"about":[{"href":"https:\/\/cloudsupplyvapes.com\/fr\/wp-json\/wp\/v2\/types\/product"}],"replies":[{"embeddable":true,"href":"https:\/\/cloudsupplyvapes.com\/fr\/wp-json\/wp\/v2\/comments?post=4317"}],"wp:featuredmedia":[{"embeddable":true,"href":"https:\/\/cloudsupplyvapes.com\/fr\/wp-json\/wp\/v2\/media\/4585"}],"wp:attachment":[{"href":"https:\/\/cloudsupplyvapes.com\/fr\/wp-json\/wp\/v2\/media?parent=4317"}],"wp:term":[{"taxonomy":"product_brand","embeddable":true,"href":"https:\/\/cloudsupplyvapes.com\/fr\/wp-json\/wp\/v2\/product_brand?post=4317"},{"taxonomy":"product_cat","embeddable":true,"href":"https:\/\/cloudsupplyvapes.com\/fr\/wp-json\/wp\/v2\/product_cat?post=4317"},{"taxonomy":"product_tag","embeddable":true,"href":"https:\/\/cloudsupplyvapes.com\/fr\/wp-json\/wp\/v2\/product_tag?post=4317"}],"curies":[{"name":"wp","href":"https:\/\/api.w.org\/{rel}","templated":true}]}}