{"id":4319,"date":"2024-10-19T02:36:51","date_gmt":"2024-10-19T02:36:51","guid":{"rendered":"https:\/\/cloudsupplyvapes.com\/?post_type=product&#038;p=4319"},"modified":"2024-11-26T06:32:46","modified_gmt":"2024-11-26T06:32:46","slug":"-140","status":"publish","type":"product","link":"https:\/\/cloudsupplyvapes.com\/fr\/product\/kangvape-onee-stick-5500-puffs-rechargeable-disposable-vape-wholesale\/","title":{"rendered":"Kangvape Onee Stick 5500 Puffs Rechargeable Disposable Vape Wholesale Long-Lasting Fast Charging Design"},"content":{"rendered":"<h2>Kangvape Onee Stick 5500 jetable<\/h2>\n<ul class=\"top\">\n<li style=\"list-style-type: none;\">\n<ul class=\"top\">\n<li>Marque : Kangvape<\/li>\n<li>Unit\u00e9 : ensemble<\/li>\n<li>Type : Vape jetable<\/li>\n<li>Poids net : 70(g)<\/li>\n<\/ul>\n<\/li>\n<\/ul>\n<p>Les frais d'exp\u00e9dition combin\u00e9s seront calcul\u00e9s automatiquement par le syst\u00e8me une fois que vous aurez choisi la destination d'exp\u00e9dition \u00e0 l'\u00e9tape de la commande.<\/p>\n<div class=\"title\">Kangvape Onee Stick 5500 jetable INTRODUCTION<\/div>\n<p><b>Kangvape Onee Stick 5500 jetable<\/b>\u00a0La batterie interne de 2000mAh est rechargeable, il n'y a pas de bouton d'allumage ou de r\u00e9glage compliqu\u00e9, et elle est aliment\u00e9e par une activation de l'inhalation. Elle est livr\u00e9e avec un taux de nicotine de 5%(50mg) et un mesh coil pour une exp\u00e9rience de vapotage satisfaisante. Le stylo jetable est extr\u00eamement portable et pratique, ce qui en fait un compagnon de voyage id\u00e9al.<\/p>\n<p class=\"second-title\">Caract\u00e9ristiques<\/p>\n<p>- 5500 bouff\u00e9es<\/p>\n<p>- Capacit\u00e9 de 18,5 ml<\/p>\n<p>- 5%(50mg) Teneur en nicotine<\/p>\n<p>- Batterie int\u00e9gr\u00e9e de 2000mAh<\/p>\n<p>- Rechargeable<\/p>\n<p>- Bobine de maille<\/p>\n<p>- Tirage MTL<\/p>\n<p>- Dessin activ\u00e9<\/p>\n<div class=\"title\">Kangvape Onee Stick 5500 jetable SPECIFICATION<\/div>\n<p>Bouff\u00e9es : Jusqu'\u00e0 5500<\/p>\n<p>Capacit\u00e9 de la dosette : 18.5ml<\/p>\n<p>Nicotine : 5%(50mg)<\/p>\n<p>Type de nicotine : Nic Salt<\/p>\n<p>Capacit\u00e9 de la batterie : 2000mAh<\/p>\n<p>Port de charge : USB-C<\/p>\n<p>Bobine : Bobine de maille<\/p>\n<p>M\u00e9canisme de mise \u00e0 feu : Activ\u00e9 par le tirage<\/p>\n<p>&nbsp;<\/p>\n<p>Saveurs :<\/p>\n<p>Apple Blue Razz Freeze<\/p>\n<p>Bleu arctique Razz<\/p>\n<p>Glace luxuriante de l'Arctique<\/p>\n<p>D\u00e9lice de p\u00eache arctique<\/p>\n<p>Pina Colada arctique<\/p>\n<p>Cong\u00e9lation de myrtilles<\/p>\n<p>Caf\u00e9 \u00e0 la vanille fran\u00e7aise<\/p>\n<p>Pomme verte surgel\u00e9e<\/p>\n<p>Menthol<\/p>\n<p>Lait Th\u00e9 Latte<\/p>\n<p>Gel \u00e0 la menthe<\/p>\n<p>Gel de l'oc\u00e9an rouge<\/p>\n<p>Cr\u00e8me de fraises<\/p>\n<p>Gel\u00e9e de fraises et de kiwis<\/p>\n<p>Gel \u00e0 la mandarine<\/p>\n<p>Vintage<\/p>\n<p>Tabac de Virginie<\/p>\n<p>&nbsp;<\/p>","protected":false},"excerpt":{"rendered":"<p>Le Kangvape Onee Stick 5500 Puffs Rechargeable Disposable Vape Wholesale combine une performance de longue dur\u00e9e avec une charge rapide, garantissant une exp\u00e9rience de vapotage fluide et pratique.<\/p>","protected":false},"featured_media":4615,"comment_status":"open","ping_status":"closed","template":"","meta":[],"product_brand":[],"product_cat":[22],"product_tag":[],"class_list":{"0":"post-4319","1":"product","2":"type-product","3":"status-publish","4":"has-post-thumbnail","6":"product_cat-disposable-vape-sticks","8":"first","9":"instock","10":"shipping-taxable","11":"purchasable","12":"product-type-simple"},"jetpack_sharing_enabled":true,"tiered_pricing_type":"fixed","tiered_pricing_fixed_rules":{"1000":11,"10000":10,"50000":9},"tiered_pricing_product_settings":{"layout":"default","base_unit_name":{"singular":null,"plural":null},"default_variation":null},"tiered_pricing_minimum_quantity":100,"tiered_pricing_roles_data":[],"tiered_pricing_percentage_rules":[],"tiered_pricing_maximum_quantity":null,"tiered_pricing_quantity_step":null,"_links":{"self":[{"href":"https:\/\/cloudsupplyvapes.com\/fr\/wp-json\/wp\/v2\/product\/4319","targetHints":{"allow":["GET"]}}],"collection":[{"href":"https:\/\/cloudsupplyvapes.com\/fr\/wp-json\/wp\/v2\/product"}],"about":[{"href":"https:\/\/cloudsupplyvapes.com\/fr\/wp-json\/wp\/v2\/types\/product"}],"replies":[{"embeddable":true,"href":"https:\/\/cloudsupplyvapes.com\/fr\/wp-json\/wp\/v2\/comments?post=4319"}],"wp:featuredmedia":[{"embeddable":true,"href":"https:\/\/cloudsupplyvapes.com\/fr\/wp-json\/wp\/v2\/media\/4615"}],"wp:attachment":[{"href":"https:\/\/cloudsupplyvapes.com\/fr\/wp-json\/wp\/v2\/media?parent=4319"}],"wp:term":[{"taxonomy":"product_brand","embeddable":true,"href":"https:\/\/cloudsupplyvapes.com\/fr\/wp-json\/wp\/v2\/product_brand?post=4319"},{"taxonomy":"product_cat","embeddable":true,"href":"https:\/\/cloudsupplyvapes.com\/fr\/wp-json\/wp\/v2\/product_cat?post=4319"},{"taxonomy":"product_tag","embeddable":true,"href":"https:\/\/cloudsupplyvapes.com\/fr\/wp-json\/wp\/v2\/product_tag?post=4319"}],"curies":[{"name":"wp","href":"https:\/\/api.w.org\/{rel}","templated":true}]}}