{"id":4320,"date":"2024-10-19T02:36:51","date_gmt":"2024-10-19T02:36:51","guid":{"rendered":"https:\/\/cloudsupplyvapes.com\/?post_type=product&#038;p=4320"},"modified":"2024-11-26T06:32:32","modified_gmt":"2024-11-26T06:32:32","slug":"-141","status":"publish","type":"product","link":"https:\/\/cloudsupplyvapes.com\/fr\/product\/kangvape-smod-onee-max-6000-puffs-disposable-vape-wholesale\/","title":{"rendered":"Kangvape Smod Onee Max 6000 bouff\u00e9es Vape jetable en gros Vape portable l\u00e9ger Design"},"content":{"rendered":"<h2>Kangvape Smod Onee Max\u00a0Disposable<\/h2>\n<ul class=\"top\">\n<li style=\"list-style-type: none;\">\n<ul class=\"top\">\n<li>Marque : Kangvape<\/li>\n<li>Unit\u00e9 : ensemble<\/li>\n<li>Type : Vape jetable<\/li>\n<li>Net Weight: 75(g)<\/li>\n<\/ul>\n<\/li>\n<\/ul>\n<p>Les frais d'exp\u00e9dition combin\u00e9s seront calcul\u00e9s automatiquement par le syst\u00e8me une fois que vous aurez choisi la destination d'exp\u00e9dition \u00e0 l'\u00e9tape de la commande.<\/p>\n<div class=\"title\">Kangvape Smod Onee Max Disposable INTRODUCTION<\/div>\n<p><b>Kangvape Smod Onee Max Disposable<\/b> boasts an extraordinary artificial stereoscopic size design, featuring a special skid-resistant area for grabbing, more comfortable, and ergonomic. The indicator light at the bottom can intelligently identify the status of vaping. It is pre-filled, and pre-charged, and is more convenient to toss it when finished. Creating a magical experience for its ultra-large 19.9ml vape juice capacity with 5% nicotine strength. Each disposable allows you to continue enjoying the flavor with about 6000 puffs, don&#8217;t worry about its durability, it houses a monstrous 2000mAh internal battery. The transparent one-piece cigarette holder cover is more environmentally friendly and healthier to enhance your vaping experience.<\/p>\n<p class=\"second-title\">Caract\u00e9ristiques<\/p>\n<p>\u2022 19.9ml Vape Juice Capacity<\/p>\n<p>- 5% Intensit\u00e9 de la nicotine<\/p>\n<p>\u2022 6000 Puffs Each Device<\/p>\n<p>- Batterie interne 2000mAh<\/p>\n<div class=\"title\">Kangvape Smod Onee Max Disposable SPECIFICATION<\/div>\n<p>Bouff\u00e9es : 6000<\/p>\n<p>Capacity: 19.9ml<\/p>\n<p>Capacit\u00e9 de la batterie : 2000mAh<\/p>\n<p>Nicotine sal\u00e9e : 5%<\/p>\n<p><a href=\"https:\/\/i0.wp.com\/shop.vape.hk\/wp-content\/uploads\/2023\/10\/kangvape-smod-onee-max-6000.jpg?ssl=1\" target=\"_blank\" rel=\"noopener\"><img data-recalc-dims=\"1\" loading=\"lazy\" decoding=\"async\" class=\"alignnone size-full wp-image-124204\" src=\"https:\/\/i0.wp.com\/shop.vape.hk\/wp-content\/uploads\/2023\/10\/kangvape-smod-onee-max-6000.jpg?resize=1020%2C671&#038;ssl=1\" alt=\"Kangvape Smod Onee Max 6000 Puffs Disposable Vape | Wholesale\" width=\"1020\" height=\"671\" title=\"\"><\/a> <a href=\"https:\/\/i0.wp.com\/shop.vape.hk\/wp-content\/uploads\/2023\/10\/kangvape-smod-onee-max-color.jpg?ssl=1\" target=\"_blank\" rel=\"noopener\"><img data-recalc-dims=\"1\" loading=\"lazy\" decoding=\"async\" class=\"alignnone size-full wp-image-124203\" src=\"https:\/\/i0.wp.com\/shop.vape.hk\/wp-content\/uploads\/2023\/10\/kangvape-smod-onee-max-color.jpg?resize=1020%2C1012&#038;ssl=1\" alt=\"Kangvape Smod Onee Max 6000 Puffs Disposable Vape | Wholesale\" width=\"1020\" height=\"1012\" title=\"\"><\/a> <a href=\"https:\/\/i0.wp.com\/shop.vape.hk\/wp-content\/uploads\/2023\/10\/Screenshot2022-02-07124608-1100x1100h_2048x2048.png?ssl=1\" target=\"_blank\" rel=\"noopener\"><img data-recalc-dims=\"1\" loading=\"lazy\" decoding=\"async\" class=\"alignnone size-full wp-image-124202\" src=\"https:\/\/i0.wp.com\/shop.vape.hk\/wp-content\/uploads\/2023\/10\/Screenshot2022-02-07124608-1100x1100h_2048x2048.png?resize=1020%2C1020&#038;ssl=1\" alt=\"\" width=\"1020\" height=\"1020\" title=\"\"><\/a><\/p>","protected":false},"excerpt":{"rendered":"<p>The Kangvape Smod Onee Max 6000 Puffs Disposable Vape Wholesale offers a lightweight, portable design and smooth vapor delivery, ideal for hassle-free vaping sessions.<\/p>","protected":false},"featured_media":4626,"comment_status":"open","ping_status":"closed","template":"","meta":[],"product_brand":[],"product_cat":[22],"product_tag":[],"class_list":{"0":"post-4320","1":"product","2":"type-product","3":"status-publish","4":"has-post-thumbnail","6":"product_cat-disposable-vape-sticks","8":"first","9":"instock","10":"shipping-taxable","11":"purchasable","12":"product-type-simple"},"jetpack_sharing_enabled":true,"tiered_pricing_type":"fixed","tiered_pricing_fixed_rules":{"1000":14,"10000":13,"50000":12},"tiered_pricing_product_settings":{"layout":"default","base_unit_name":{"singular":null,"plural":null},"default_variation":null},"tiered_pricing_minimum_quantity":100,"tiered_pricing_roles_data":[],"tiered_pricing_percentage_rules":[],"tiered_pricing_maximum_quantity":null,"tiered_pricing_quantity_step":null,"_links":{"self":[{"href":"https:\/\/cloudsupplyvapes.com\/fr\/wp-json\/wp\/v2\/product\/4320","targetHints":{"allow":["GET"]}}],"collection":[{"href":"https:\/\/cloudsupplyvapes.com\/fr\/wp-json\/wp\/v2\/product"}],"about":[{"href":"https:\/\/cloudsupplyvapes.com\/fr\/wp-json\/wp\/v2\/types\/product"}],"replies":[{"embeddable":true,"href":"https:\/\/cloudsupplyvapes.com\/fr\/wp-json\/wp\/v2\/comments?post=4320"}],"wp:featuredmedia":[{"embeddable":true,"href":"https:\/\/cloudsupplyvapes.com\/fr\/wp-json\/wp\/v2\/media\/4626"}],"wp:attachment":[{"href":"https:\/\/cloudsupplyvapes.com\/fr\/wp-json\/wp\/v2\/media?parent=4320"}],"wp:term":[{"taxonomy":"product_brand","embeddable":true,"href":"https:\/\/cloudsupplyvapes.com\/fr\/wp-json\/wp\/v2\/product_brand?post=4320"},{"taxonomy":"product_cat","embeddable":true,"href":"https:\/\/cloudsupplyvapes.com\/fr\/wp-json\/wp\/v2\/product_cat?post=4320"},{"taxonomy":"product_tag","embeddable":true,"href":"https:\/\/cloudsupplyvapes.com\/fr\/wp-json\/wp\/v2\/product_tag?post=4320"}],"curies":[{"name":"wp","href":"https:\/\/api.w.org\/{rel}","templated":true}]}}