{"id":4321,"date":"2024-10-19T02:36:51","date_gmt":"2024-10-19T02:36:51","guid":{"rendered":"https:\/\/cloudsupplyvapes.com\/?post_type=product&#038;p=4321"},"modified":"2024-11-26T06:32:19","modified_gmt":"2024-11-26T06:32:19","slug":"-142","status":"publish","type":"product","link":"https:\/\/cloudsupplyvapes.com\/fr\/product\/ebdesign-pi9000-puffs-disposable-vape-wholesale\/","title":{"rendered":"EBDESIGN Pi9000 Puffs Disposable Vape Wholesale High Capacity Adjustable Airflow Design"},"content":{"rendered":"<h2>EBDESIGN Pi9000 Vape jetable<\/h2>\n<ul class=\"top\">\n<li style=\"list-style-type: none;\">\n<ul class=\"top\">\n<li>Marque :\u00a0<b>EBDESIGN<\/b><\/li>\n<li>Unit\u00e9 : ensemble<\/li>\n<li>Type :\u00a0<b>Vape \u00e0 usage unique<\/b><\/li>\n<li>Poids net : 90(g)<\/li>\n<\/ul>\n<\/li>\n<\/ul>\n<p>Les frais d'exp\u00e9dition combin\u00e9s seront calcul\u00e9s automatiquement par le syst\u00e8me une fois que vous aurez choisi la destination d'exp\u00e9dition \u00e0 l'\u00e9tape de la commande.<\/p>\n<div class=\"title\">EBDESIGN Pi9000 Vape jetable INTRODUCTION<\/div>\n<p><b>EBDESIGN Pi9000 Vape jetable<\/b> est livr\u00e9 avec 19ml de jus de vape pr\u00e9-rempli, une puissante batterie rechargeable de 650mAh, et un mesh coil, et peut offrir jusqu'\u00e0 9000 bouff\u00e9es au total. Avec sa forme de petit oreiller, EBDESIGN Pi9000 garantit que chaque bouff\u00e9e est douce et r\u00e9guli\u00e8re. Vous pouvez profiter de fortes bouff\u00e9es de nicotine gr\u00e2ce aux 50 mg de nicotine contenus dans le jus de vape. De plus, deux voyants lumineux sont \u00e0 votre disposition. Vous pouvez facilement v\u00e9rifier l'autonomie de la batterie ainsi que le niveau de liquide. EBDESIGN Pi9000 est votre meilleur choix pour le vapotage quotidien.<\/p>\n<p class=\"second-title\">Caract\u00e9ristiques<\/p>\n<p>- 19ml Vape Juice pr\u00e9-rempli<\/p>\n<p>- 5%(50mg) Nic Salt<\/p>\n<p>- Batterie rechargeable 650mAh<\/p>\n<p>- Port USB-C<\/p>\n<p>- Environ 9000 bouff\u00e9es<\/p>\n<p>- Bobine de maille<\/p>\n<p>- Dessin activ\u00e9<\/p>\n<p>- Indicateurs de liquide et de batterie<\/p>","protected":false},"excerpt":{"rendered":"<p>EBDESIGN Pi9000 Puffs Disposable Vape Wholesale est dot\u00e9 d'une grande capacit\u00e9, d'un flux d'air r\u00e9glable et d'un d\u00e9bit de vapeur constant, offrant ainsi une exp\u00e9rience de vapotage personnalisable et de qualit\u00e9 sup\u00e9rieure.<\/p>","protected":false},"featured_media":4633,"comment_status":"open","ping_status":"closed","template":"","meta":[],"product_brand":[],"product_cat":[22],"product_tag":[],"class_list":{"0":"post-4321","1":"product","2":"type-product","3":"status-publish","4":"has-post-thumbnail","6":"product_cat-disposable-vape-sticks","8":"first","9":"instock","10":"shipping-taxable","11":"purchasable","12":"product-type-simple"},"jetpack_sharing_enabled":true,"tiered_pricing_type":"fixed","tiered_pricing_fixed_rules":{"1000":19,"10000":17,"50000":15},"tiered_pricing_product_settings":{"layout":"default","base_unit_name":{"singular":null,"plural":null},"default_variation":null},"tiered_pricing_minimum_quantity":103,"tiered_pricing_roles_data":[],"tiered_pricing_percentage_rules":[],"tiered_pricing_maximum_quantity":null,"tiered_pricing_quantity_step":null,"_links":{"self":[{"href":"https:\/\/cloudsupplyvapes.com\/fr\/wp-json\/wp\/v2\/product\/4321","targetHints":{"allow":["GET"]}}],"collection":[{"href":"https:\/\/cloudsupplyvapes.com\/fr\/wp-json\/wp\/v2\/product"}],"about":[{"href":"https:\/\/cloudsupplyvapes.com\/fr\/wp-json\/wp\/v2\/types\/product"}],"replies":[{"embeddable":true,"href":"https:\/\/cloudsupplyvapes.com\/fr\/wp-json\/wp\/v2\/comments?post=4321"}],"wp:featuredmedia":[{"embeddable":true,"href":"https:\/\/cloudsupplyvapes.com\/fr\/wp-json\/wp\/v2\/media\/4633"}],"wp:attachment":[{"href":"https:\/\/cloudsupplyvapes.com\/fr\/wp-json\/wp\/v2\/media?parent=4321"}],"wp:term":[{"taxonomy":"product_brand","embeddable":true,"href":"https:\/\/cloudsupplyvapes.com\/fr\/wp-json\/wp\/v2\/product_brand?post=4321"},{"taxonomy":"product_cat","embeddable":true,"href":"https:\/\/cloudsupplyvapes.com\/fr\/wp-json\/wp\/v2\/product_cat?post=4321"},{"taxonomy":"product_tag","embeddable":true,"href":"https:\/\/cloudsupplyvapes.com\/fr\/wp-json\/wp\/v2\/product_tag?post=4321"}],"curies":[{"name":"wp","href":"https:\/\/api.w.org\/{rel}","templated":true}]}}