{"id":4322,"date":"2024-10-19T02:36:51","date_gmt":"2024-10-19T02:36:51","guid":{"rendered":"https:\/\/cloudsupplyvapes.com\/?post_type=product&#038;p=4322"},"modified":"2024-11-26T06:32:08","modified_gmt":"2024-11-26T06:32:08","slug":"-143","status":"publish","type":"product","link":"https:\/\/cloudsupplyvapes.com\/fr\/product\/ebdesign-te6000-6000-puffs-disposable-vape-wholesale\/","title":{"rendered":"EBDESIGN TE6000 6000 bouff\u00e9es Vape jetable en gros Construction durable et \u00e9l\u00e9gante"},"content":{"rendered":"<h2>EBDESIGN TE6000 Disposable Vape<\/h2>\n<ul class=\"top\">\n<li>Marque :\u00a0<b>EBDESIGN<\/b><\/li>\n<li>Unit\u00e9 : ensemble<\/li>\n<li>Type :\u00a0<b>Vape \u00e0 usage unique<\/b><\/li>\n<li>Poids net : 70(g)<\/li>\n<\/ul>\n<p>Les frais d'exp\u00e9dition combin\u00e9s seront calcul\u00e9s automatiquement par le syst\u00e8me une fois que vous aurez choisi la destination d'exp\u00e9dition \u00e0 l'\u00e9tape de la commande.<\/p>\n<div class=\"title\">EBDESIGN TE6000 Disposable Vape INTRODUCTION<\/div>\n<p><b>EBDESIGN TE6000 Disposable Vape<\/b> is equipped with a 550mAh battery and pre-filled with 14ml vape juice of 50mg nicotine. TE6000 can deliver about 6000 puffs. EBDESIGN TE6000 has an indicator of vape juice and battery level. You need to recharge it for about 30 minutes when it blinks. A transparent plastic shell and colored surface bring you a visual feast. At the same time, the great taste and smooth hit ensure a good vaping experience.<\/p>\n<p class=\"second-title\">Caract\u00e9ristiques<\/p>\n<p>- 14ml Vape Juice pr\u00e9-rempli<\/p>\n<p>- Batterie rechargeable 550mAh<\/p>\n<p>- C\u00e2ble de type C<\/p>\n<p>- 5%(50mg) Nic Salt<\/p>\n<p>- Environ 6000 bouff\u00e9es<\/p>\n<p>- Bobine de maille<\/p>\n<p>- Dessin activ\u00e9<\/p>\n<p>\u2022 E-Liquid &amp; Battery Indicator<\/p>\n<div class=\"disposables-flavor-2\">\n<div class=\"title\">Saveurs<\/div>\n<ul>\n<li>Grape Honeydew<\/li>\n<li>P\u00eache Mangue Past\u00e8que<\/li>\n<li>Strawberry Juicy Peach<\/li>\n<li>Canneberge Raisin<\/li>\n<li>Glace \u00e0 la fraise<\/li>\n<li>Fraise Mangue<\/li>\n<li>Cinnamon Orange<\/li>\n<li>Taro Yam<\/li>\n<li>Durian King<\/li>\n<li>Vanilla Custard<\/li>\n<li>Cola Ice<\/li>\n<li>Banana<\/li>\n<li>Cr\u00e8me glac\u00e9e \u00e0 la vanille<\/li>\n<li>Honey Apple<\/li>\n<li>Popcorn Caramel<\/li>\n<li>Raisin Sakura<\/li>\n<li>Hazel Toffee<\/li>\n<li>Menthe fra\u00eeche<\/li>\n<li>Chocolate Brown Cookies<\/li>\n<\/ul>\n<\/div>","protected":false},"excerpt":{"rendered":"<p>The EBDESIGN TE6000 6000 Puffs Disposable Vape Wholesale offers a durable and sleek construction, ensuring smooth vapor delivery and consistent performance for extended use.<\/p>","protected":false},"featured_media":4654,"comment_status":"open","ping_status":"closed","template":"","meta":[],"product_brand":[],"product_cat":[22],"product_tag":[],"class_list":{"0":"post-4322","1":"product","2":"type-product","3":"status-publish","4":"has-post-thumbnail","6":"product_cat-disposable-vape-sticks","8":"first","9":"instock","10":"shipping-taxable","11":"purchasable","12":"product-type-simple"},"jetpack_sharing_enabled":true,"tiered_pricing_type":"fixed","tiered_pricing_fixed_rules":{"1000":14,"10000":13,"50000":11},"tiered_pricing_product_settings":{"layout":"default","base_unit_name":{"singular":null,"plural":null},"default_variation":null},"tiered_pricing_minimum_quantity":100,"tiered_pricing_roles_data":[],"tiered_pricing_percentage_rules":[],"tiered_pricing_maximum_quantity":null,"tiered_pricing_quantity_step":null,"_links":{"self":[{"href":"https:\/\/cloudsupplyvapes.com\/fr\/wp-json\/wp\/v2\/product\/4322","targetHints":{"allow":["GET"]}}],"collection":[{"href":"https:\/\/cloudsupplyvapes.com\/fr\/wp-json\/wp\/v2\/product"}],"about":[{"href":"https:\/\/cloudsupplyvapes.com\/fr\/wp-json\/wp\/v2\/types\/product"}],"replies":[{"embeddable":true,"href":"https:\/\/cloudsupplyvapes.com\/fr\/wp-json\/wp\/v2\/comments?post=4322"}],"wp:featuredmedia":[{"embeddable":true,"href":"https:\/\/cloudsupplyvapes.com\/fr\/wp-json\/wp\/v2\/media\/4654"}],"wp:attachment":[{"href":"https:\/\/cloudsupplyvapes.com\/fr\/wp-json\/wp\/v2\/media?parent=4322"}],"wp:term":[{"taxonomy":"product_brand","embeddable":true,"href":"https:\/\/cloudsupplyvapes.com\/fr\/wp-json\/wp\/v2\/product_brand?post=4322"},{"taxonomy":"product_cat","embeddable":true,"href":"https:\/\/cloudsupplyvapes.com\/fr\/wp-json\/wp\/v2\/product_cat?post=4322"},{"taxonomy":"product_tag","embeddable":true,"href":"https:\/\/cloudsupplyvapes.com\/fr\/wp-json\/wp\/v2\/product_tag?post=4322"}],"curies":[{"name":"wp","href":"https:\/\/api.w.org\/{rel}","templated":true}]}}