{"id":4323,"date":"2024-10-19T02:36:51","date_gmt":"2024-10-19T02:36:51","guid":{"rendered":"https:\/\/cloudsupplyvapes.com\/?post_type=product&#038;p=4323"},"modified":"2024-11-26T06:31:56","modified_gmt":"2024-11-26T06:31:56","slug":"-144","status":"publish","type":"product","link":"https:\/\/cloudsupplyvapes.com\/fr\/product\/ebdesign-te5000-5000-puffs-rechargeable-disposable-vape-wholesale\/","title":{"rendered":"EBDESIGN TE5000 5000 bouff\u00e9es Vape jetable rechargeable Wholesale High Quality Long-Lasting Vape"},"content":{"rendered":"<h2>EBDESIGN TE5000 Vape jetable<\/h2>\n<ul class=\"top\">\n<li style=\"list-style-type: none;\">\n<ul class=\"top\">\n<li>Marque : EBDESIGN<\/li>\n<li>Unit\u00e9 : ensemble<\/li>\n<li>Type : Vape jetable<\/li>\n<li>Poids net : 70(g)<\/li>\n<\/ul>\n<\/li>\n<\/ul>\n<p>Les frais d'exp\u00e9dition combin\u00e9s seront calcul\u00e9s automatiquement par le syst\u00e8me une fois que vous aurez choisi la destination d'exp\u00e9dition \u00e0 l'\u00e9tape de la commande.<\/p>\n<div class=\"title\">EBDESIGN TE5000 \u00e0 usage unique INTRODUCTION<\/div>\n<p><b>EBDESIGN TE5000 Vape jetable<\/b>\u00a0est livr\u00e9 avec 13,5 ml d'e-liquide pr\u00e9-rempli contenant 5% (50 mg) de nicotine. La capacit\u00e9 de la batterie est de 550mAh, et elle est rechargeable. Vous pouvez donc obtenir jusqu'\u00e0 5000 bouff\u00e9es. En outre, la bobine de ce produit est une bobine \u00e0 mailles qui peut produire une meilleure saveur et une meilleure vapeur. Le TE5000 est dot\u00e9 d'une coque ext\u00e9rieure transparente, d'un rev\u00eatement interne color\u00e9 et d'un fond m\u00e9tallique pour un attrait exceptionnel. Le m\u00e9canisme d'allumage activ\u00e9 par le tirage rend cet appareil portable. Le tirage de 5000 bouff\u00e9es et sa conception \u00e0 base de sels de nicotine peuvent r\u00e9pondre \u00e0 votre besoin de nicotine.<\/p>\n<p class=\"second-title\">Caract\u00e9ristiques<\/p>\n<p>- Conception d'une fonction de silence extr\u00eame<\/p>\n<p>- 5%(50mg) Nicotine<\/p>\n<p>- Capacit\u00e9 de 13,5 ml de jus de vapeur<\/p>\n<p>- Batterie int\u00e9gr\u00e9e rechargeable de 550mAh<\/p>\n<p>- Bobine de maille<\/p>\n<p>- 5000 bouff\u00e9es<\/p>\n<p>- Dessin activ\u00e9<\/p>\n<p>&nbsp;<\/p>\n<p><b>Saveur :<\/b><\/p>\n<p>Pomme P\u00eache<\/p>\n<p>L'\u00e9nergie<\/p>\n<p>Raisin<\/p>\n<p>P\u00eache juteuse<\/p>\n<p>Kiwi Fruit de la passion Goyave<\/p>\n<p>Ananas Mangue Orange<\/p>\n<p>Fraise et banane<\/p>\n<p>Glace \u00e0 la fraise<\/p>\n<p>Cr\u00e8me glac\u00e9e \u00e0 la fraise<\/p>\n<p>Cr\u00e8me glac\u00e9e \u00e0 la vanille<\/p>\n<p>Glace \u00e0 la past\u00e8que<\/p>\n<p>Barbe \u00e0 papa<\/p>\n<p>Glace aux myrtilles<\/p>\n<p>Limonade Blue Razz<\/p>\n<p>Glace Blue Razz<\/p>","protected":false},"excerpt":{"rendered":"<p>EBDESIGN TE5000 5000 Puffs Rechargeable Disposable Vape Wholesale combine des mat\u00e9riaux de haute qualit\u00e9, une batterie rechargeable et une production de vapeur constante pour un vapotage fiable et durable.<\/p>","protected":false},"featured_media":4667,"comment_status":"open","ping_status":"closed","template":"","meta":[],"product_brand":[],"product_cat":[22],"product_tag":[],"class_list":{"0":"post-4323","1":"product","2":"type-product","3":"status-publish","4":"has-post-thumbnail","6":"product_cat-disposable-vape-sticks","8":"first","9":"instock","10":"shipping-taxable","11":"purchasable","12":"product-type-simple"},"jetpack_sharing_enabled":true,"tiered_pricing_type":"fixed","tiered_pricing_fixed_rules":{"1000":13,"10000":12,"50000":11},"tiered_pricing_product_settings":{"layout":"default","base_unit_name":{"singular":null,"plural":null},"default_variation":null},"tiered_pricing_minimum_quantity":100,"tiered_pricing_roles_data":[],"tiered_pricing_percentage_rules":[],"tiered_pricing_maximum_quantity":null,"tiered_pricing_quantity_step":null,"_links":{"self":[{"href":"https:\/\/cloudsupplyvapes.com\/fr\/wp-json\/wp\/v2\/product\/4323","targetHints":{"allow":["GET"]}}],"collection":[{"href":"https:\/\/cloudsupplyvapes.com\/fr\/wp-json\/wp\/v2\/product"}],"about":[{"href":"https:\/\/cloudsupplyvapes.com\/fr\/wp-json\/wp\/v2\/types\/product"}],"replies":[{"embeddable":true,"href":"https:\/\/cloudsupplyvapes.com\/fr\/wp-json\/wp\/v2\/comments?post=4323"}],"wp:featuredmedia":[{"embeddable":true,"href":"https:\/\/cloudsupplyvapes.com\/fr\/wp-json\/wp\/v2\/media\/4667"}],"wp:attachment":[{"href":"https:\/\/cloudsupplyvapes.com\/fr\/wp-json\/wp\/v2\/media?parent=4323"}],"wp:term":[{"taxonomy":"product_brand","embeddable":true,"href":"https:\/\/cloudsupplyvapes.com\/fr\/wp-json\/wp\/v2\/product_brand?post=4323"},{"taxonomy":"product_cat","embeddable":true,"href":"https:\/\/cloudsupplyvapes.com\/fr\/wp-json\/wp\/v2\/product_cat?post=4323"},{"taxonomy":"product_tag","embeddable":true,"href":"https:\/\/cloudsupplyvapes.com\/fr\/wp-json\/wp\/v2\/product_tag?post=4323"}],"curies":[{"name":"wp","href":"https:\/\/api.w.org\/{rel}","templated":true}]}}