{"id":4429,"date":"2024-10-19T02:37:13","date_gmt":"2024-10-19T02:37:13","guid":{"rendered":"https:\/\/cloudsupplyvapes.com\/?post_type=product&#038;p=4429"},"modified":"2024-11-26T06:31:45","modified_gmt":"2024-11-26T06:31:45","slug":"-145","status":"publish","type":"product","link":"https:\/\/cloudsupplyvapes.com\/fr\/product\/ebdesign-xc5000-5000-puffs-disposable-vape-wholesale\/","title":{"rendered":"EBDESIGN XC5000 5000 bouff\u00e9es Vape jetable en gros Compact Lightweight Design"},"content":{"rendered":"<h2>Pod King EBDESIGN XC5000<\/h2>\n<ul class=\"top\">\n<li style=\"list-style-type: none;\">\n<ul class=\"top\">\n<li>Marque : EBDESIGN<\/li>\n<li>Unit\u00e9 : ensemble<\/li>\n<li>Type : Vape jetable<\/li>\n<li>Poids net : 70(g)<\/li>\n<\/ul>\n<\/li>\n<\/ul>\n<p>Les frais d'exp\u00e9dition combin\u00e9s seront calcul\u00e9s automatiquement par le syst\u00e8me une fois que vous aurez choisi la destination d'exp\u00e9dition \u00e0 l'\u00e9tape de la commande.<\/p>\n<div class=\"title\">Pod King EBDESIGN XC5000 INTRODUCTION<\/div>\n<p><b>Pod King EBDESIGN XC5000<\/b>\u00a0Il offre une saveur savoureuse et un bon d\u00e9bit de vapeur en utilisant un e-liquide pr\u00e9-rempli de 13,5 ml, un taux de nicotine de 5% (50 mg) et une technologie de bobine \u00e0 mailles. Ce dispositif en forme de bo\u00eete permet de tirer environ 5000 bouff\u00e9es, et gr\u00e2ce \u00e0 sa conception jetable, vous n'aurez pas \u00e0 vous soucier des br\u00fblures et des fuites. L'auto-drainage est parfait et imite le comportement du fumeur. Associ\u00e9 \u00e0 un cordon, il est pratique pour les personnes en d\u00e9placement.<\/p>\n<p class=\"second-title\">Caract\u00e9ristiques<\/p>\n<p>- 5% Nicotine<\/p>\n<p>- Capacit\u00e9 de 13,5 ml de jus de vapeur<\/p>\n<p>- Batterie rechargeable 650mAh<\/p>\n<p>- Bobine de maille<\/p>\n<p>- 5000 bouff\u00e9es<\/p>\n<p>&nbsp;<\/p>\n<p><b>Saveur :<\/b><\/p>\n<p>Boule de coton<\/p>\n<p>Gomme blanche<\/p>\n<p>Arc-en-ciel<\/p>\n<p>Red Apple<\/p>\n<p>Sundance<\/p>\n<p>Baies m\u00e9lang\u00e9es<\/p>\n<p>Blue Razz Pomo<\/p>\n<p>Pomo Blue Straw<\/p>\n<p>Bonbons \u00e0 la past\u00e8que<\/p>\n<p>Pomme fraise congel\u00e9e<\/p>\n<p>Pomme-p\u00eache congel\u00e9e<\/p>\n<p>Glace \u00e0 la mangue<\/p>\n<p>P\u00eache Mangue<\/p>\n<p>Soda aux canneberges<\/p>\n<p>Fcking Fab<\/p>\n<p>Cidre de pomme<\/p>\n<p>Bulles d'orange<\/p>\n<p>Fraise Fruit du dragon Mangue<\/p>","protected":false},"excerpt":{"rendered":"<p>Le EBDESIGN XC5000 5000 Puffs Disposable Vape Wholesale pr\u00e9sente un design compact et l\u00e9ger, offrant une vapeur douce et un fonctionnement sans probl\u00e8me pour un vapotage fiable en d\u00e9placement.<\/p>\n<p>&nbsp;<\/p>","protected":false},"featured_media":4678,"comment_status":"open","ping_status":"closed","template":"","meta":[],"product_brand":[],"product_cat":[22],"product_tag":[],"class_list":{"0":"post-4429","1":"product","2":"type-product","3":"status-publish","4":"has-post-thumbnail","6":"product_cat-disposable-vape-sticks","8":"first","9":"instock","10":"shipping-taxable","11":"purchasable","12":"product-type-simple"},"jetpack_sharing_enabled":true,"tiered_pricing_type":"fixed","tiered_pricing_fixed_rules":{"1000":14,"10000":13,"50000":11},"tiered_pricing_product_settings":{"layout":"default","base_unit_name":{"singular":null,"plural":null},"default_variation":null},"tiered_pricing_minimum_quantity":100,"tiered_pricing_roles_data":[],"tiered_pricing_percentage_rules":[],"tiered_pricing_maximum_quantity":null,"tiered_pricing_quantity_step":null,"_links":{"self":[{"href":"https:\/\/cloudsupplyvapes.com\/fr\/wp-json\/wp\/v2\/product\/4429","targetHints":{"allow":["GET"]}}],"collection":[{"href":"https:\/\/cloudsupplyvapes.com\/fr\/wp-json\/wp\/v2\/product"}],"about":[{"href":"https:\/\/cloudsupplyvapes.com\/fr\/wp-json\/wp\/v2\/types\/product"}],"replies":[{"embeddable":true,"href":"https:\/\/cloudsupplyvapes.com\/fr\/wp-json\/wp\/v2\/comments?post=4429"}],"wp:featuredmedia":[{"embeddable":true,"href":"https:\/\/cloudsupplyvapes.com\/fr\/wp-json\/wp\/v2\/media\/4678"}],"wp:attachment":[{"href":"https:\/\/cloudsupplyvapes.com\/fr\/wp-json\/wp\/v2\/media?parent=4429"}],"wp:term":[{"taxonomy":"product_brand","embeddable":true,"href":"https:\/\/cloudsupplyvapes.com\/fr\/wp-json\/wp\/v2\/product_brand?post=4429"},{"taxonomy":"product_cat","embeddable":true,"href":"https:\/\/cloudsupplyvapes.com\/fr\/wp-json\/wp\/v2\/product_cat?post=4429"},{"taxonomy":"product_tag","embeddable":true,"href":"https:\/\/cloudsupplyvapes.com\/fr\/wp-json\/wp\/v2\/product_tag?post=4429"}],"curies":[{"name":"wp","href":"https:\/\/api.w.org\/{rel}","templated":true}]}}