{"id":4430,"date":"2024-10-19T02:37:13","date_gmt":"2024-10-19T02:37:13","guid":{"rendered":"https:\/\/cloudsupplyvapes.com\/?post_type=product&#038;p=4430"},"modified":"2024-11-26T06:31:35","modified_gmt":"2024-11-26T06:31:35","slug":"-146","status":"publish","type":"product","link":"https:\/\/cloudsupplyvapes.com\/fr\/product\/ebdesign-airo-max-5000-puffs-rechargeable-disposable-vape-wholesale\/","title":{"rendered":"EBDESIGN Airo Max 5000 bouff\u00e9es Vape jetable rechargeable en gros Vape \u00e9cologique longue dur\u00e9e"},"content":{"rendered":"<h2>EBDESIGN Airo Max jetable<\/h2>\n<ul class=\"top\">\n<li style=\"list-style-type: none;\">\n<ul class=\"top\">\n<li>Marque :\u00a0<b>EBDESIGN Vape<\/b><\/li>\n<li>Unit\u00e9 : ensemble<\/li>\n<li>Type :\u00a0<b>Vape \u00e0 usage unique<\/b><\/li>\n<li>Poids net : 70(g)<\/li>\n<\/ul>\n<\/li>\n<\/ul>\n<p>Les frais d'exp\u00e9dition combin\u00e9s seront calcul\u00e9s automatiquement par le syst\u00e8me une fois que vous aurez choisi la destination d'exp\u00e9dition \u00e0 l'\u00e9tape de la commande.<\/p>\n<div class=\"title\">EBDESIGN Airo Max \u00e0 usage unique INTRODUCTION<\/div>\n<p><b>EBDESIGN Airo Max jetable<\/b> Il contient un e-liquide pr\u00e9-rempli de 13ml avec un taux de nicotine de 5%(50mg), \u00e9quip\u00e9 d'un mesh coil int\u00e9gr\u00e9, qui d\u00e9livre une saveur cors\u00e9e et dense. Aliment\u00e9 par une batterie rechargeable de 600mAh, cet appareil est dot\u00e9 d'une sensibilit\u00e9 de tirage automatique sans faille et offre une session de longue dur\u00e9e. Le rev\u00eatement \u00e0 finition polie et son design de petite bo\u00eete donnent un aspect attrayant et sont compacts avec une bonne performance de saveur, qui sert un large menu de saveurs m\u00e9lang\u00e9es \u00e0 choisir.<\/p>\n<p class=\"second-title\">Caract\u00e9ristiques<\/p>\n<p>- 5000 bouff\u00e9es<\/p>\n<p>- 13ml E-liquide pr\u00e9-rempli<\/p>\n<p>- Batterie rechargeable de 600mAh<\/p>\n<p>- 5% Intensit\u00e9 de la nicotine<\/p>\n<p>- Bobine de maille<\/p>\n<p>- Rechargeable par USB-C<\/p>\n<p>- Dessin activ\u00e9<\/p>\n<div class=\"disposables-flavor-2\">\n<div class=\"title\">Saveurs<\/div>\n<ul>\n<li>Limonade bleue<\/li>\n<li>Banane Ananas<\/li>\n<li>Canneberge Raisin<\/li>\n<li>Punch hawa\u00efen<\/li>\n<li>Limonade aux framboises et \u00e0 la p\u00eache<\/li>\n<li>P\u00eache Mangue Past\u00e8que<\/li>\n<li>Explosion de baies<\/li>\n<li>Mangue Ananas<\/li>\n<li>Glace Blue Razz<\/li>\n<li>Kiwi Fruit de la passion Goyave<\/li>\n<li>Clair<\/li>\n<li>Limonade rose<\/li>\n<li>Skit Ice<\/li>\n<li>Glace \u00e0 la fraise et au kiwi<\/li>\n<li>Raisin Sakura<\/li>\n<li>Menthe fra\u00eeche<\/li>\n<li>Glace \u00e0 la goyave<\/li>\n<li>Glace \u00e0 la past\u00e8que<\/li>\n<li>Glace de raisin<\/li>\n<li>Glace \u00e0 la past\u00e8que et au kiwi<\/li>\n<li>Root Beer<\/li>\n<li>Limonade \u00e0 la cerise<\/li>\n<li>Glace \u00e0 la p\u00eache de G\u00e9orgie<\/li>\n<li>Lot aigre<\/li>\n<li>Limonade \u00e0 l'ananas<\/li>\n<li>L'amour de la Floride<\/li>\n<\/ul>\n<\/div>","protected":false},"excerpt":{"rendered":"<p>EBDESIGN Airo Max 5000 Puffs Rechargeable Disposable Vape Wholesale offre un design rechargeable, une construction \u00e9cologique et une performance durable pour une exp\u00e9rience de vapotage efficace et agr\u00e9able.<\/p>","protected":false},"featured_media":4702,"comment_status":"open","ping_status":"closed","template":"","meta":[],"product_brand":[],"product_cat":[22],"product_tag":[],"class_list":{"0":"post-4430","1":"product","2":"type-product","3":"status-publish","4":"has-post-thumbnail","6":"product_cat-disposable-vape-sticks","8":"first","9":"instock","10":"shipping-taxable","11":"purchasable","12":"product-type-simple"},"jetpack_sharing_enabled":true,"tiered_pricing_type":"fixed","tiered_pricing_fixed_rules":{"1000":14,"10000":13,"50000":11},"tiered_pricing_product_settings":{"layout":"default","base_unit_name":{"singular":null,"plural":null},"default_variation":null},"tiered_pricing_minimum_quantity":100,"tiered_pricing_roles_data":[],"tiered_pricing_percentage_rules":[],"tiered_pricing_maximum_quantity":null,"tiered_pricing_quantity_step":null,"_links":{"self":[{"href":"https:\/\/cloudsupplyvapes.com\/fr\/wp-json\/wp\/v2\/product\/4430","targetHints":{"allow":["GET"]}}],"collection":[{"href":"https:\/\/cloudsupplyvapes.com\/fr\/wp-json\/wp\/v2\/product"}],"about":[{"href":"https:\/\/cloudsupplyvapes.com\/fr\/wp-json\/wp\/v2\/types\/product"}],"replies":[{"embeddable":true,"href":"https:\/\/cloudsupplyvapes.com\/fr\/wp-json\/wp\/v2\/comments?post=4430"}],"wp:featuredmedia":[{"embeddable":true,"href":"https:\/\/cloudsupplyvapes.com\/fr\/wp-json\/wp\/v2\/media\/4702"}],"wp:attachment":[{"href":"https:\/\/cloudsupplyvapes.com\/fr\/wp-json\/wp\/v2\/media?parent=4430"}],"wp:term":[{"taxonomy":"product_brand","embeddable":true,"href":"https:\/\/cloudsupplyvapes.com\/fr\/wp-json\/wp\/v2\/product_brand?post=4430"},{"taxonomy":"product_cat","embeddable":true,"href":"https:\/\/cloudsupplyvapes.com\/fr\/wp-json\/wp\/v2\/product_cat?post=4430"},{"taxonomy":"product_tag","embeddable":true,"href":"https:\/\/cloudsupplyvapes.com\/fr\/wp-json\/wp\/v2\/product_tag?post=4430"}],"curies":[{"name":"wp","href":"https:\/\/api.w.org\/{rel}","templated":true}]}}