{"id":4431,"date":"2024-10-19T02:37:13","date_gmt":"2024-10-19T02:37:13","guid":{"rendered":"https:\/\/cloudsupplyvapes.com\/?post_type=product&#038;p=4431"},"modified":"2024-11-26T06:31:17","modified_gmt":"2024-11-26T06:31:17","slug":"-147","status":"publish","type":"product","link":"https:\/\/cloudsupplyvapes.com\/fr\/product\/ebdesign-bc5000-5000-puffs-nicotine-free-disposable-vape-wholesale\/","title":{"rendered":"EBDESIGN BC5000 5000 bouff\u00e9es Vape jetable sans nicotine Vente en gros Exp\u00e9rience de vaporisation douce et sans souci"},"content":{"rendered":"<h2>EBDESIGN Vape sans nicotine BC5000<\/h2>\n<ul class=\"top\">\n<li style=\"list-style-type: none;\">\n<ul class=\"top\">\n<li>Marque : EBDESIGN<\/li>\n<li>Unit\u00e9 : ensemble<\/li>\n<li>Type : Vape jetable<\/li>\n<li>Poids net : 70(g)<\/li>\n<\/ul>\n<\/li>\n<\/ul>\n<p>Les frais d'exp\u00e9dition combin\u00e9s seront calcul\u00e9s automatiquement par le syst\u00e8me une fois que vous aurez choisi la destination d'exp\u00e9dition \u00e0 l'\u00e9tape de la commande.<\/p>\n<div class=\"title\">EBDESIGN Vape sans nicotine BC5000 INTRODUCTION<\/div>\n<p><b>EBDESIGN Vape sans nicotine BC5000<\/b>\u00a0est une nouvelle cigarette \u00e9lectronique jetable sans nicotine. Elle contient 13 ml de e-liquide pr\u00e9rempli, une batterie rechargeable de 650 mAh et une r\u00e9sistance mesh permettant environ 5 000 bouff\u00e9es. Avec sa jolie forme carr\u00e9e bicolore, elle se glisse parfaitement dans votre poche ou votre sac. Cette cigarette \u00e9lectronique est sans nicotine, ce qui signifie qu'elle ne contient pas de nicotine. Elle utilise \u00e0 la place un liquide aromatis\u00e9 pour produire une vapeur plus saine si vous essayez d'arr\u00eater de fumer. Elle est simple \u00e0 utiliser : il suffit de tirer une bouff\u00e9e, sans risque de br\u00fblure ou de fuite. Profitez de jusqu'\u00e0 5 000 bouff\u00e9es avec l'Elf Bar Zero.<\/p>\n<p class=\"second-title\">Caract\u00e9ristiques<\/p>\n<p>\u2022 E-liquide pr\u00e9rempli de 13 ml<\/p>\n<p>\u2022 0 mg - Sans nicotine<\/p>\n<p>- Rechargeable<\/p>\n<p>\u2022 Environ 5 000 bouff\u00e9es<\/p>\n<p>- Batterie rechargeable 650mAh<\/p>\n<p>- Flux d'air r\u00e9glable<\/p>\n<p>&nbsp;<\/p>\n<p><b>Saveur :<\/b><\/p>\n<p>Glace Blue Razz<\/p>\n<p>Fraise et banane<\/p>\n<p>Fraise Kiwi<\/p>\n<p>Fraise Mangue<\/p>\n<p>Glace \u00e0 la past\u00e8que<\/p>\n<p>P\u00eache Mangue Past\u00e8que<\/p>","protected":false},"excerpt":{"rendered":"<p>La cigarette \u00e9lectronique jetable sans nicotine EBDESIGN BC5000 5000 bouff\u00e9es en gros offre une exp\u00e9rience de vapotage fluide et sans tracas gr\u00e2ce \u00e0 sa conception l\u00e9g\u00e8re et ses performances constantes.<\/p>","protected":false},"featured_media":4716,"comment_status":"open","ping_status":"closed","template":"","meta":[],"product_brand":[],"product_cat":[22],"product_tag":[],"class_list":{"0":"post-4431","1":"product","2":"type-product","3":"status-publish","4":"has-post-thumbnail","6":"product_cat-disposable-vape-sticks","8":"first","9":"instock","10":"shipping-taxable","11":"purchasable","12":"product-type-simple"},"jetpack_sharing_enabled":true,"tiered_pricing_type":"fixed","tiered_pricing_fixed_rules":{"1000":11,"10000":10,"50000":8},"tiered_pricing_product_settings":{"layout":"default","base_unit_name":{"singular":null,"plural":null},"default_variation":null},"tiered_pricing_minimum_quantity":100,"tiered_pricing_roles_data":[],"tiered_pricing_percentage_rules":[],"tiered_pricing_maximum_quantity":null,"tiered_pricing_quantity_step":null,"_links":{"self":[{"href":"https:\/\/cloudsupplyvapes.com\/fr\/wp-json\/wp\/v2\/product\/4431","targetHints":{"allow":["GET"]}}],"collection":[{"href":"https:\/\/cloudsupplyvapes.com\/fr\/wp-json\/wp\/v2\/product"}],"about":[{"href":"https:\/\/cloudsupplyvapes.com\/fr\/wp-json\/wp\/v2\/types\/product"}],"replies":[{"embeddable":true,"href":"https:\/\/cloudsupplyvapes.com\/fr\/wp-json\/wp\/v2\/comments?post=4431"}],"wp:featuredmedia":[{"embeddable":true,"href":"https:\/\/cloudsupplyvapes.com\/fr\/wp-json\/wp\/v2\/media\/4716"}],"wp:attachment":[{"href":"https:\/\/cloudsupplyvapes.com\/fr\/wp-json\/wp\/v2\/media?parent=4431"}],"wp:term":[{"taxonomy":"product_brand","embeddable":true,"href":"https:\/\/cloudsupplyvapes.com\/fr\/wp-json\/wp\/v2\/product_brand?post=4431"},{"taxonomy":"product_cat","embeddable":true,"href":"https:\/\/cloudsupplyvapes.com\/fr\/wp-json\/wp\/v2\/product_cat?post=4431"},{"taxonomy":"product_tag","embeddable":true,"href":"https:\/\/cloudsupplyvapes.com\/fr\/wp-json\/wp\/v2\/product_tag?post=4431"}],"curies":[{"name":"wp","href":"https:\/\/api.w.org\/{rel}","templated":true}]}}