{"id":4432,"date":"2024-10-19T02:37:13","date_gmt":"2024-10-19T02:37:13","guid":{"rendered":"https:\/\/cloudsupplyvapes.com\/?post_type=product&#038;p=4432"},"modified":"2024-11-26T06:31:06","modified_gmt":"2024-11-26T06:31:06","slug":"-148","status":"publish","type":"product","link":"https:\/\/cloudsupplyvapes.com\/fr\/product\/ebdesign-bc5000-5000-puffs-disposable-vape-wholesale\/","title":{"rendered":"EBDESIGN BC5000 5000 Puffs Vape jetable en gros Durable Build High Capacity Design"},"content":{"rendered":"<h2>EBDESIGN BC5000 Vape jetable<\/h2>\n<ul class=\"top\">\n<li>Marque : EBDESIGN<\/li>\n<li>Unit\u00e9 : ensemble<\/li>\n<li>Type : Vape jetable<\/li>\n<li>Poids net : 53g<\/li>\n<\/ul>\n<p>Les frais d'exp\u00e9dition combin\u00e9s seront calcul\u00e9s automatiquement par le syst\u00e8me une fois que vous aurez choisi la destination d'exp\u00e9dition \u00e0 l'\u00e9tape de la commande.<\/p>\n<div class=\"title\">EBDESIGN BC5000 Vape jetable INTRODUCTION<\/div>\n<p><b>EBDESIGN BC5000 Vape jetable<\/b> Le BC5000 dispose de 13ml de jus de vape pr\u00e9-rempli, d'une batterie rechargeable de 650mAh, et peut satisfaire jusqu'\u00e0 5000 bouff\u00e9es. \u00c9quip\u00e9 d'une bobine \u00e0 mailles, le BC5000 fournit \u00e0 l'utilisateur une vapeur cuite de fa\u00e7on homog\u00e8ne. Chaque bouff\u00e9e est aussi bonne que la premi\u00e8re. Le jus de vape pr\u00e9-rempli a des saveurs fruit\u00e9es exotiques telles que la past\u00e8que et la menthe (ice). EBDesign BC5000 peut \u00eatre recharg\u00e9 via un port Type-C situ\u00e9 en bas. D\u00e9pourvu de boutons, le BC5000 est activ\u00e9 par le tirage. De plus, de nombreuses options de saveurs sont disponibles. Il y aura toujours une saveur qui vous conviendra.<\/p>\n<p class=\"second-title\">Caract\u00e9ristiques<\/p>\n<p>- Batterie int\u00e9gr\u00e9e de 650mAh<\/p>\n<p>- Rechargeable<\/p>\n<p>- Une alimentation \u00e9lectrique efficace et coh\u00e9rente<\/p>\n<p>- 13ml E-juice pr\u00e9-rempli<\/p>\n<p>- 4% Niveau de nicotine<\/p>\n<p>- Satisfaire pr\u00e8s de 5000 bouff\u00e9es<\/p>\n<p>- Dimensions : 79 mm x 41 mm x 19 mm<\/p>\n<p>- Embout ergonomique, motif graduel, apparence a\u00e9rodynamique et r\u00e9sistance semblable \u00e0 celle de la soie.<\/p>\n<div class=\"disposables-flavor-3\">\n<div class=\"title\">Saveurs<\/div>\n<ul>\n<li>Journ\u00e9e \u00e0 la plage<\/li>\n<li>Glace noire<\/li>\n<li>Hiver noir<\/li>\n<li>Menthe bleue<\/li>\n<li>Glace Blue Razz<\/li>\n<li>Bleu Razz Lemon<\/li>\n<li>\u00c9nergiser aux myrtilles<\/li>\n<li>Clair<\/li>\n<li>Canneberge Raisin<\/li>\n<li>Punch aux canneberges<\/li>\n<li>Baies de Crazi<\/li>\n<li>Cigare de Cuba<\/li>\n<li>L'\u00e9nergie<\/li>\n<li>Glace de Fuji<\/li>\n<li>L'\u00e9nergie du raisin<\/li>\n<li>Pomme verte<\/li>\n<li>Glace \u00e0 la goyave<\/li>\n<li>Gumi<\/li>\n<li>Miel Ananas Orange<\/li>\n<li>Kiwi Fruit de la passion Goyave<\/li>\n<li>Menthe citronn\u00e9e<\/li>\n<li>Mangue de Malaisie<\/li>\n<li>Malibu<\/li>\n<li>Menthe Malibu<\/li>\n<li>Mandarine et citron vert<\/li>\n<li>Mangue P\u00eache Abricot<\/li>\n<li>Mangue P\u00eache Abricot<\/li>\n<li>Tabac \u00e0 la menthe<\/li>\n<li>M\u00e9lange de fruits<\/li>\n<li>Fruit de la passion Orange Goyave<\/li>\n<li>P\u00eache Baies<\/li>\n<li>Glace \u00e0 la p\u00eache<\/li>\n<li>P\u00eache Mangue Past\u00e8que<\/li>\n<li>Glace \u00e0 l'ananas et \u00e0 la noix de coco<\/li>\n<li>Ananas Strawnana<\/li>\n<li>Bonbons arc-en-ciel<\/li>\n<li>Nuages d'arc-en-ciel<\/li>\n<li>Mojito rouge<\/li>\n<li>Raisin Sakura<\/li>\n<li>Pomme acide<\/li>\n<li>Bonbons acidul\u00e9s<\/li>\n<li>Fraise et banane<\/li>\n<li>Cr\u00e8me de fraises<\/li>\n<li>Glace \u00e0 la fraise<\/li>\n<li>Fraise Kiwi<\/li>\n<li>Fraise Mangue<\/li>\n<li>Pina Colada aux fraises<\/li>\n<li>Past\u00e8que \u00e0 la fraise<\/li>\n<li>Strazz<\/li>\n<li>Glace \u00e0 la p\u00eache d'\u00e9t\u00e9<\/li>\n<li>L'\u00e9t\u00e9<\/li>\n<li>Coucher de soleil<\/li>\n<li>Menthol doux<\/li>\n<li>Glace aux trois baies<\/li>\n<li>L'explosion de l'arc-en-ciel tropical<\/li>\n<li>Glace Brzz \u00e0 la past\u00e8que<\/li>\n<li>Past\u00e8que Bubblegum<\/li>\n<li>Melon d'eau Cantaloup Miel<\/li>\n<li>Glace \u00e0 la past\u00e8que<\/li>\n<li>Glace Nana \u00e0 la past\u00e8que<\/li>\n<li>Glace Jolly \u00e0 la past\u00e8que<\/li>\n<\/ul>\n<p><a href=\"https:\/\/i0.wp.com\/shop.vape.hk\/wp-content\/uploads\/2023\/10\/EBdesign_BC5000_cheap.jpg?ssl=1\" target=\"_blank\" rel=\"noopener\"><img data-recalc-dims=\"1\" loading=\"lazy\" decoding=\"async\" class=\"alignnone size-full wp-image-124313\" src=\"https:\/\/i0.wp.com\/shop.vape.hk\/wp-content\/uploads\/2023\/10\/EBdesign_BC5000_cheap.jpg?resize=1020%2C885&#038;ssl=1\" alt=\"EBDESIGN BC5000 5000 bouff\u00e9es sans nicotine Vape jetable Wholesale\" width=\"1020\" height=\"885\" title=\"\"><\/a><\/p>\n<\/div>\n<div class=\"title\"><\/div>","protected":false},"excerpt":{"rendered":"<p>EBDESIGN BC5000 5000 Puffs Disposable Vape Wholesale combine une construction durable avec une grande capacit\u00e9, offrant un d\u00e9bit de vapeur constant pour des sessions de vapotage fiables et de longue dur\u00e9e.<\/p>","protected":false},"featured_media":4731,"comment_status":"open","ping_status":"closed","template":"","meta":[],"product_brand":[],"product_cat":[22],"product_tag":[],"class_list":{"0":"post-4432","1":"product","2":"type-product","3":"status-publish","4":"has-post-thumbnail","6":"product_cat-disposable-vape-sticks","8":"first","9":"instock","10":"shipping-taxable","11":"purchasable","12":"product-type-simple"},"jetpack_sharing_enabled":true,"tiered_pricing_type":"fixed","tiered_pricing_fixed_rules":{"1000":11,"10000":10,"50000":8},"tiered_pricing_product_settings":{"layout":"default","base_unit_name":{"singular":null,"plural":null},"default_variation":null},"tiered_pricing_minimum_quantity":100,"tiered_pricing_roles_data":[],"tiered_pricing_percentage_rules":[],"tiered_pricing_maximum_quantity":null,"tiered_pricing_quantity_step":null,"_links":{"self":[{"href":"https:\/\/cloudsupplyvapes.com\/fr\/wp-json\/wp\/v2\/product\/4432","targetHints":{"allow":["GET"]}}],"collection":[{"href":"https:\/\/cloudsupplyvapes.com\/fr\/wp-json\/wp\/v2\/product"}],"about":[{"href":"https:\/\/cloudsupplyvapes.com\/fr\/wp-json\/wp\/v2\/types\/product"}],"replies":[{"embeddable":true,"href":"https:\/\/cloudsupplyvapes.com\/fr\/wp-json\/wp\/v2\/comments?post=4432"}],"wp:featuredmedia":[{"embeddable":true,"href":"https:\/\/cloudsupplyvapes.com\/fr\/wp-json\/wp\/v2\/media\/4731"}],"wp:attachment":[{"href":"https:\/\/cloudsupplyvapes.com\/fr\/wp-json\/wp\/v2\/media?parent=4432"}],"wp:term":[{"taxonomy":"product_brand","embeddable":true,"href":"https:\/\/cloudsupplyvapes.com\/fr\/wp-json\/wp\/v2\/product_brand?post=4432"},{"taxonomy":"product_cat","embeddable":true,"href":"https:\/\/cloudsupplyvapes.com\/fr\/wp-json\/wp\/v2\/product_cat?post=4432"},{"taxonomy":"product_tag","embeddable":true,"href":"https:\/\/cloudsupplyvapes.com\/fr\/wp-json\/wp\/v2\/product_tag?post=4432"}],"curies":[{"name":"wp","href":"https:\/\/api.w.org\/{rel}","templated":true}]}}