{"id":4433,"date":"2024-10-19T02:37:13","date_gmt":"2024-10-19T02:37:13","guid":{"rendered":"https:\/\/cloudsupplyvapes.com\/?post_type=product&#038;p=4433"},"modified":"2024-11-26T06:30:52","modified_gmt":"2024-11-26T06:30:52","slug":"-149","status":"publish","type":"product","link":"https:\/\/cloudsupplyvapes.com\/fr\/product\/r-and-m-tornado-box-10000-puffs-disposable-vape-wholesale\/","title":{"rendered":"R and M Tornado Box 10000 Puffs Vape jetable en gros Leak-Proof Adjustable Airflow Design"},"content":{"rendered":"<h2>R and M Tornado Box Disposable Vape<\/h2>\n<ul class=\"top\">\n<li>Marque :\u00a0<b>R and M<\/b><\/li>\n<li>Unit\u00e9 : ensemble<\/li>\n<li>Type :\u00a0<b>Vape \u00e0 usage unique<\/b><\/li>\n<li>Poids net : 70(g)<\/li>\n<\/ul>\n<p>Les frais d'exp\u00e9dition combin\u00e9s seront calcul\u00e9s automatiquement par le syst\u00e8me une fois que vous aurez choisi la destination d'exp\u00e9dition \u00e0 l'\u00e9tape de la commande.<\/p>\n<div class=\"title\">R and M Tornado Box Disposable Vape INTRODUCTION<\/div>\n<p><b>R and M Tornado Box Disposable Vape<\/b>\u00a0is an ideal go-to device that supplies constant flavorful vapor via its mesh coil, the 20ml prefilled e-liquid, and its 850mAh rechargeable battery satisfies the finicky vapers for up to 10000 puffs. Equipped with a mesh coil, it guarantees exceptional flavor and vapor production, elevating your vaping pleasure. The clear pod is good for checking the status of the coil and e-liquid. The exterior of this device has a box shape and a curved edge. Working in\u00a0conjunction\u00a0with\u00a0adjustable\u00a0airflow,\u00a0it allows\u00a0you\u00a0to\u00a0obtain\u00a0satisfying\u00a0flavor.<\/p>\n<p>&nbsp;<\/p>\n<p><b>Comme cette vape jetable adopte la technologie de s\u00e9paration du noyau d'huile, veuillez suivre les instructions de l'emballage avant de l'utiliser.<\/b><\/p>\n<p>Orientations op\u00e9rationnelles :<\/p>\n<p><span style=\"color: #ce0000;\">Step 1: Pull out the silicone plug.<\/span><\/p>\n<p><span style=\"color: #ce0000;\">\u00c9tape 2 : D\u00e9chirer l'autocollant<\/span><\/p>\n<p><span style=\"color: #ce0000;\">\u00c9tape 3 : Laisser faire\u00a0<b>stand for 3 min<\/b>\u00a0apr\u00e8s avoir d\u00e9coll\u00e9 l'autocollant, vous pouvez l'utiliser<\/span><\/p>\n<p>&nbsp;<\/p>\n<p class=\"second-title\">Caract\u00e9ristiques<\/p>\n<p>- 20ml Vape Juice pr\u00e9-rempli<\/p>\n<p>\u2022 Rechargeable 850mAh Internal Battery<\/p>\n<p>- C\u00e2ble de type C<\/p>\n<p>- 5%(50mg) Nic Salt<\/p>\n<p>- Environ 10000 bouff\u00e9es<\/p>\n<p>- Bobine de maille<\/p>\n<p>- Dessin activ\u00e9<\/p>\n<p>\u2022 Air Flow Adjustable<\/p>\n<p><a href=\"https:\/\/i0.wp.com\/shop.vape.hk\/wp-content\/uploads\/2023\/10\/R_and_M_Tornado_Box_10000.jpg?ssl=1\" target=\"_blank\" rel=\"noopener\"><img data-recalc-dims=\"1\" loading=\"lazy\" decoding=\"async\" class=\"alignnone size-full wp-image-124346\" src=\"https:\/\/i0.wp.com\/shop.vape.hk\/wp-content\/uploads\/2023\/10\/R_and_M_Tornado_Box_10000.jpg?resize=1020%2C1320&#038;ssl=1\" alt=\"R and M Tornado Box 10000 Puffs Disposable Vape | Wholesale\" width=\"1020\" height=\"1320\" title=\"\"><\/a><\/p>","protected":false},"excerpt":{"rendered":"<p>The R and M Tornado Box 10000 Puffs Disposable Vape Wholesale features adjustable airflow, a leak-proof design, and smooth vapor output for extended and customizable vaping sessions.<\/p>","protected":false},"featured_media":4747,"comment_status":"open","ping_status":"closed","template":"","meta":[],"product_brand":[],"product_cat":[22],"product_tag":[],"class_list":{"0":"post-4433","1":"product","2":"type-product","3":"status-publish","4":"has-post-thumbnail","6":"product_cat-disposable-vape-sticks","8":"first","9":"instock","10":"shipping-taxable","11":"purchasable","12":"product-type-simple"},"jetpack_sharing_enabled":true,"tiered_pricing_type":"fixed","tiered_pricing_fixed_rules":{"1000":14,"10000":13,"50000":11},"tiered_pricing_product_settings":{"layout":"default","base_unit_name":{"singular":null,"plural":null},"default_variation":null},"tiered_pricing_minimum_quantity":100,"tiered_pricing_roles_data":[],"tiered_pricing_percentage_rules":[],"tiered_pricing_maximum_quantity":null,"tiered_pricing_quantity_step":null,"_links":{"self":[{"href":"https:\/\/cloudsupplyvapes.com\/fr\/wp-json\/wp\/v2\/product\/4433","targetHints":{"allow":["GET"]}}],"collection":[{"href":"https:\/\/cloudsupplyvapes.com\/fr\/wp-json\/wp\/v2\/product"}],"about":[{"href":"https:\/\/cloudsupplyvapes.com\/fr\/wp-json\/wp\/v2\/types\/product"}],"replies":[{"embeddable":true,"href":"https:\/\/cloudsupplyvapes.com\/fr\/wp-json\/wp\/v2\/comments?post=4433"}],"wp:featuredmedia":[{"embeddable":true,"href":"https:\/\/cloudsupplyvapes.com\/fr\/wp-json\/wp\/v2\/media\/4747"}],"wp:attachment":[{"href":"https:\/\/cloudsupplyvapes.com\/fr\/wp-json\/wp\/v2\/media?parent=4433"}],"wp:term":[{"taxonomy":"product_brand","embeddable":true,"href":"https:\/\/cloudsupplyvapes.com\/fr\/wp-json\/wp\/v2\/product_brand?post=4433"},{"taxonomy":"product_cat","embeddable":true,"href":"https:\/\/cloudsupplyvapes.com\/fr\/wp-json\/wp\/v2\/product_cat?post=4433"},{"taxonomy":"product_tag","embeddable":true,"href":"https:\/\/cloudsupplyvapes.com\/fr\/wp-json\/wp\/v2\/product_tag?post=4433"}],"curies":[{"name":"wp","href":"https:\/\/api.w.org\/{rel}","templated":true}]}}