{"id":4434,"date":"2024-10-19T02:37:13","date_gmt":"2024-10-19T02:37:13","guid":{"rendered":"https:\/\/cloudsupplyvapes.com\/?post_type=product&#038;p=4434"},"modified":"2024-11-26T06:29:03","modified_gmt":"2024-11-26T06:29:03","slug":"-150","status":"publish","type":"product","link":"https:\/\/cloudsupplyvapes.com\/fr\/product\/r-and-m-digital-box-12000-puffs-disposable-vape-wholesale\/","title":{"rendered":"R and M Digital Box 12000 Puffs Vape jetable Wholesale High Capacity Stylish Look"},"content":{"rendered":"<h2>Bo\u00eete num\u00e9rique R et M<\/h2>\n<ul class=\"top\">\n<li style=\"list-style-type: none;\">\n<ul class=\"top\">\n<li>Marque :\u00a0<a href=\"https:\/\/vapesourcing.com\/r-and-m.html\" target=\"_blank\" rel=\"noopener\"><b>R <\/b><\/a><b>a<\/b><b>nd M<\/b><\/li>\n<li>Unit\u00e9 : ensemble<\/li>\n<li>Type :\u00a0<b>Vape \u00e0 usage unique<\/b><\/li>\n<li>Poids net : 70(g)<\/li>\n<\/ul>\n<\/li>\n<\/ul>\n<p>Les frais d'exp\u00e9dition combin\u00e9s seront calcul\u00e9s automatiquement par le syst\u00e8me une fois que vous aurez choisi la destination d'exp\u00e9dition \u00e0 l'\u00e9tape de la commande.<\/p>\n<div class=\"title\">R and M Digital Box 12000 Vape jetable INTRODUCTION<\/div>\n<p><b>R et M Digital Box 12000 Vape jetable<\/b>\u00a0Il contient 20ml d'e-liquide pr\u00e9-rempli avec un taux de nicotine de 5% (50mg) pour esp\u00e9rer tirer jusqu'\u00e0 12000 bouff\u00e9es. Avec des profils de saveurs attrayants, il est livr\u00e9 avec un coil mesh int\u00e9gr\u00e9 pour la diffusion de la saveur. Aliment\u00e9 par une batterie rechargeable de 850mAh, l'affichage de la batterie et de l'e-liquide est utile pour le contr\u00f4le. Fumot 12000 est infus\u00e9 avec de l'e-liquide \u00e0 base de sel nic, une combinaison fascinante de saveur et de vapeur pour environ 12000 bouff\u00e9es.<\/p>\n<p class=\"second-title\">Caract\u00e9ristiques<\/p>\n<p>- 20ml E-Liquide pr\u00e9-rempli<\/p>\n<p>- 5%(50mg) Teneur en nicotine<\/p>\n<p>- Batterie rechargeable 850mAh<\/p>\n<p>- USB Type-C (non inclus)<\/p>\n<p>- Environ 12 000 bouff\u00e9es<\/p>\n<p>- Bobine de maille<\/p>\n<p>- Dessin activ\u00e9<\/p>\n<p>- MTL Vaping<\/p>\n<p>- Affichage de la batterie et de l'e-liquide<\/p>\n<p>&nbsp;<\/p>","protected":false},"excerpt":{"rendered":"<p>R and M Digital Box 12000 Puffs Disposable Vape Wholesale combine une grande capacit\u00e9, un look \u00e9l\u00e9gant et une diffusion douce de la vapeur pour des sessions de vapotage prolong\u00e9es et de qualit\u00e9.<\/p>","protected":false},"featured_media":4762,"comment_status":"open","ping_status":"closed","template":"","meta":[],"product_brand":[],"product_cat":[22],"product_tag":[],"class_list":{"0":"post-4434","1":"product","2":"type-product","3":"status-publish","4":"has-post-thumbnail","6":"product_cat-disposable-vape-sticks","8":"first","9":"instock","10":"shipping-taxable","11":"purchasable","12":"product-type-simple"},"jetpack_sharing_enabled":true,"tiered_pricing_type":"fixed","tiered_pricing_fixed_rules":{"1000":15,"10000":14,"50000":12},"tiered_pricing_product_settings":{"layout":"default","base_unit_name":{"singular":null,"plural":null},"default_variation":null},"tiered_pricing_minimum_quantity":100,"tiered_pricing_roles_data":[],"tiered_pricing_percentage_rules":[],"tiered_pricing_maximum_quantity":null,"tiered_pricing_quantity_step":null,"_links":{"self":[{"href":"https:\/\/cloudsupplyvapes.com\/fr\/wp-json\/wp\/v2\/product\/4434","targetHints":{"allow":["GET"]}}],"collection":[{"href":"https:\/\/cloudsupplyvapes.com\/fr\/wp-json\/wp\/v2\/product"}],"about":[{"href":"https:\/\/cloudsupplyvapes.com\/fr\/wp-json\/wp\/v2\/types\/product"}],"replies":[{"embeddable":true,"href":"https:\/\/cloudsupplyvapes.com\/fr\/wp-json\/wp\/v2\/comments?post=4434"}],"wp:featuredmedia":[{"embeddable":true,"href":"https:\/\/cloudsupplyvapes.com\/fr\/wp-json\/wp\/v2\/media\/4762"}],"wp:attachment":[{"href":"https:\/\/cloudsupplyvapes.com\/fr\/wp-json\/wp\/v2\/media?parent=4434"}],"wp:term":[{"taxonomy":"product_brand","embeddable":true,"href":"https:\/\/cloudsupplyvapes.com\/fr\/wp-json\/wp\/v2\/product_brand?post=4434"},{"taxonomy":"product_cat","embeddable":true,"href":"https:\/\/cloudsupplyvapes.com\/fr\/wp-json\/wp\/v2\/product_cat?post=4434"},{"taxonomy":"product_tag","embeddable":true,"href":"https:\/\/cloudsupplyvapes.com\/fr\/wp-json\/wp\/v2\/product_tag?post=4434"}],"curies":[{"name":"wp","href":"https:\/\/api.w.org\/{rel}","templated":true}]}}