{"id":4435,"date":"2024-10-19T02:37:13","date_gmt":"2024-10-19T02:37:13","guid":{"rendered":"https:\/\/cloudsupplyvapes.com\/?post_type=product&#038;p=4435"},"modified":"2024-10-19T02:38:46","modified_gmt":"2024-10-19T02:38:46","slug":"-151","status":"publish","type":"product","link":"https:\/\/cloudsupplyvapes.com\/fr\/product\/randm-magic-8000-puffs-disposable-vape-wholesale\/","title":{"rendered":"RandM Magic 8000 Puffs Jetable Vape | Wholesale"},"content":{"rendered":"<h2>R et M Magic Vape jetable<\/h2>\n<ul class=\"top\">\n<li>Marque : R et M<\/li>\n<li>Unit\u00e9 : ensemble<\/li>\n<li>Type : Vape jetable<\/li>\n<li>Poids net : 70(g)<\/li>\n<\/ul>\n<p>Les frais d'exp\u00e9dition combin\u00e9s seront calcul\u00e9s automatiquement par le syst\u00e8me une fois que vous aurez choisi la destination d'exp\u00e9dition \u00e0 l'\u00e9tape de la commande.<\/p>\n<div class=\"title\">R and M Magic Vape jetable INTRODUCTION<\/div>\n<p><b>R et M Magic Vape jetable<\/b>\u00a0comprend une puissante batterie rechargeable de 650mAh et un jus de vape pr\u00e9-rempli de 16ml avec 5%(50mg) de nicotine. Gr\u00e2ce \u00e0 sa bobine en maille avanc\u00e9e et \u00e0 son m\u00e9canisme de tirage, ce kit d\u00e9livre des bouff\u00e9es douces et r\u00e9guli\u00e8res, sans avoir besoin de boutons ou de r\u00e9glages compliqu\u00e9s. Il offre 8000 bouff\u00e9es ou 9000 bouff\u00e9es pour une utilisation prolong\u00e9e. Son design \u00e9l\u00e9gant comprend un Headliner Rolls-Royce Starlight et un cordon assorti, ce qui en fait un accessoire styl\u00e9 \u00e0 emporter partout avec soi.<\/p>\n<p class=\"second-title\">Caract\u00e9ristiques<\/p>\n<p>- 16ml Vape Juice pr\u00e9-rempli<\/p>\n<p>- Batterie de 650mAh<\/p>\n<p>- C\u00e2ble de type C<\/p>\n<p>- 5%(50mg) Nic Salt<\/p>\n<p>- Environ 8000 ou 9000 bouff\u00e9es<\/p>\n<p>- Bobine de maille<\/p>\n<p>- Dessin activ\u00e9<\/p>\n<p>- Garniture de toit Rolls-Royce Starlight<\/p>\n<p>- Correspondance 1pc lanyard<\/p>\n<div class=\"title\">R et M Magic Vape jetable SPECIFICATION<\/div>\n<p>Puffs : 8000 ou 9000<\/p>\n<p>Capacit\u00e9 E-liquide : 16ml<\/p>\n<p>Batterie : Rechargeable 650mAh<\/p>\n<p>Chargement : Type-C<\/p>\n<p>Taux de nicotine : 5%(50mg)<\/p>\n<p>Type de nicotine : Nic Salt<\/p>\n<p>\u00c9l\u00e9ment chauffant : Serpentin en maille<\/p>\n<p>M\u00e9canisme de mise \u00e0 feu activ\u00e9 par le tirage<\/p>\n<p><a href=\"https:\/\/i0.wp.com\/shop.vape.hk\/wp-content\/uploads\/2023\/10\/R_and_M_Magic_Disposable_Vape_Kit1.jpg?ssl=1\" target=\"_blank\" rel=\"noopener\"><img data-recalc-dims=\"1\" loading=\"lazy\" decoding=\"async\" class=\"alignnone size-full wp-image-124375\" src=\"https:\/\/i0.wp.com\/shop.vape.hk\/wp-content\/uploads\/2023\/10\/R_and_M_Magic_Disposable_Vape_Kit1.jpg?resize=1020%2C1321&#038;ssl=1\" alt=\"RandM Magic 8000Puffs Jetable Vape | Wholesale\" width=\"1020\" height=\"1321\" title=\"\"><\/a><\/p>","protected":false},"excerpt":{"rendered":"<p>R and M Magic Disposable Vape Brand:\u00a0R and M Unit: set Type:\u00a0Disposable Vape Net Weight: 70(g) The combined shipping cost will be calculated automatically by the system after you choose the shipping destination in the checkout step. R and M Magic Disposable Vape INTRODUCTION R and M Magic Disposable Vape\u00a0features a powerful 650mAh rechargeable battery [&#8230;]\n","protected":false},"featured_media":4773,"comment_status":"open","ping_status":"closed","template":"","meta":[],"product_brand":[],"product_cat":[22],"product_tag":[],"class_list":{"0":"post-4435","1":"product","2":"type-product","3":"status-publish","4":"has-post-thumbnail","6":"product_cat-disposable-vape-sticks","8":"first","9":"instock","10":"shipping-taxable","11":"product-type-simple"},"jetpack_sharing_enabled":true,"tiered_pricing_type":"fixed","tiered_pricing_fixed_rules":[],"tiered_pricing_product_settings":{"layout":"default","base_unit_name":{"singular":null,"plural":null},"default_variation":null},"tiered_pricing_minimum_quantity":null,"tiered_pricing_roles_data":[],"tiered_pricing_percentage_rules":[],"tiered_pricing_maximum_quantity":null,"tiered_pricing_quantity_step":null,"_links":{"self":[{"href":"https:\/\/cloudsupplyvapes.com\/fr\/wp-json\/wp\/v2\/product\/4435","targetHints":{"allow":["GET"]}}],"collection":[{"href":"https:\/\/cloudsupplyvapes.com\/fr\/wp-json\/wp\/v2\/product"}],"about":[{"href":"https:\/\/cloudsupplyvapes.com\/fr\/wp-json\/wp\/v2\/types\/product"}],"replies":[{"embeddable":true,"href":"https:\/\/cloudsupplyvapes.com\/fr\/wp-json\/wp\/v2\/comments?post=4435"}],"wp:featuredmedia":[{"embeddable":true,"href":"https:\/\/cloudsupplyvapes.com\/fr\/wp-json\/wp\/v2\/media\/4773"}],"wp:attachment":[{"href":"https:\/\/cloudsupplyvapes.com\/fr\/wp-json\/wp\/v2\/media?parent=4435"}],"wp:term":[{"taxonomy":"product_brand","embeddable":true,"href":"https:\/\/cloudsupplyvapes.com\/fr\/wp-json\/wp\/v2\/product_brand?post=4435"},{"taxonomy":"product_cat","embeddable":true,"href":"https:\/\/cloudsupplyvapes.com\/fr\/wp-json\/wp\/v2\/product_cat?post=4435"},{"taxonomy":"product_tag","embeddable":true,"href":"https:\/\/cloudsupplyvapes.com\/fr\/wp-json\/wp\/v2\/product_tag?post=4435"}],"curies":[{"name":"wp","href":"https:\/\/api.w.org\/{rel}","templated":true}]}}