{"id":4436,"date":"2024-10-19T02:37:13","date_gmt":"2024-10-19T02:37:13","guid":{"rendered":"https:\/\/cloudsupplyvapes.com\/?post_type=product&#038;p=4436"},"modified":"2024-10-19T02:38:50","modified_gmt":"2024-10-19T02:38:50","slug":"-152","status":"publish","type":"product","link":"https:\/\/cloudsupplyvapes.com\/fr\/product\/randm-supbliss-bingo-8000-puffs-disposable-vape-wholesale\/","title":{"rendered":"RandM Supbliss Bingo 8000 Bouff\u00e9es Jetables Vape | Wholesale"},"content":{"rendered":"<h2>R and M Supbliss Bingo Disposable Vape<\/h2>\n<ul class=\"top\">\n<li>Marque : R et M<\/li>\n<li>Unit\u00e9 : ensemble<\/li>\n<li>Type : Vape jetable<\/li>\n<li>Poids net : 70(g)<\/li>\n<\/ul>\n<p>Les frais d'exp\u00e9dition combin\u00e9s seront calcul\u00e9s automatiquement par le syst\u00e8me une fois que vous aurez choisi la destination d'exp\u00e9dition \u00e0 l'\u00e9tape de la commande.<\/p>\n<div class=\"title\">R and M Supbliss Bingo Disposable Vape INTRODUCTION<\/div>\n<p><b>R and M Supbliss Bingo Disposable Vape<\/b>\u00a0completes a 16ml prefilled e-liquid for excellent flavor, chasing a smoother hit via 5%(50mg) nicotine strength, each disposable satisfies as many as 8000 puffs. The impressive array of delicious flavor is on point and meet your nicotine expectations. Supbliss Bingo boasts a rubber paint finish, this device offers an attractive cup shape, which is so compact that can pop into your pocket on the move.<\/p>\n<p class=\"second-title\">Caract\u00e9ristiques<\/p>\n<p>- 16ml Vape Juice pr\u00e9-rempli<\/p>\n<p>- Batterie rechargeable de 600mAh<\/p>\n<p>- C\u00e2ble de type C<\/p>\n<p>- 5%(50mg) Nic Salt<\/p>\n<p>\u2022 Approximately 8000 Puffs<\/p>\n<p>- Bobine de maille<\/p>\n<p>- Dessin activ\u00e9<\/p>\n<div class=\"disposables-flavor-2\">\n<div class=\"title\">Saveurs<\/div>\n<ul>\n<li>Boisson \u00e9nerg\u00e9tique<\/li>\n<li>Fraise Kiwi<\/li>\n<li>Past\u00e8que \u00e0 la fraise<\/li>\n<li>Cr\u00e8me glac\u00e9e \u00e0 la fraise<\/li>\n<li>Melon miel<\/li>\n<li>M\u00e9lange de fruits<\/li>\n<li>Fraise Mangue<\/li>\n<li>Citron rose<\/li>\n<li>Raisin Sakura<\/li>\n<li>Fraise et banane<\/li>\n<li>P\u00eache Mangue<\/li>\n<li>Lychee Cola<\/li>\n<li>lady killer<\/li>\n<li>love66<\/li>\n<li>Limonade cerise-p\u00eache<\/li>\n<li>Blue razz cherry<\/li>\n<li>Cherry ice<\/li>\n<li>Past\u00e8que<\/li>\n<li>Blueberry<\/li>\n<li>Gummy bear<\/li>\n<\/ul>\n<p><a href=\"https:\/\/i0.wp.com\/shop.vape.hk\/wp-content\/uploads\/2023\/10\/R-and-M-Supbliss-Bingo-Disposable-Vape-Kit1.jpg?ssl=1\" target=\"_blank\" rel=\"noopener\"><img data-recalc-dims=\"1\" loading=\"lazy\" decoding=\"async\" class=\"alignnone size-full wp-image-124377\" src=\"https:\/\/i0.wp.com\/shop.vape.hk\/wp-content\/uploads\/2023\/10\/R-and-M-Supbliss-Bingo-Disposable-Vape-Kit1.jpg?resize=831%2C1920&#038;ssl=1\" alt=\"RandM Supbliss Bingo 8000 Bouff\u00e9es Jetables Vape | Wholesale\" width=\"831\" height=\"1920\" title=\"\"><\/a><\/p>\n<\/div>","protected":false},"excerpt":{"rendered":"<p>R and M Supbliss Bingo Disposable Vape Brand:\u00a0R and M Unit: set Type:\u00a0Disposable Vape Net Weight: 70(g) The combined shipping cost will be calculated automatically by the system after you choose the shipping destination in the checkout step. R and M Supbliss Bingo Disposable Vape INTRODUCTION R and M Supbliss Bingo Disposable Vape\u00a0completes a 16ml [&#8230;]\n","protected":false},"featured_media":4787,"comment_status":"open","ping_status":"closed","template":"","meta":[],"product_brand":[],"product_cat":[22],"product_tag":[],"class_list":{"0":"post-4436","1":"product","2":"type-product","3":"status-publish","4":"has-post-thumbnail","6":"product_cat-disposable-vape-sticks","8":"first","9":"instock","10":"shipping-taxable","11":"product-type-simple"},"jetpack_sharing_enabled":true,"tiered_pricing_type":"fixed","tiered_pricing_fixed_rules":[],"tiered_pricing_product_settings":{"layout":"default","base_unit_name":{"singular":null,"plural":null},"default_variation":null},"tiered_pricing_minimum_quantity":100,"tiered_pricing_roles_data":[],"tiered_pricing_percentage_rules":[],"tiered_pricing_maximum_quantity":null,"tiered_pricing_quantity_step":null,"_links":{"self":[{"href":"https:\/\/cloudsupplyvapes.com\/fr\/wp-json\/wp\/v2\/product\/4436","targetHints":{"allow":["GET"]}}],"collection":[{"href":"https:\/\/cloudsupplyvapes.com\/fr\/wp-json\/wp\/v2\/product"}],"about":[{"href":"https:\/\/cloudsupplyvapes.com\/fr\/wp-json\/wp\/v2\/types\/product"}],"replies":[{"embeddable":true,"href":"https:\/\/cloudsupplyvapes.com\/fr\/wp-json\/wp\/v2\/comments?post=4436"}],"wp:featuredmedia":[{"embeddable":true,"href":"https:\/\/cloudsupplyvapes.com\/fr\/wp-json\/wp\/v2\/media\/4787"}],"wp:attachment":[{"href":"https:\/\/cloudsupplyvapes.com\/fr\/wp-json\/wp\/v2\/media?parent=4436"}],"wp:term":[{"taxonomy":"product_brand","embeddable":true,"href":"https:\/\/cloudsupplyvapes.com\/fr\/wp-json\/wp\/v2\/product_brand?post=4436"},{"taxonomy":"product_cat","embeddable":true,"href":"https:\/\/cloudsupplyvapes.com\/fr\/wp-json\/wp\/v2\/product_cat?post=4436"},{"taxonomy":"product_tag","embeddable":true,"href":"https:\/\/cloudsupplyvapes.com\/fr\/wp-json\/wp\/v2\/product_tag?post=4436"}],"curies":[{"name":"wp","href":"https:\/\/api.w.org\/{rel}","templated":true}]}}