{"id":450,"date":"2024-10-19T02:12:29","date_gmt":"2024-10-19T02:12:29","guid":{"rendered":"https:\/\/cloudsupplyvapes.com\/?post_type=product&#038;p=450"},"modified":"2024-11-26T09:36:48","modified_gmt":"2024-11-26T09:36:48","slug":"-2","status":"publish","type":"product","link":"https:\/\/cloudsupplyvapes.com\/fr\/product\/breeze-stiik-2000-puffs-disposable-wholesale\/","title":{"rendered":"Breeze Stiik 2000 bouff\u00e9es jetables - Vape portable pour d\u00e9butants - en gros"},"content":{"rendered":"<h2>Breeze Stiik jetable 1000+1000 bouff\u00e9es Wholesale<\/h2>\n<h2>Saveurs :<\/h2>\n<p>bleu razz &amp; menthe<br \/>\ngel de raisin et pomme verte<br \/>\nananas et limonade rose<br \/>\nglace \u00e0 la p\u00eache et glace \u00e0 la mangue<br \/>\nglace \u00e0 la fraise et banane<br \/>\npast\u00e8que et soda \u00e0 l'orange<br \/>\nmelon &amp;cola ice<br \/>\nglace au litchi et glace \u00e0 la myrtille<\/p>\n<p>&nbsp;<\/p>\n<h2>Sp\u00e9cifications :<\/h2>\n<p>2000puffs<br \/>\n6.0ml<br \/>\n850mah ,18350<\/p>","protected":false},"excerpt":{"rendered":"<p>Breeze Stiik 2000 Puffs Disposable Vape Wholesale features a compact design, smooth vapor production, and beginner-friendly functionality for easy vaping.<\/p>","protected":false},"featured_media":479,"comment_status":"open","ping_status":"closed","template":"","meta":[],"product_brand":[],"product_cat":[22],"product_tag":[],"class_list":{"0":"post-450","1":"product","2":"type-product","3":"status-publish","4":"has-post-thumbnail","6":"product_cat-disposable-vape-sticks","8":"first","9":"instock","10":"shipping-taxable","11":"purchasable","12":"product-type-simple"},"jetpack_sharing_enabled":true,"tiered_pricing_type":"fixed","tiered_pricing_fixed_rules":{"500":6.9000000000000003552713678800500929355621337890625,"1000":6.79999999999999982236431605997495353221893310546875,"3000":6.5999999999999996447286321199499070644378662109375},"tiered_pricing_product_settings":{"layout":"default","base_unit_name":{"singular":null,"plural":null},"default_variation":null},"tiered_pricing_minimum_quantity":100,"tiered_pricing_roles_data":[],"tiered_pricing_percentage_rules":[],"tiered_pricing_maximum_quantity":null,"tiered_pricing_quantity_step":null,"_links":{"self":[{"href":"https:\/\/cloudsupplyvapes.com\/fr\/wp-json\/wp\/v2\/product\/450","targetHints":{"allow":["GET"]}}],"collection":[{"href":"https:\/\/cloudsupplyvapes.com\/fr\/wp-json\/wp\/v2\/product"}],"about":[{"href":"https:\/\/cloudsupplyvapes.com\/fr\/wp-json\/wp\/v2\/types\/product"}],"replies":[{"embeddable":true,"href":"https:\/\/cloudsupplyvapes.com\/fr\/wp-json\/wp\/v2\/comments?post=450"}],"wp:featuredmedia":[{"embeddable":true,"href":"https:\/\/cloudsupplyvapes.com\/fr\/wp-json\/wp\/v2\/media\/479"}],"wp:attachment":[{"href":"https:\/\/cloudsupplyvapes.com\/fr\/wp-json\/wp\/v2\/media?parent=450"}],"wp:term":[{"taxonomy":"product_brand","embeddable":true,"href":"https:\/\/cloudsupplyvapes.com\/fr\/wp-json\/wp\/v2\/product_brand?post=450"},{"taxonomy":"product_cat","embeddable":true,"href":"https:\/\/cloudsupplyvapes.com\/fr\/wp-json\/wp\/v2\/product_cat?post=450"},{"taxonomy":"product_tag","embeddable":true,"href":"https:\/\/cloudsupplyvapes.com\/fr\/wp-json\/wp\/v2\/product_tag?post=450"}],"curies":[{"name":"wp","href":"https:\/\/api.w.org\/{rel}","templated":true}]}}