{"id":4516,"date":"2024-10-19T02:37:35","date_gmt":"2024-10-19T02:37:35","guid":{"rendered":"https:\/\/cloudsupplyvapes.com\/?post_type=product&#038;p=4516"},"modified":"2024-11-26T06:27:26","modified_gmt":"2024-11-26T06:27:26","slug":"-153","status":"publish","type":"product","link":"https:\/\/cloudsupplyvapes.com\/fr\/product\/randm-tornado-7800-puffs-disposable-vape-wholesale\/","title":{"rendered":"RandM Tornado 7800 Puffs Disposable Vape Wholesale High Capacity Leak-Proof Design"},"content":{"rendered":"<h2>R et M Tornado 7800 jetable<\/h2>\n<ul class=\"top\">\n<li style=\"list-style-type: none;\">\n<ul class=\"top\">\n<li>Marque : R et M<\/li>\n<li>Unit\u00e9 : ensemble<\/li>\n<li>Type : Vape jetable<\/li>\n<li>Poids net : 70(g)<\/li>\n<\/ul>\n<\/li>\n<\/ul>\n<p>Les frais d'exp\u00e9dition combin\u00e9s seront calcul\u00e9s automatiquement par le syst\u00e8me une fois que vous aurez choisi la destination d'exp\u00e9dition \u00e0 l'\u00e9tape de la commande.<\/p>\n<div class=\"title\">R et M Tornado 7800 \u00e0 usage unique INTRODUCTION<\/div>\n<p>Pr\u00e9sentation de la\u00a0<b>R et M Tornado 7800<\/b>L'appareil est id\u00e9al pour les amateurs de vapotage MTL. Cet appareil \u00e9l\u00e9gant et portable est dot\u00e9 d'une batterie rechargeable de 850mAh avec un port Type-C pour un chargement facile. Le Tornado 7800 est livr\u00e9 pr\u00e9-rempli avec 15ml de jus de vape, infus\u00e9 avec 5% (50mg) Nic Salt pour un hit doux et satisfaisant. La bobine \u00e0 mailles assure une saveur et une production de vapeur optimales, tandis que le syst\u00e8me d'activation par tirage permet une utilisation pratique et sans effort. Avec environ 7800 bouff\u00e9es par dispositif, le Tornado 7800 est con\u00e7u pour durer, ce qui en fait un choix rentable et pratique pour tous vos besoins de vapotage. De plus, avec 6 couleurs de lumi\u00e8re RGB, vous pouvez personnaliser votre exp\u00e9rience de vapotage en fonction de votre humeur ou de votre style. Vivez l'exp\u00e9rience ultime du vapotage MTL avec le R and M Tornado 7800.<\/p>\n<p>&nbsp;<\/p>\n<p><b>Comme cette vape jetable adopte la technologie de s\u00e9paration du noyau d'huile, veuillez suivre les instructions de l'emballage avant de l'utiliser.<\/b><\/p>\n<p>Orientations op\u00e9rationnelles :<\/p>\n<p><span style=\"color: #ce0000;\">\u00c9tape 1 : Appuyer sur l'embout buccal<\/span><\/p>\n<p><span style=\"color: #ce0000;\">\u00c9tape 2 : D\u00e9chirer l'autocollant<\/span><\/p>\n<p><span style=\"color: #ce0000;\">\u00c9tape 3 : Laisser faire\u00a0<b>rester au repos pendant 3 minutes<\/b>\u00a0apr\u00e8s avoir d\u00e9coll\u00e9 l'autocollant, vous pouvez l'utiliser<\/span><\/p>\n<p>&nbsp;<\/p>\n<p class=\"second-title\">Caract\u00e9ristiques<\/p>\n<p>- 15ml Vape Juice pr\u00e9-rempli<\/p>\n<p>- 5%(50mg) Nic Salt<\/p>\n<p>- Batterie rechargeable 850mAh<\/p>\n<p>- Port Type-C<\/p>\n<p>- Environ 7800 bouff\u00e9es<\/p>\n<p>- Bobine de maille<\/p>\n<p>- Dessin activ\u00e9<\/p>\n<p>- MTL Vaping<\/p>\n<p>- Lumi\u00e8re RVB 6 couleurs<\/p>\n<div class=\"title\">R et M Tornado 7800 \u00e0 usage unique SPECIFICATION<\/div>\n<p>Puffs : 7800<\/p>\n<p>Batterie : Rechargeable 850mAh<\/p>\n<p>Chargement : Type-C<\/p>\n<p>Capacit\u00e9 E-liquide : 15ml<\/p>\n<p>Taux de nicotine : 5%(50mg)<\/p>\n<p>Type de nicotine : Nic Salt<\/p>\n<p>\u00c9l\u00e9ment chauffant : Serpentin en maille<\/p>\n<p>M\u00e9canisme de mise \u00e0 feu activ\u00e9 par le tirage<\/p>","protected":false},"excerpt":{"rendered":"<p>RandM Tornado 7800 Puffs Disposable Vape Wholesale combine une grande capacit\u00e9, une construction \u00e9tanche et un d\u00e9bit de vapeur constant pour des sessions de vapotage prolong\u00e9es et fiables.<\/p>","protected":false},"featured_media":4796,"comment_status":"open","ping_status":"closed","template":"","meta":[],"product_brand":[],"product_cat":[22],"product_tag":[],"class_list":{"0":"post-4516","1":"product","2":"type-product","3":"status-publish","4":"has-post-thumbnail","6":"product_cat-disposable-vape-sticks","8":"first","9":"instock","10":"shipping-taxable","11":"purchasable","12":"product-type-simple"},"jetpack_sharing_enabled":true,"tiered_pricing_type":"fixed","tiered_pricing_fixed_rules":{"1000":16,"10000":15,"50000":13},"tiered_pricing_product_settings":{"layout":"default","base_unit_name":{"singular":null,"plural":null},"default_variation":null},"tiered_pricing_minimum_quantity":100,"tiered_pricing_roles_data":[],"tiered_pricing_percentage_rules":[],"tiered_pricing_maximum_quantity":null,"tiered_pricing_quantity_step":null,"_links":{"self":[{"href":"https:\/\/cloudsupplyvapes.com\/fr\/wp-json\/wp\/v2\/product\/4516","targetHints":{"allow":["GET"]}}],"collection":[{"href":"https:\/\/cloudsupplyvapes.com\/fr\/wp-json\/wp\/v2\/product"}],"about":[{"href":"https:\/\/cloudsupplyvapes.com\/fr\/wp-json\/wp\/v2\/types\/product"}],"replies":[{"embeddable":true,"href":"https:\/\/cloudsupplyvapes.com\/fr\/wp-json\/wp\/v2\/comments?post=4516"}],"wp:featuredmedia":[{"embeddable":true,"href":"https:\/\/cloudsupplyvapes.com\/fr\/wp-json\/wp\/v2\/media\/4796"}],"wp:attachment":[{"href":"https:\/\/cloudsupplyvapes.com\/fr\/wp-json\/wp\/v2\/media?parent=4516"}],"wp:term":[{"taxonomy":"product_brand","embeddable":true,"href":"https:\/\/cloudsupplyvapes.com\/fr\/wp-json\/wp\/v2\/product_brand?post=4516"},{"taxonomy":"product_cat","embeddable":true,"href":"https:\/\/cloudsupplyvapes.com\/fr\/wp-json\/wp\/v2\/product_cat?post=4516"},{"taxonomy":"product_tag","embeddable":true,"href":"https:\/\/cloudsupplyvapes.com\/fr\/wp-json\/wp\/v2\/product_tag?post=4516"}],"curies":[{"name":"wp","href":"https:\/\/api.w.org\/{rel}","templated":true}]}}