{"id":4517,"date":"2024-10-19T02:37:35","date_gmt":"2024-10-19T02:37:35","guid":{"rendered":"https:\/\/cloudsupplyvapes.com\/?post_type=product&#038;p=4517"},"modified":"2024-11-26T06:27:37","modified_gmt":"2024-11-26T06:27:37","slug":"-154","status":"publish","type":"product","link":"https:\/\/cloudsupplyvapes.com\/fr\/product\/randm-rasta-5500-puffs-disposable-vape-wholesale\/","title":{"rendered":"RandM Rasta 5500 Puffs Vape jetable en gros Portable Smooth Vapor Performance"},"content":{"rendered":"<h2>R et M Rasta Vape jetable<\/h2>\n<ul class=\"top\">\n<li style=\"list-style-type: none;\">\n<ul class=\"top\">\n<li>Marque : R et M<\/li>\n<li>Unit\u00e9 : ensemble<\/li>\n<li>Type : Vape jetable<\/li>\n<li>Poids net : 70(g)<\/li>\n<\/ul>\n<\/li>\n<\/ul>\n<p>Les frais d'exp\u00e9dition combin\u00e9s seront calcul\u00e9s automatiquement par le syst\u00e8me une fois que vous aurez choisi la destination d'exp\u00e9dition \u00e0 l'\u00e9tape de la commande.<\/p>\n<div class=\"title\">R et M Rasta Vape jetable INTRODUCTION<\/div>\n<p><b>R et M Rasta Vape jetable<\/b>\u00a0Rasta est une \u00e9dition ELF avec un motif fantastique sur la face avant. Rasta est un e-juice pr\u00e9-rempli de 13ml avec un taux de nicotine de 5% (50mg), la batterie rechargeable de 650mAh vous assure jusqu'\u00e0 5500 bouff\u00e9es par barrette. L'aspect et le toucher sont absolument superbes pour un e-liquide jetable, le bord incurv\u00e9 et la forme de la bo\u00eete permettent une prise en main confortable. Fonctionnant bien avec son coil mesh int\u00e9gr\u00e9, il est premium pour un bon throat hit.<\/p>\n<p class=\"second-title\">Caract\u00e9ristiques<\/p>\n<p>- 13ml de jus de vape pr\u00e9-rempli<\/p>\n<p>- 5%(50mg) Nicotine<\/p>\n<p>- Batterie rechargeable 650mAh<\/p>\n<p>- Environ 5500 bouff\u00e9es<\/p>\n<p>- Bobine de maille<\/p>\n<p>- Dessin activ\u00e9<\/p>\n<p>- MTL Vaping<\/p>\n<div class=\"title\">R et M Rasta Vape jetable SPECIFICATION<\/div>\n<p>Puffs : 5500<\/p>\n<p>Batterie : Rechargeable 650mAh<\/p>\n<p>Chargement : Type-C<\/p>\n<p>Capacit\u00e9 E-liquide : 13ml<\/p>\n<p>Taux de nicotine : 5%(50mg)<\/p>\n<p>Type de nicotine : Nic Salt<\/p>\n<p>\u00c9l\u00e9ment chauffant : Serpentin en maille<\/p>\n<p>M\u00e9canisme de mise \u00e0 feu activ\u00e9 par le tirage<\/p>\n<p><a href=\"https:\/\/i0.wp.com\/shop.vape.hk\/wp-content\/uploads\/2023\/10\/r-and-m-rasta-disposable-vape_1.jpg?ssl=1\" target=\"_blank\" rel=\"noopener\"><img data-recalc-dims=\"1\" loading=\"lazy\" decoding=\"async\" class=\"alignnone size-full wp-image-124411\" src=\"https:\/\/i0.wp.com\/shop.vape.hk\/wp-content\/uploads\/2023\/10\/r-and-m-rasta-disposable-vape_1.jpg?resize=900%2C853&#038;ssl=1\" alt=\"RandM Rasta 5500 Puffs Jetable Vape | Wholesale\" width=\"900\" height=\"853\" title=\"\"><\/a> <a href=\"https:\/\/i0.wp.com\/shop.vape.hk\/wp-content\/uploads\/2023\/10\/r-and-m-rasta-disposable-vape_2.jpg?ssl=1\" target=\"_blank\" rel=\"noopener\"><img data-recalc-dims=\"1\" loading=\"lazy\" decoding=\"async\" class=\"alignnone size-full wp-image-124410\" src=\"https:\/\/i0.wp.com\/shop.vape.hk\/wp-content\/uploads\/2023\/10\/r-and-m-rasta-disposable-vape_2.jpg?resize=900%2C900&#038;ssl=1\" alt=\"RandM Rasta 5500 Puffs Jetable Vape | Wholesale\" width=\"900\" height=\"900\" title=\"\"><\/a><\/p>","protected":false},"excerpt":{"rendered":"<p>RandM Rasta 5500 Puffs Disposable Vape Wholesale offre une commodit\u00e9 portable, une production de vapeur douce et une construction durable pour un vapotage agr\u00e9able en d\u00e9placement.<\/p>","protected":false},"featured_media":4806,"comment_status":"open","ping_status":"closed","template":"","meta":[],"product_brand":[],"product_cat":[22],"product_tag":[],"class_list":{"0":"post-4517","1":"product","2":"type-product","3":"status-publish","4":"has-post-thumbnail","6":"product_cat-disposable-vape-sticks","8":"first","9":"instock","10":"shipping-taxable","11":"purchasable","12":"product-type-simple"},"jetpack_sharing_enabled":true,"tiered_pricing_type":"fixed","tiered_pricing_fixed_rules":{"1000":15,"10000":14,"50000":12},"tiered_pricing_product_settings":{"layout":"default","base_unit_name":{"singular":null,"plural":null},"default_variation":null},"tiered_pricing_minimum_quantity":100,"tiered_pricing_roles_data":[],"tiered_pricing_percentage_rules":[],"tiered_pricing_maximum_quantity":null,"tiered_pricing_quantity_step":null,"_links":{"self":[{"href":"https:\/\/cloudsupplyvapes.com\/fr\/wp-json\/wp\/v2\/product\/4517","targetHints":{"allow":["GET"]}}],"collection":[{"href":"https:\/\/cloudsupplyvapes.com\/fr\/wp-json\/wp\/v2\/product"}],"about":[{"href":"https:\/\/cloudsupplyvapes.com\/fr\/wp-json\/wp\/v2\/types\/product"}],"replies":[{"embeddable":true,"href":"https:\/\/cloudsupplyvapes.com\/fr\/wp-json\/wp\/v2\/comments?post=4517"}],"wp:featuredmedia":[{"embeddable":true,"href":"https:\/\/cloudsupplyvapes.com\/fr\/wp-json\/wp\/v2\/media\/4806"}],"wp:attachment":[{"href":"https:\/\/cloudsupplyvapes.com\/fr\/wp-json\/wp\/v2\/media?parent=4517"}],"wp:term":[{"taxonomy":"product_brand","embeddable":true,"href":"https:\/\/cloudsupplyvapes.com\/fr\/wp-json\/wp\/v2\/product_brand?post=4517"},{"taxonomy":"product_cat","embeddable":true,"href":"https:\/\/cloudsupplyvapes.com\/fr\/wp-json\/wp\/v2\/product_cat?post=4517"},{"taxonomy":"product_tag","embeddable":true,"href":"https:\/\/cloudsupplyvapes.com\/fr\/wp-json\/wp\/v2\/product_tag?post=4517"}],"curies":[{"name":"wp","href":"https:\/\/api.w.org\/{rel}","templated":true}]}}