{"id":4518,"date":"2024-10-19T02:37:36","date_gmt":"2024-10-19T02:37:36","guid":{"rendered":"https:\/\/cloudsupplyvapes.com\/?post_type=product&#038;p=4518"},"modified":"2024-11-26T05:30:39","modified_gmt":"2024-11-26T05:30:39","slug":"-155","status":"publish","type":"product","link":"https:\/\/cloudsupplyvapes.com\/fr\/product\/randm-legend-10000-puffs-disposable-vape-wholesale\/","title":{"rendered":"RandM Legend 10000 bouff\u00e9es Vape jetable en gros Haute teneur en nicotine Construction durable"},"content":{"rendered":"<h2>R et M Legend Vape jetable<\/h2>\n<ul class=\"top\">\n<li>Marque : R et M vape<\/li>\n<li>Unit\u00e9 : ensemble<\/li>\n<li>Type : Vape jetable<\/li>\n<li>Poids net : 70(g)<\/li>\n<\/ul>\n<p>Les frais d'exp\u00e9dition combin\u00e9s seront calcul\u00e9s automatiquement par le syst\u00e8me une fois que vous aurez choisi la destination d'exp\u00e9dition \u00e0 l'\u00e9tape de la commande.<\/p>\n<div class=\"title\">Vapeur jetable R et M Legend INTRODUCTION<\/div>\n<p>Introduction\u00a0<b>L\u00e9gende R et M jetable<\/b>, La vaporette est un dispositif de pointe con\u00e7u pour offrir une exp\u00e9rience de vapotage de qualit\u00e9 sup\u00e9rieure. Chaque appareil est pr\u00e9-rempli de 20ml de jus de vape de haute qualit\u00e9 infus\u00e9 avec 5% (50mg) Nic Salt, assurant un hit satisfaisant \u00e0 chaque fois. Avec une batterie rechargeable de 650mAh et un c\u00e2ble Type-C, la vape R and M Legend Disposable offre une utilisation de longue dur\u00e9e et des temps de charge rapides. Cet appareil est con\u00e7u pour fournir environ 10 000 bouff\u00e9es, ce qui en fait une option rentable pour tout amateur de vape. Dot\u00e9 d'une bobine en maille et d'un flux d'air r\u00e9glable, le R and M Legend Disposable permet une exp\u00e9rience de vapotage douce et personnalisable. De plus, l'appareil est activ\u00e9 par le tirage, ce qui \u00e9limine le besoin de boutons ou de r\u00e9glages compliqu\u00e9s. Vivez l'exp\u00e9rience ultime de la vape avec le R and M Legend.<\/p>\n<p class=\"second-title\">Caract\u00e9ristiques<\/p>\n<p>- 20ml Vape Juice pr\u00e9-rempli<\/p>\n<p>- 5%(50mg) Nic Salt<\/p>\n<p>- Batterie rechargeable 650mAh<\/p>\n<p>- C\u00e2ble de type C<\/p>\n<p>- Environ 10000 bouff\u00e9es<\/p>\n<p>- Bobine de maille<\/p>\n<p>- Dessin activ\u00e9<\/p>\n<p>- Flux d'air r\u00e9glable<\/p>\n<div class=\"title\">R et M Legend Vape jetable SPECIFICATION<\/div>\n<p>Bouff\u00e9es : 10000<\/p>\n<p>Batterie : Rechargeable 650mAh<\/p>\n<p>Chargement : USB Type-C<\/p>\n<p>Capacit\u00e9 E-liquide : 20ml<\/p>\n<p>Taux de nicotine : 5%(50mg)<\/p>\n<p>Type de nicotine : Nic Salt<\/p>\n<p>\u00c9l\u00e9ment chauffant : Serpentin en maille<\/p>\n<p>M\u00e9canisme de mise \u00e0 feu activ\u00e9 par le tirage<\/p>\n<p><a href=\"https:\/\/i0.wp.com\/shop.vape.hk\/wp-content\/uploads\/2023\/10\/R-and-M-Legend-Disposable-Vape-Kit1.jpg?ssl=1\" target=\"_blank\" rel=\"noopener\"><img data-recalc-dims=\"1\" loading=\"lazy\" decoding=\"async\" class=\"alignnone size-full wp-image-124426\" src=\"https:\/\/i0.wp.com\/shop.vape.hk\/wp-content\/uploads\/2023\/10\/R-and-M-Legend-Disposable-Vape-Kit1.jpg?resize=811%2C1920&#038;ssl=1\" alt=\"RandM Legend 10000 Puffs Jetable Vape | Wholesale\" width=\"811\" height=\"1920\" title=\"\"><\/a><\/p>","protected":false},"excerpt":{"rendered":"<p>RandM Legend 10000 Puffs Disposable Vape Wholesale offre un taux de nicotine \u00e9lev\u00e9, une construction durable et un d\u00e9bit de vapeur r\u00e9gulier, ce qui le rend parfait pour une satisfaction durable du vapotage.<\/p>","protected":false},"featured_media":4816,"comment_status":"open","ping_status":"closed","template":"","meta":[],"product_brand":[],"product_cat":[22],"product_tag":[],"class_list":{"0":"post-4518","1":"product","2":"type-product","3":"status-publish","4":"has-post-thumbnail","6":"product_cat-disposable-vape-sticks","8":"first","9":"instock","10":"shipping-taxable","11":"purchasable","12":"product-type-simple"},"jetpack_sharing_enabled":true,"tiered_pricing_type":"fixed","tiered_pricing_fixed_rules":{"1000":17,"10000":16,"50000":14},"tiered_pricing_product_settings":{"layout":"default","base_unit_name":{"singular":null,"plural":null},"default_variation":null},"tiered_pricing_minimum_quantity":100,"tiered_pricing_roles_data":[],"tiered_pricing_percentage_rules":[],"tiered_pricing_maximum_quantity":null,"tiered_pricing_quantity_step":null,"_links":{"self":[{"href":"https:\/\/cloudsupplyvapes.com\/fr\/wp-json\/wp\/v2\/product\/4518","targetHints":{"allow":["GET"]}}],"collection":[{"href":"https:\/\/cloudsupplyvapes.com\/fr\/wp-json\/wp\/v2\/product"}],"about":[{"href":"https:\/\/cloudsupplyvapes.com\/fr\/wp-json\/wp\/v2\/types\/product"}],"replies":[{"embeddable":true,"href":"https:\/\/cloudsupplyvapes.com\/fr\/wp-json\/wp\/v2\/comments?post=4518"}],"wp:featuredmedia":[{"embeddable":true,"href":"https:\/\/cloudsupplyvapes.com\/fr\/wp-json\/wp\/v2\/media\/4816"}],"wp:attachment":[{"href":"https:\/\/cloudsupplyvapes.com\/fr\/wp-json\/wp\/v2\/media?parent=4518"}],"wp:term":[{"taxonomy":"product_brand","embeddable":true,"href":"https:\/\/cloudsupplyvapes.com\/fr\/wp-json\/wp\/v2\/product_brand?post=4518"},{"taxonomy":"product_cat","embeddable":true,"href":"https:\/\/cloudsupplyvapes.com\/fr\/wp-json\/wp\/v2\/product_cat?post=4518"},{"taxonomy":"product_tag","embeddable":true,"href":"https:\/\/cloudsupplyvapes.com\/fr\/wp-json\/wp\/v2\/product_tag?post=4518"}],"curies":[{"name":"wp","href":"https:\/\/api.w.org\/{rel}","templated":true}]}}