{"id":4520,"date":"2024-10-19T02:37:36","date_gmt":"2024-10-19T02:37:36","guid":{"rendered":"https:\/\/cloudsupplyvapes.com\/?post_type=product&#038;p=4520"},"modified":"2024-11-26T05:31:00","modified_gmt":"2024-11-26T05:31:00","slug":"-157","status":"publish","type":"product","link":"https:\/\/cloudsupplyvapes.com\/fr\/product\/randm-vome-monster-7000-puffs-disposable-vape-wholesale\/","title":{"rendered":"RandM Vome Monster 7000 Puffs Vape jetable Wholesale Durable Lightweight Construction"},"content":{"rendered":"<h2>R et M Monster jetable<\/h2>\n<ul class=\"top\">\n<li style=\"list-style-type: none;\">\n<ul class=\"top\">\n<li>Marque : R et M<\/li>\n<li>Unit\u00e9 : ensemble<\/li>\n<li>Type : Vape jetable<\/li>\n<li>Poids net : 70(g)<\/li>\n<\/ul>\n<\/li>\n<\/ul>\n<p>Les frais d'exp\u00e9dition combin\u00e9s seront calcul\u00e9s automatiquement par le syst\u00e8me une fois que vous aurez choisi la destination d'exp\u00e9dition \u00e0 l'\u00e9tape de la commande.<\/p>\n<div class=\"title\">R et M Monster jetable INTRODUCTION<\/div>\n<p><b>R et M Monster jetable<\/b>\u00a0Le Monster Vape a une forme de Cola Can, une grande capacit\u00e9 de 15ml d'e-juice, un taux de nicotine de 5% et une batterie rechargeable pour un nombre de bouff\u00e9es allant jusqu'\u00e0 7000. Le Monster Vape est \u00e9quip\u00e9 d'une bobine en maille, qui permet de vaper en MTL, et d'un taux de nicotine de 5% (50mg), ce qui vous donne un effet de nicotine plus puissant pour un vapotage sans effort. Le Monster Vape est recharg\u00e9 via le port Type-C, et est pratique \u00e0 emporter gr\u00e2ce \u00e0 une lani\u00e8re.<\/p>\n<p class=\"second-title\">Caract\u00e9ristiques<\/p>\n<p>- Forme de la canette de cola<\/p>\n<p>- 7000 bouff\u00e9es<\/p>\n<p>- Capacit\u00e9 de 15 ml<\/p>\n<p>- 5%(50mg) Teneur en nicotine<\/p>\n<p>- Batterie rechargeable<\/p>\n<p>- Bobine de maille<\/p>\n<p>- Tirage MTL<\/p>\n<p>- Dessin activ\u00e9<\/p>","protected":false},"excerpt":{"rendered":"<p>RandM Vome Monster 7000 Puffs Disposable Vape Wholesale combine une construction durable avec un design l\u00e9ger et un d\u00e9bit de vapeur constant pour une utilisation portable et pratique.<\/p>","protected":false},"featured_media":4836,"comment_status":"open","ping_status":"closed","template":"","meta":[],"product_brand":[],"product_cat":[22],"product_tag":[],"class_list":{"0":"post-4520","1":"product","2":"type-product","3":"status-publish","4":"has-post-thumbnail","6":"product_cat-disposable-vape-sticks","8":"first","9":"instock","10":"shipping-taxable","11":"purchasable","12":"product-type-simple"},"jetpack_sharing_enabled":true,"tiered_pricing_type":"fixed","tiered_pricing_fixed_rules":{"1000":11,"10000":10,"50000":8},"tiered_pricing_product_settings":{"layout":"default","base_unit_name":{"singular":null,"plural":null},"default_variation":null},"tiered_pricing_minimum_quantity":100,"tiered_pricing_roles_data":[],"tiered_pricing_percentage_rules":[],"tiered_pricing_maximum_quantity":null,"tiered_pricing_quantity_step":null,"_links":{"self":[{"href":"https:\/\/cloudsupplyvapes.com\/fr\/wp-json\/wp\/v2\/product\/4520","targetHints":{"allow":["GET"]}}],"collection":[{"href":"https:\/\/cloudsupplyvapes.com\/fr\/wp-json\/wp\/v2\/product"}],"about":[{"href":"https:\/\/cloudsupplyvapes.com\/fr\/wp-json\/wp\/v2\/types\/product"}],"replies":[{"embeddable":true,"href":"https:\/\/cloudsupplyvapes.com\/fr\/wp-json\/wp\/v2\/comments?post=4520"}],"wp:featuredmedia":[{"embeddable":true,"href":"https:\/\/cloudsupplyvapes.com\/fr\/wp-json\/wp\/v2\/media\/4836"}],"wp:attachment":[{"href":"https:\/\/cloudsupplyvapes.com\/fr\/wp-json\/wp\/v2\/media?parent=4520"}],"wp:term":[{"taxonomy":"product_brand","embeddable":true,"href":"https:\/\/cloudsupplyvapes.com\/fr\/wp-json\/wp\/v2\/product_brand?post=4520"},{"taxonomy":"product_cat","embeddable":true,"href":"https:\/\/cloudsupplyvapes.com\/fr\/wp-json\/wp\/v2\/product_cat?post=4520"},{"taxonomy":"product_tag","embeddable":true,"href":"https:\/\/cloudsupplyvapes.com\/fr\/wp-json\/wp\/v2\/product_tag?post=4520"}],"curies":[{"name":"wp","href":"https:\/\/api.w.org\/{rel}","templated":true}]}}