{"id":4522,"date":"2024-10-19T02:37:36","date_gmt":"2024-10-19T02:37:36","guid":{"rendered":"https:\/\/cloudsupplyvapes.com\/?post_type=product&#038;p=4522"},"modified":"2024-11-26T06:27:01","modified_gmt":"2024-11-26T06:27:01","slug":"-159","status":"publish","type":"product","link":"https:\/\/cloudsupplyvapes.com\/fr\/product\/randm-magic-7000-puffs-disposable-vape-wholesale\/","title":{"rendered":"RandM Magic 7000 Puffs Vape jetable Wholesale Lightweight Durable Build"},"content":{"rendered":"<h2>R and M Magic 7000 Disposable Vape<\/h2>\n<ul class=\"top\">\n<li>Marque :\u00a0<b>RandM Vape<\/b><b><\/b><\/li>\n<li>Unit\u00e9 : ensemble<\/li>\n<li>Type :\u00a0<b>Vape \u00e0 usage unique<\/b><\/li>\n<li>Poids net : 68(g)<\/li>\n<\/ul>\n<p>Les frais d'exp\u00e9dition combin\u00e9s seront calcul\u00e9s automatiquement par le syst\u00e8me une fois que vous aurez choisi la destination d'exp\u00e9dition \u00e0 l'\u00e9tape de la commande.<\/p>\n<div class=\"title\">R and M Magic 7000 Disposable Vape INTRODUCTION<\/div>\n<p><b>R and M Magic 7000 Disposable Vape<\/b>\u00a0comes with 14.5ml pre-filled vape juice, a built-in rechargeable battery, adjustable airflow and can provide you with about 7000 puffs. To make vaping simple, Magic 7000 is draw-activated. There is no need to press a button. In order to make vaping fun, an RGB flashlight is used to make you the coolest among the ordinary vapers. Take this R and M Magic 7000 and enjoy the magical power carried by it. Vaping should be fun and easy with a R and M Magic 7000.<\/p>\n<p class=\"second-title\">Caract\u00e9ristiques<\/p>\n<p>\u2022 14.5mL Pre-Filled E-Liquid<\/p>\n<p>- 5%(50mg) Nicotine<\/p>\n<p>- Bobine de maille<\/p>\n<p>\u2022 Rechargeable Built-in Battery<\/p>\n<p>\u2022 Approximately 7000 Puffs<\/p>\n<p>\u2022 Type-C Port (Cable Not Included)<\/p>\n<p>- Flux d'air r\u00e9glable<\/p>\n<p>\u2022 RGB Flashlight<\/p>\n<p>- Dessin activ\u00e9<\/p>\n<p>- MTL Vaping<\/p>","protected":false},"excerpt":{"rendered":"<p>RandM Magic 7000 Puffs Disposable Vape Wholesale offers a lightweight and durable build, delivering smooth vapor and consistent performance for hassle-free vaping sessions.<\/p>","protected":false},"featured_media":4861,"comment_status":"open","ping_status":"closed","template":"","meta":[],"product_brand":[],"product_cat":[22],"product_tag":[],"class_list":{"0":"post-4522","1":"product","2":"type-product","3":"status-publish","4":"has-post-thumbnail","6":"product_cat-disposable-vape-sticks","8":"first","9":"instock","10":"shipping-taxable","11":"purchasable","12":"product-type-simple"},"jetpack_sharing_enabled":true,"tiered_pricing_type":"fixed","tiered_pricing_fixed_rules":{"1000":14,"10000":13,"50000":11},"tiered_pricing_product_settings":{"layout":"default","base_unit_name":{"singular":null,"plural":null},"default_variation":null},"tiered_pricing_minimum_quantity":100,"tiered_pricing_roles_data":[],"tiered_pricing_percentage_rules":[],"tiered_pricing_maximum_quantity":null,"tiered_pricing_quantity_step":null,"_links":{"self":[{"href":"https:\/\/cloudsupplyvapes.com\/fr\/wp-json\/wp\/v2\/product\/4522","targetHints":{"allow":["GET"]}}],"collection":[{"href":"https:\/\/cloudsupplyvapes.com\/fr\/wp-json\/wp\/v2\/product"}],"about":[{"href":"https:\/\/cloudsupplyvapes.com\/fr\/wp-json\/wp\/v2\/types\/product"}],"replies":[{"embeddable":true,"href":"https:\/\/cloudsupplyvapes.com\/fr\/wp-json\/wp\/v2\/comments?post=4522"}],"wp:featuredmedia":[{"embeddable":true,"href":"https:\/\/cloudsupplyvapes.com\/fr\/wp-json\/wp\/v2\/media\/4861"}],"wp:attachment":[{"href":"https:\/\/cloudsupplyvapes.com\/fr\/wp-json\/wp\/v2\/media?parent=4522"}],"wp:term":[{"taxonomy":"product_brand","embeddable":true,"href":"https:\/\/cloudsupplyvapes.com\/fr\/wp-json\/wp\/v2\/product_brand?post=4522"},{"taxonomy":"product_cat","embeddable":true,"href":"https:\/\/cloudsupplyvapes.com\/fr\/wp-json\/wp\/v2\/product_cat?post=4522"},{"taxonomy":"product_tag","embeddable":true,"href":"https:\/\/cloudsupplyvapes.com\/fr\/wp-json\/wp\/v2\/product_tag?post=4522"}],"curies":[{"name":"wp","href":"https:\/\/api.w.org\/{rel}","templated":true}]}}