{"id":4524,"date":"2024-10-19T02:37:36","date_gmt":"2024-10-19T02:37:36","guid":{"rendered":"https:\/\/cloudsupplyvapes.com\/?post_type=product&#038;p=4524"},"modified":"2024-11-26T06:27:14","modified_gmt":"2024-11-26T06:27:14","slug":"-160","status":"publish","type":"product","link":"https:\/\/cloudsupplyvapes.com\/fr\/product\/qst-puff-flex-pro-5000-puffs-0-2-5-disposable-vape-wholesale\/","title":{"rendered":"QST Puff Flex Pro 5000 Puffs Vape jetable Wholesale Ajustable Nicotine Strength"},"content":{"rendered":"<table width=\"633\" cellspacing=\"0\" cellpadding=\"0\">\n<tbody>\n<tr class=\"firstRow\">\n<td valign=\"top\" width=\"160\">Nom de la s\u00e9rie<\/td>\n<td valign=\"top\" width=\"473\">puff flex pro<\/td>\n<\/tr>\n<tr>\n<td valign=\"top\" width=\"160\">Puffs<\/td>\n<td valign=\"top\" width=\"473\">5000<\/td>\n<\/tr>\n<tr>\n<td valign=\"top\" width=\"160\">Nicotine<\/td>\n<td valign=\"top\" width=\"473\">0% 2% 5%<\/td>\n<\/tr>\n<tr>\n<td valign=\"top\" width=\"160\">Volume<\/td>\n<td valign=\"top\" width=\"473\">12ml de sel de nicotine<\/td>\n<\/tr>\n<tr>\n<td valign=\"top\" width=\"160\">Garantie<\/td>\n<td valign=\"top\" width=\"473\">&nbsp;<\/p>\n<p>1 an<\/td>\n<\/tr>\n<tr>\n<td valign=\"top\" width=\"160\">Capacit\u00e9 de la batterie<\/td>\n<td valign=\"top\" width=\"473\">550mAh<\/td>\n<\/tr>\n<tr>\n<td valign=\"top\" width=\"160\">Ingr\u00e9dients<\/td>\n<td valign=\"top\" width=\"473\">Glyc\u00e9rine v\u00e9g\u00e9tale, Propyl\u00e8ne Glycol, Nicotine, Ar\u00f4mes naturels et artificiels<\/td>\n<\/tr>\n<tr>\n<td valign=\"top\" width=\"160\">Taille<\/td>\n<td valign=\"top\" width=\"473\">21*120mm<\/td>\n<\/tr>\n<tr>\n<td valign=\"top\" width=\"160\">Service<\/td>\n<td valign=\"top\" width=\"473\">OEM&amp;ODM<\/td>\n<\/tr>\n<tr>\n<td valign=\"top\" width=\"160\">Emballage<\/td>\n<td valign=\"top\" width=\"473\">400pcs\/caisse<\/td>\n<\/tr>\n<tr>\n<td valign=\"top\" width=\"160\">Saveurs<\/td>\n<td valign=\"top\" width=\"473\">&nbsp;<\/p>\n<p>&nbsp;<\/p>\n<p>&nbsp;<\/p>\n<p>1)FRAISE PAST\u00c8QUE P\u00caCHE<\/p>\n<p>2) MYRTILLE SUR GLACE<\/p>\n<p>3) GLACE \u00c0 LA PAST\u00c8QUE<\/p>\n<p>4)BLUE RAZZ ICE<\/p>\n<p>5)POMME P\u00caCHE<\/p>\n<p>6) BARBE \u00c0 PAPA BLEUE<\/p>\n<p>7)FRAISE KIWI CITRON<\/p>\n<p>8)LIMONADE BLUE RAZZ<\/p>\n<p>9)RED BULL<\/p>\n<p>10)MAMBA<\/p>\n<p>11\uff09KIWI FRUIT DU DRAGON BAIE<\/p>\n<p>12\uff09ORANGE SODA<\/p>\n<p>13) ANANAS MANGUE ORANGE<br \/>\n14)GLACE \u00c0 LA VANILLE<br \/>\n15)P\u00caCHE JUIVE<\/td>\n<\/tr>\n<\/tbody>\n<\/table>\n<p><a href=\"https:\/\/i0.wp.com\/shop.vape.hk\/wp-content\/uploads\/2023\/10\/1-21.jpg?ssl=1\" target=\"_blank\" rel=\"noopener\"><img data-recalc-dims=\"1\" loading=\"lazy\" decoding=\"async\" class=\"alignnone size-full wp-image-124523\" src=\"https:\/\/i0.wp.com\/shop.vape.hk\/wp-content\/uploads\/2023\/10\/1-21.jpg?resize=900%2C1576&#038;ssl=1\" alt=\"QST Puff Flex Pro 5000 Puffs Jetable Vape | Wholesale\" width=\"900\" height=\"1576\" title=\"\"><\/a><\/p>","protected":false},"excerpt":{"rendered":"<p>QST Puff Flex Pro 5000 Puffs Disposable Vape Wholesale offre des options de nicotine r\u00e9glables (0%, 2%, 5%) avec un design \u00e9l\u00e9gant et un d\u00e9bit de vapeur r\u00e9gulier pour une exp\u00e9rience de vapotage personnalis\u00e9e.<\/p>","protected":false},"featured_media":4872,"comment_status":"open","ping_status":"closed","template":"","meta":[],"product_brand":[],"product_cat":[22],"product_tag":[],"class_list":{"0":"post-4524","1":"product","2":"type-product","3":"status-publish","4":"has-post-thumbnail","6":"product_cat-disposable-vape-sticks","8":"first","9":"instock","10":"shipping-taxable","11":"purchasable","12":"product-type-simple"},"jetpack_sharing_enabled":true,"tiered_pricing_type":"fixed","tiered_pricing_fixed_rules":{"1000":5,"10000":4,"50000":3},"tiered_pricing_product_settings":{"layout":"default","base_unit_name":{"singular":null,"plural":null},"default_variation":null},"tiered_pricing_minimum_quantity":100,"tiered_pricing_roles_data":[],"tiered_pricing_percentage_rules":[],"tiered_pricing_maximum_quantity":null,"tiered_pricing_quantity_step":null,"_links":{"self":[{"href":"https:\/\/cloudsupplyvapes.com\/fr\/wp-json\/wp\/v2\/product\/4524","targetHints":{"allow":["GET"]}}],"collection":[{"href":"https:\/\/cloudsupplyvapes.com\/fr\/wp-json\/wp\/v2\/product"}],"about":[{"href":"https:\/\/cloudsupplyvapes.com\/fr\/wp-json\/wp\/v2\/types\/product"}],"replies":[{"embeddable":true,"href":"https:\/\/cloudsupplyvapes.com\/fr\/wp-json\/wp\/v2\/comments?post=4524"}],"wp:featuredmedia":[{"embeddable":true,"href":"https:\/\/cloudsupplyvapes.com\/fr\/wp-json\/wp\/v2\/media\/4872"}],"wp:attachment":[{"href":"https:\/\/cloudsupplyvapes.com\/fr\/wp-json\/wp\/v2\/media?parent=4524"}],"wp:term":[{"taxonomy":"product_brand","embeddable":true,"href":"https:\/\/cloudsupplyvapes.com\/fr\/wp-json\/wp\/v2\/product_brand?post=4524"},{"taxonomy":"product_cat","embeddable":true,"href":"https:\/\/cloudsupplyvapes.com\/fr\/wp-json\/wp\/v2\/product_cat?post=4524"},{"taxonomy":"product_tag","embeddable":true,"href":"https:\/\/cloudsupplyvapes.com\/fr\/wp-json\/wp\/v2\/product_tag?post=4524"}],"curies":[{"name":"wp","href":"https:\/\/api.w.org\/{rel}","templated":true}]}}