{"id":4602,"date":"2024-10-19T02:38:00","date_gmt":"2024-10-19T02:38:00","guid":{"rendered":"https:\/\/cloudsupplyvapes.com\/?post_type=product&#038;p=4602"},"modified":"2024-11-26T03:55:43","modified_gmt":"2024-11-26T03:55:43","slug":"-161","status":"publish","type":"product","link":"https:\/\/cloudsupplyvapes.com\/fr\/product\/randm-bar-9000-puffs-disposable-vape-wholesale\/","title":{"rendered":"RANDM Bar 9000 Puffs Disposable Vape Wholesale Adjustable Airflow Durable Performance"},"content":{"rendered":"<h2>R et M Bar jetable<\/h2>\n<ul class=\"top\">\n<li style=\"list-style-type: none;\">\n<ul class=\"top\">\n<li>Marque : R et M<\/li>\n<li>Unit\u00e9 : ensemble<\/li>\n<li>Type : Vape jetable<\/li>\n<li>Poids net : 70(g)<\/li>\n<\/ul>\n<\/li>\n<\/ul>\n<p>Les frais d'exp\u00e9dition combin\u00e9s seront calcul\u00e9s automatiquement par le syst\u00e8me une fois que vous aurez choisi la destination d'exp\u00e9dition \u00e0 l'\u00e9tape de la commande.<\/p>\n<div class=\"title\">Barre R et M \u00e0 usage unique INTRODUCTION<\/div>\n<p><b>R et M Bar jetable<\/b>\u00a0Il dispose de 15 ml d'e-juice pr\u00e9-rempli, d'un contr\u00f4le d'\u00e9coulement d'air par le bas et d'une technologie de bobine \u00e0 mailles pour produire une saveur prononc\u00e9e. Aliment\u00e9 par une batterie rechargeable, il permet de tirer jusqu'\u00e0 9000 bouff\u00e9es par barre. \u00c9quip\u00e9 d'un taux de nicotine de 5% (50mg), il d\u00e9livre une saveur authentique qui correspond \u00e0 vos profils d'ar\u00f4mes imaginables. Gr\u00e2ce \u00e0 sa lampe de poche RGB, vous pourrez vous amuser encore plus en vapotant.<\/p>\n<p class=\"second-title\">Caract\u00e9ristiques<\/p>\n<p>- 9000 bouff\u00e9es<\/p>\n<p>- Capacit\u00e9 de 15 ml<\/p>\n<p>- 5%(50mg) Teneur en nicotine<\/p>\n<p>- Batterie rechargeable<\/p>\n<p>- Bobine de maille<\/p>\n<p>- Tirage MTL<\/p>\n<p>- Dessin activ\u00e9<\/p>","protected":false},"excerpt":{"rendered":"<p>Le RANDM Bar 9000 Puffs Disposable Vape Wholesale offre un flux d'air r\u00e9glable, des performances durables et une vapeur riche en saveurs, parfaite pour un vapotage personnalisable et de longue dur\u00e9e.<\/p>","protected":false},"featured_media":4876,"comment_status":"open","ping_status":"closed","template":"","meta":[],"product_brand":[],"product_cat":[22],"product_tag":[],"class_list":{"0":"post-4602","1":"product","2":"type-product","3":"status-publish","4":"has-post-thumbnail","6":"product_cat-disposable-vape-sticks","8":"first","9":"instock","10":"shipping-taxable","11":"purchasable","12":"product-type-simple"},"jetpack_sharing_enabled":true,"tiered_pricing_type":"fixed","tiered_pricing_fixed_rules":{"1000":17,"10000":16,"50000":14},"tiered_pricing_product_settings":{"layout":"default","base_unit_name":{"singular":null,"plural":null},"default_variation":null},"tiered_pricing_minimum_quantity":100,"tiered_pricing_roles_data":[],"tiered_pricing_percentage_rules":[],"tiered_pricing_maximum_quantity":null,"tiered_pricing_quantity_step":null,"_links":{"self":[{"href":"https:\/\/cloudsupplyvapes.com\/fr\/wp-json\/wp\/v2\/product\/4602","targetHints":{"allow":["GET"]}}],"collection":[{"href":"https:\/\/cloudsupplyvapes.com\/fr\/wp-json\/wp\/v2\/product"}],"about":[{"href":"https:\/\/cloudsupplyvapes.com\/fr\/wp-json\/wp\/v2\/types\/product"}],"replies":[{"embeddable":true,"href":"https:\/\/cloudsupplyvapes.com\/fr\/wp-json\/wp\/v2\/comments?post=4602"}],"wp:featuredmedia":[{"embeddable":true,"href":"https:\/\/cloudsupplyvapes.com\/fr\/wp-json\/wp\/v2\/media\/4876"}],"wp:attachment":[{"href":"https:\/\/cloudsupplyvapes.com\/fr\/wp-json\/wp\/v2\/media?parent=4602"}],"wp:term":[{"taxonomy":"product_brand","embeddable":true,"href":"https:\/\/cloudsupplyvapes.com\/fr\/wp-json\/wp\/v2\/product_brand?post=4602"},{"taxonomy":"product_cat","embeddable":true,"href":"https:\/\/cloudsupplyvapes.com\/fr\/wp-json\/wp\/v2\/product_cat?post=4602"},{"taxonomy":"product_tag","embeddable":true,"href":"https:\/\/cloudsupplyvapes.com\/fr\/wp-json\/wp\/v2\/product_tag?post=4602"}],"curies":[{"name":"wp","href":"https:\/\/api.w.org\/{rel}","templated":true}]}}