{"id":4604,"date":"2024-10-19T02:38:00","date_gmt":"2024-10-19T02:38:00","guid":{"rendered":"https:\/\/cloudsupplyvapes.com\/?post_type=product&#038;p=4604"},"modified":"2024-11-26T05:27:33","modified_gmt":"2024-11-26T05:27:33","slug":"-163","status":"publish","type":"product","link":"https:\/\/cloudsupplyvapes.com\/fr\/product\/elfworld-ice-king-8500-puffs-disposable-vape-wholesale\/","title":{"rendered":"ELFWORLD Ice King 8500 Puffs Vape jetable en gros Exp\u00e9rience de vapeur douce et durable"},"content":{"rendered":"<h2><b>ELFWORLD Ice King Vape jetable<\/b><\/h2>\n<ul class=\"top\">\n<li style=\"list-style-type: none;\">\n<ul class=\"top\">\n<li>Marque :\u00a0<b>ELFWORLD<\/b><\/li>\n<li>Unit\u00e9 : ensemble<\/li>\n<li>Type :\u00a0<b>Vape \u00e0 usage unique<\/b><\/li>\n<li>Poids net : 70(g)<\/li>\n<\/ul>\n<\/li>\n<\/ul>\n<p>Les frais d'exp\u00e9dition combin\u00e9s seront calcul\u00e9s automatiquement par le syst\u00e8me une fois que vous aurez choisi la destination d'exp\u00e9dition \u00e0 l'\u00e9tape de la commande.<\/p>\n<div class=\"title\">ELFWORLD Ice King Vape jetable INTRODUCTION<\/div>\n<p><b>ELFWORLD Ice King Vape jetable<\/b>\u00a0vous offre une sensation de fra\u00eecheur avec une contenance de 17 ml d'e-liquide pr\u00e9-rempli et jusqu'\u00e0 8500 bouff\u00e9es. Le menu vari\u00e9 de saveurs provient de ses diff\u00e9rents e-liquides et de sa bobine int\u00e9gr\u00e9e, qui suit la cha\u00eene de vapotage. Les couleurs sont vives et attrayantes, la forme ergonomique de la box permet une bonne prise en main. \u00c9quip\u00e9 d'un taux de nicotine de 5% (50mg) et d'une batterie rechargeable de 550mAh, il vous offre un hit frit surprenant.<\/p>\n<p class=\"second-title\">Caract\u00e9ristiques<\/p>\n<p>- 17mL E-Liquide pr\u00e9-rempli<\/p>\n<p>- 5%(50mg) Nicotine<\/p>\n<p>- Batterie rechargeable 550mAh<\/p>\n<p>- Environ 8500 bouff\u00e9es<\/p>\n<p>- Port Type-C (non inclus)<\/p>\n<p>- Bobine de maille<\/p>\n<p>- Dessin activ\u00e9<\/p>\n<p>- MTL Vaping<\/p>","protected":false},"excerpt":{"rendered":"<p>ELFWORLD Ice King 8500 Puffs Disposable Vape Wholesale delivers long-lasting performance, consistent vapor output, and a sleek design for portable and satisfying vaping.<\/p>","protected":false},"featured_media":4896,"comment_status":"open","ping_status":"closed","template":"","meta":[],"product_brand":[],"product_cat":[22,480],"product_tag":[467],"class_list":{"0":"post-4604","1":"product","2":"type-product","3":"status-publish","4":"has-post-thumbnail","6":"product_cat-disposable-vape-sticks","7":"product_cat-elfworld","8":"product_tag-elfworld","10":"first","11":"instock","12":"shipping-taxable","13":"purchasable","14":"product-type-simple"},"jetpack_sharing_enabled":true,"tiered_pricing_type":"fixed","tiered_pricing_fixed_rules":{"1000":6.5,"10000":6,"50000":5.5},"tiered_pricing_product_settings":{"layout":"default","base_unit_name":{"singular":null,"plural":null},"default_variation":null},"tiered_pricing_minimum_quantity":100,"tiered_pricing_roles_data":[],"tiered_pricing_percentage_rules":[],"tiered_pricing_maximum_quantity":null,"tiered_pricing_quantity_step":null,"_links":{"self":[{"href":"https:\/\/cloudsupplyvapes.com\/fr\/wp-json\/wp\/v2\/product\/4604","targetHints":{"allow":["GET"]}}],"collection":[{"href":"https:\/\/cloudsupplyvapes.com\/fr\/wp-json\/wp\/v2\/product"}],"about":[{"href":"https:\/\/cloudsupplyvapes.com\/fr\/wp-json\/wp\/v2\/types\/product"}],"replies":[{"embeddable":true,"href":"https:\/\/cloudsupplyvapes.com\/fr\/wp-json\/wp\/v2\/comments?post=4604"}],"wp:featuredmedia":[{"embeddable":true,"href":"https:\/\/cloudsupplyvapes.com\/fr\/wp-json\/wp\/v2\/media\/4896"}],"wp:attachment":[{"href":"https:\/\/cloudsupplyvapes.com\/fr\/wp-json\/wp\/v2\/media?parent=4604"}],"wp:term":[{"taxonomy":"product_brand","embeddable":true,"href":"https:\/\/cloudsupplyvapes.com\/fr\/wp-json\/wp\/v2\/product_brand?post=4604"},{"taxonomy":"product_cat","embeddable":true,"href":"https:\/\/cloudsupplyvapes.com\/fr\/wp-json\/wp\/v2\/product_cat?post=4604"},{"taxonomy":"product_tag","embeddable":true,"href":"https:\/\/cloudsupplyvapes.com\/fr\/wp-json\/wp\/v2\/product_tag?post=4604"}],"curies":[{"name":"wp","href":"https:\/\/api.w.org\/{rel}","templated":true}]}}