{"id":4605,"date":"2024-10-19T02:38:00","date_gmt":"2024-10-19T02:38:00","guid":{"rendered":"https:\/\/cloudsupplyvapes.com\/?post_type=product&#038;p=4605"},"modified":"2024-11-26T05:27:45","modified_gmt":"2024-11-26T05:27:45","slug":"-164","status":"publish","type":"product","link":"https:\/\/cloudsupplyvapes.com\/fr\/product\/elfworld-mc8500-8500-puffs-disposable-vape-wholesale\/","title":{"rendered":"ELFWORLD MC8500 8500 Puffs Vape jetable Wholesale Compact Durable Performance"},"content":{"rendered":"<h2>ELFWORLD MC8500 Vape jetable<\/h2>\n<ul class=\"top\">\n<li style=\"list-style-type: none;\">\n<ul class=\"top\">\n<li>Marque :\u00a0<b>ELFWORLD<\/b><\/li>\n<li>Unit\u00e9 : ensemble<\/li>\n<li>Type :\u00a0<b>Vape \u00e0 usage unique<\/b><\/li>\n<li>Poids net : 90(g)<\/li>\n<\/ul>\n<\/li>\n<\/ul>\n<p>Les frais d'exp\u00e9dition combin\u00e9s seront calcul\u00e9s automatiquement par le syst\u00e8me une fois que vous aurez choisi la destination d'exp\u00e9dition \u00e0 l'\u00e9tape de la commande.<\/p>\n<div class=\"title\">ELFWORLD MC8500 Vape jetable INTRODUCTION<\/div>\n<p><b>ELFWORLD MC8500 Vape jetable<\/b>\u00a0est pr\u00e9charg\u00e9 avec 16ml de jus de vape au taux de nicotine de 5%(50mg), fonctionnant avec une batterie rechargeable de 650mAh, vous pouvez profiter d'une vapeur incomparable gr\u00e2ce \u00e0 son mesh coil int\u00e9gr\u00e9, et chaque appareil d\u00e9livre jusqu'\u00e0 8500 bouff\u00e9es. Son cadre en C allong\u00e9, orn\u00e9 d'un ext\u00e9rieur en fausse r\u00e9sine, ajoute une touche d'\u00e9l\u00e9gance, et l'inclusion d'une dragonne am\u00e9liore la portabilit\u00e9 et la commodit\u00e9. La bobine \u00e0 mailles assure une saveur et une production de vapeur optimales jusqu'\u00e0 8500 bouff\u00e9es.<\/p>\n<p class=\"second-title\">Caract\u00e9ristiques<\/p>\n<p>- 16ml Vape Juice pr\u00e9-rempli<\/p>\n<p>- 5%(50mg) Nic Salt<\/p>\n<p>- Batterie rechargeable 650mAh<\/p>\n<p>- Port USB-C<\/p>\n<p>- Environ 8500 bouff\u00e9es<\/p>\n<p>- Bobine de maille<\/p>\n<p>- Dessin activ\u00e9<\/p>\n<p><b>Saveur :<\/b><\/p>\n<p>Miam<\/p>\n<p>Minty<\/p>\n<p>Grape ice<\/p>\n<p>Past\u00e8que \u00e0 la fraise<\/p>\n<p>Glace aux trois baies<\/p>\n<p>Glace bleue<\/p>\n<p>Glace luxuriante<\/p>\n<p>Glace de p\u00eache juteuse<\/p>","protected":false},"excerpt":{"rendered":"<p>The ELFWORLD MC8500 8500 Puffs Disposable Vape Wholesale features a compact design, durable construction, and smooth throat hits for a premium vaping experience.<\/p>","protected":false},"featured_media":4908,"comment_status":"open","ping_status":"closed","template":"","meta":[],"product_brand":[],"product_cat":[22,480],"product_tag":[467],"class_list":{"0":"post-4605","1":"product","2":"type-product","3":"status-publish","4":"has-post-thumbnail","6":"product_cat-disposable-vape-sticks","7":"product_cat-elfworld","8":"product_tag-elfworld","10":"first","11":"instock","12":"shipping-taxable","13":"purchasable","14":"product-type-simple"},"jetpack_sharing_enabled":true,"tiered_pricing_type":"fixed","tiered_pricing_fixed_rules":{"1000":7,"10000":6,"50000":5},"tiered_pricing_product_settings":{"layout":"default","base_unit_name":{"singular":null,"plural":null},"default_variation":null},"tiered_pricing_minimum_quantity":100,"tiered_pricing_roles_data":[],"tiered_pricing_percentage_rules":[],"tiered_pricing_maximum_quantity":null,"tiered_pricing_quantity_step":null,"_links":{"self":[{"href":"https:\/\/cloudsupplyvapes.com\/fr\/wp-json\/wp\/v2\/product\/4605","targetHints":{"allow":["GET"]}}],"collection":[{"href":"https:\/\/cloudsupplyvapes.com\/fr\/wp-json\/wp\/v2\/product"}],"about":[{"href":"https:\/\/cloudsupplyvapes.com\/fr\/wp-json\/wp\/v2\/types\/product"}],"replies":[{"embeddable":true,"href":"https:\/\/cloudsupplyvapes.com\/fr\/wp-json\/wp\/v2\/comments?post=4605"}],"wp:featuredmedia":[{"embeddable":true,"href":"https:\/\/cloudsupplyvapes.com\/fr\/wp-json\/wp\/v2\/media\/4908"}],"wp:attachment":[{"href":"https:\/\/cloudsupplyvapes.com\/fr\/wp-json\/wp\/v2\/media?parent=4605"}],"wp:term":[{"taxonomy":"product_brand","embeddable":true,"href":"https:\/\/cloudsupplyvapes.com\/fr\/wp-json\/wp\/v2\/product_brand?post=4605"},{"taxonomy":"product_cat","embeddable":true,"href":"https:\/\/cloudsupplyvapes.com\/fr\/wp-json\/wp\/v2\/product_cat?post=4605"},{"taxonomy":"product_tag","embeddable":true,"href":"https:\/\/cloudsupplyvapes.com\/fr\/wp-json\/wp\/v2\/product_tag?post=4605"}],"curies":[{"name":"wp","href":"https:\/\/api.w.org\/{rel}","templated":true}]}}