{"id":4606,"date":"2024-10-19T02:38:00","date_gmt":"2024-10-19T02:38:00","guid":{"rendered":"https:\/\/cloudsupplyvapes.com\/?post_type=product&#038;p=4606"},"modified":"2024-11-26T05:27:58","modified_gmt":"2024-11-26T05:27:58","slug":"-165","status":"publish","type":"product","link":"https:\/\/cloudsupplyvapes.com\/fr\/product\/elfworld-i15-pro-12000-puffs-disposable-vape-wholesale\/","title":{"rendered":"ELFWORLD I15 Pro 12000 bouff\u00e9es Vape jetable en gros Rechargeable High Capacity Design"},"content":{"rendered":"<h2>ELFWORLD I15 Pro Vape jetable<\/h2>\n<ul class=\"top\">\n<li style=\"list-style-type: none;\">\n<ul class=\"top\">\n<li>Marque :\u00a0<b>ELFWORLD<\/b><\/li>\n<li>Unit\u00e9 : ensemble<\/li>\n<li>Type :\u00a0<b>Vape \u00e0 usage unique<\/b><\/li>\n<li>Poids net : 70(g)<\/li>\n<\/ul>\n<\/li>\n<\/ul>\n<p>Les frais d'exp\u00e9dition combin\u00e9s seront calcul\u00e9s automatiquement par le syst\u00e8me une fois que vous aurez choisi la destination d'exp\u00e9dition \u00e0 l'\u00e9tape de la commande.<\/p>\n<div class=\"title\">ELFWORLD I15 Pro Vape jetable INTRODUCTION<\/div>\n<p><b>ELFWORLD I15 Pro Vape jetable<\/b>\u00a0Il est livr\u00e9 avec 18 ml de jus de vape pr\u00e9-rempli, une batterie rechargeable de 600 mAh, un \u00e9cran qui affiche l'autonomie de la batterie et le niveau de jus de vape, et peut fournir aux vapoteurs environ 12 000 bouff\u00e9es. ELFWORLD I15 Pro est la version am\u00e9lior\u00e9e et plus puissante. Avec 18 ml de jus, il peut produire 12 000 bouff\u00e9es. Il est facile \u00e0 utiliser en inhalant et intelligent. Un \u00e9cran vous indique clairement l'autonomie de la batterie et le niveau de jus. Vous savez quand recharger la batterie et o\u00f9 en acheter une nouvelle. I15 Pro est l'avenir des vapes jetables.<\/p>\n<p class=\"second-title\">Caract\u00e9ristiques<\/p>\n<p>- 18ml E-Liquide pr\u00e9-rempli<\/p>\n<p>- Batterie rechargeable de 600mAh<\/p>\n<p>- 5%(50mg) Teneur en nicotine<\/p>\n<p>- Bobine de maille<\/p>\n<p>- \u00c9cran d'affichage de l'autonomie de la batterie et du niveau de jus de vape<\/p>\n<p>- Chargement par USB Type-C (c\u00e2ble non inclus)<\/p>\n<p>- Environ 12 000 bouff\u00e9es<\/p>\n<p>- Dessin activ\u00e9<\/p>\n<p>- MTL Vaping<\/p>\n<p><a href=\"https:\/\/i0.wp.com\/shop.vape.hk\/wp-content\/uploads\/2023\/10\/New-Invention-Elfworld-I15-PRO-12000-Puffs-Apple-Super-Thin-Disposable-Vape-Long-Lasting-Flavor-Ultra-Thin-E-Cig-Elf-World-Puff-Vape-Pen-OEM-Business-Elites.webp?ssl=1\" target=\"_blank\" rel=\"noopener\"><img data-recalc-dims=\"1\" loading=\"lazy\" decoding=\"async\" class=\"alignnone size-full wp-image-124590\" src=\"https:\/\/i0.wp.com\/shop.vape.hk\/wp-content\/uploads\/2023\/10\/New-Invention-Elfworld-I15-PRO-12000-Puffs-Apple-Super-Thin-Disposable-Vape-Long-Lasting-Flavor-Ultra-Thin-E-Cig-Elf-World-Puff-Vape-Pen-OEM-Business-Elites.webp?resize=1020%2C572&#038;ssl=1\" alt=\"ELFWORLD MC8500 8500 Puffs Jetable Vape | Wholesale\" width=\"1020\" height=\"572\" title=\"\"><\/a><\/p>","protected":false},"excerpt":{"rendered":"<p>ELFWORLD I15 Pro 12000 Puffs Vape jetable en gros combine une grande capacit\u00e9 avec la commodit\u00e9 d'une recharge, garantissant des sessions de vapotage prolong\u00e9es et une diffusion de la vapeur en douceur.<\/p>","protected":false},"featured_media":4909,"comment_status":"open","ping_status":"closed","template":"","meta":[],"product_brand":[],"product_cat":[22,480],"product_tag":[467],"class_list":{"0":"post-4606","1":"product","2":"type-product","3":"status-publish","4":"has-post-thumbnail","6":"product_cat-disposable-vape-sticks","7":"product_cat-elfworld","8":"product_tag-elfworld","10":"first","11":"instock","12":"shipping-taxable","13":"purchasable","14":"product-type-simple"},"jetpack_sharing_enabled":true,"tiered_pricing_type":"fixed","tiered_pricing_fixed_rules":{"1000":9,"10000":8,"50000":7},"tiered_pricing_product_settings":{"layout":"default","base_unit_name":{"singular":null,"plural":null},"default_variation":null},"tiered_pricing_minimum_quantity":100,"tiered_pricing_roles_data":[],"tiered_pricing_percentage_rules":[],"tiered_pricing_maximum_quantity":null,"tiered_pricing_quantity_step":null,"_links":{"self":[{"href":"https:\/\/cloudsupplyvapes.com\/fr\/wp-json\/wp\/v2\/product\/4606","targetHints":{"allow":["GET"]}}],"collection":[{"href":"https:\/\/cloudsupplyvapes.com\/fr\/wp-json\/wp\/v2\/product"}],"about":[{"href":"https:\/\/cloudsupplyvapes.com\/fr\/wp-json\/wp\/v2\/types\/product"}],"replies":[{"embeddable":true,"href":"https:\/\/cloudsupplyvapes.com\/fr\/wp-json\/wp\/v2\/comments?post=4606"}],"wp:featuredmedia":[{"embeddable":true,"href":"https:\/\/cloudsupplyvapes.com\/fr\/wp-json\/wp\/v2\/media\/4909"}],"wp:attachment":[{"href":"https:\/\/cloudsupplyvapes.com\/fr\/wp-json\/wp\/v2\/media?parent=4606"}],"wp:term":[{"taxonomy":"product_brand","embeddable":true,"href":"https:\/\/cloudsupplyvapes.com\/fr\/wp-json\/wp\/v2\/product_brand?post=4606"},{"taxonomy":"product_cat","embeddable":true,"href":"https:\/\/cloudsupplyvapes.com\/fr\/wp-json\/wp\/v2\/product_cat?post=4606"},{"taxonomy":"product_tag","embeddable":true,"href":"https:\/\/cloudsupplyvapes.com\/fr\/wp-json\/wp\/v2\/product_tag?post=4606"}],"curies":[{"name":"wp","href":"https:\/\/api.w.org\/{rel}","templated":true}]}}