{"id":461,"date":"2024-10-19T02:12:31","date_gmt":"2024-10-19T02:12:31","guid":{"rendered":"https:\/\/cloudsupplyvapes.com\/?post_type=product&#038;p=461"},"modified":"2024-11-26T09:36:17","modified_gmt":"2024-11-26T09:36:17","slug":"-3","status":"publish","type":"product","link":"https:\/\/cloudsupplyvapes.com\/fr\/product\/glamee-mate-3000-puffs-wholesale\/","title":{"rendered":"Glamee Mate 3000 bouff\u00e9es jetables | Vape compacte et l\u00e9g\u00e8re en gros"},"content":{"rendered":"<p><strong>D\u00e9tails de l'appareil :<\/strong><\/p>\n<ul>\n<li>Taille : 9ml<\/li>\n<li>Teneur en nicotine : 5.0%<\/li>\n<li>Sel Nicotine \u00e9quivalente \u00e0 environ 1 paquet de cigarettes<\/li>\n<li>Capacit\u00e9 de la batterie : 1800mAh<\/li>\n<li>Nombre de bouff\u00e9es : 3000+ bouff\u00e9es<\/li>\n<\/ul>","protected":false},"excerpt":{"rendered":"<p>Glamee Mate 3000 Puffs Disposable Vape Wholesale se caract\u00e9rise par un design l\u00e9ger, un effet de gorge doux et un taux de nicotine \u00e9lev\u00e9 pour des exp\u00e9riences de vapotage satisfaisantes.<\/p>","protected":false},"featured_media":490,"comment_status":"open","ping_status":"closed","template":"","meta":[],"product_brand":[],"product_cat":[22],"product_tag":[],"class_list":{"0":"post-461","1":"product","2":"type-product","3":"status-publish","4":"has-post-thumbnail","6":"product_cat-disposable-vape-sticks","8":"first","9":"instock","10":"shipping-taxable","11":"purchasable","12":"product-type-simple"},"jetpack_sharing_enabled":true,"tiered_pricing_type":"fixed","tiered_pricing_fixed_rules":[],"tiered_pricing_product_settings":{"layout":"default","base_unit_name":{"singular":null,"plural":null},"default_variation":null},"tiered_pricing_minimum_quantity":100,"tiered_pricing_roles_data":[],"tiered_pricing_percentage_rules":[],"tiered_pricing_maximum_quantity":null,"tiered_pricing_quantity_step":null,"_links":{"self":[{"href":"https:\/\/cloudsupplyvapes.com\/fr\/wp-json\/wp\/v2\/product\/461","targetHints":{"allow":["GET"]}}],"collection":[{"href":"https:\/\/cloudsupplyvapes.com\/fr\/wp-json\/wp\/v2\/product"}],"about":[{"href":"https:\/\/cloudsupplyvapes.com\/fr\/wp-json\/wp\/v2\/types\/product"}],"replies":[{"embeddable":true,"href":"https:\/\/cloudsupplyvapes.com\/fr\/wp-json\/wp\/v2\/comments?post=461"}],"wp:featuredmedia":[{"embeddable":true,"href":"https:\/\/cloudsupplyvapes.com\/fr\/wp-json\/wp\/v2\/media\/490"}],"wp:attachment":[{"href":"https:\/\/cloudsupplyvapes.com\/fr\/wp-json\/wp\/v2\/media?parent=461"}],"wp:term":[{"taxonomy":"product_brand","embeddable":true,"href":"https:\/\/cloudsupplyvapes.com\/fr\/wp-json\/wp\/v2\/product_brand?post=461"},{"taxonomy":"product_cat","embeddable":true,"href":"https:\/\/cloudsupplyvapes.com\/fr\/wp-json\/wp\/v2\/product_cat?post=461"},{"taxonomy":"product_tag","embeddable":true,"href":"https:\/\/cloudsupplyvapes.com\/fr\/wp-json\/wp\/v2\/product_tag?post=461"}],"curies":[{"name":"wp","href":"https:\/\/api.w.org\/{rel}","templated":true}]}}