{"id":463,"date":"2024-10-19T02:12:31","date_gmt":"2024-10-19T02:12:31","guid":{"rendered":"https:\/\/cloudsupplyvapes.com\/?post_type=product&#038;p=463"},"modified":"2024-11-26T09:36:38","modified_gmt":"2024-11-26T09:36:38","slug":"-5","status":"publish","type":"product","link":"https:\/\/cloudsupplyvapes.com\/fr\/product\/glamee-rechargeable-4000-puffs-wholesale\/","title":{"rendered":"Glamee Rechargeable 4000 Puffs Jetable | Wholesale Eco-Friendly Rechargeable Design"},"content":{"rendered":"<div>Taille : 16ml<\/div>\n<div>Teneur en nicotine : 5.0%<\/div>\n<div>Sel Nicotine \u00e9quivalente \u00e0 environ 1 paquet de cigarettes<\/div>\n<div>Capacit\u00e9 de la batterie : 2200mAh<\/div>\n<div>Nombre de bouff\u00e9es : 4000+ bouff\u00e9es<\/div>\n<div>Saveurs : 20 saveurs disponibles<\/div>\n<div><\/div>\n<div><\/div>\n<div>Saveurs :<\/div>\n<div>Menthe fra\u00eeche<\/div>\n<div>Cr\u00e8me glac\u00e9e au taro<\/div>\n<div>Arc-en-ciel<\/div>\n<div>Cr\u00e8me de fraises<\/div>\n<div>Fruit de la passion Mangue<\/div>\n<div>Fraise et banane<\/div>\n<div>Myrtille Framboise Citron<\/div>\n<div>Glace \u00e0 la p\u00eache<\/div>\n<div>Past\u00e8que \u00e0 la fraise<\/div>\n<div>P\u00eache Mangue Past\u00e8que<\/div>\n<div>Shake Shake<\/div>\n<div>Jungle Juice<\/div>\n<div>Glace luxuriante<\/div>\n<div>L'amour fantastique<\/div>\n<div>Glace pomme-banane<\/div>\n<div>P\u00eache Mangue<\/div>\n<div>Past\u00e8que \u00e0 m\u00e2cher<\/div>\n<div>Glace Blue Razz<\/div>\n<div>Boisson \u00e9nerg\u00e9tique verte<\/div>\n<div>Glace kiwi myrtille<\/div>","protected":false},"excerpt":{"rendered":"<p>Glamee Rechargeable 4000 Puffs Disposable Vape Wholesale combine une recharge respectueuse de l'environnement avec un d\u00e9bit de vapeur r\u00e9gulier pour des sessions de vapotage durables.<\/p>","protected":false},"featured_media":497,"comment_status":"open","ping_status":"closed","template":"","meta":[],"product_brand":[],"product_cat":[22],"product_tag":[],"class_list":{"0":"post-463","1":"product","2":"type-product","3":"status-publish","4":"has-post-thumbnail","6":"product_cat-disposable-vape-sticks","8":"first","9":"instock","10":"shipping-taxable","11":"purchasable","12":"product-type-simple"},"jetpack_sharing_enabled":true,"tiered_pricing_type":"fixed","tiered_pricing_fixed_rules":[],"tiered_pricing_product_settings":{"layout":"default","base_unit_name":{"singular":null,"plural":null},"default_variation":null},"tiered_pricing_minimum_quantity":100,"tiered_pricing_roles_data":[],"tiered_pricing_percentage_rules":[],"tiered_pricing_maximum_quantity":null,"tiered_pricing_quantity_step":null,"_links":{"self":[{"href":"https:\/\/cloudsupplyvapes.com\/fr\/wp-json\/wp\/v2\/product\/463","targetHints":{"allow":["GET"]}}],"collection":[{"href":"https:\/\/cloudsupplyvapes.com\/fr\/wp-json\/wp\/v2\/product"}],"about":[{"href":"https:\/\/cloudsupplyvapes.com\/fr\/wp-json\/wp\/v2\/types\/product"}],"replies":[{"embeddable":true,"href":"https:\/\/cloudsupplyvapes.com\/fr\/wp-json\/wp\/v2\/comments?post=463"}],"wp:featuredmedia":[{"embeddable":true,"href":"https:\/\/cloudsupplyvapes.com\/fr\/wp-json\/wp\/v2\/media\/497"}],"wp:attachment":[{"href":"https:\/\/cloudsupplyvapes.com\/fr\/wp-json\/wp\/v2\/media?parent=463"}],"wp:term":[{"taxonomy":"product_brand","embeddable":true,"href":"https:\/\/cloudsupplyvapes.com\/fr\/wp-json\/wp\/v2\/product_brand?post=463"},{"taxonomy":"product_cat","embeddable":true,"href":"https:\/\/cloudsupplyvapes.com\/fr\/wp-json\/wp\/v2\/product_cat?post=463"},{"taxonomy":"product_tag","embeddable":true,"href":"https:\/\/cloudsupplyvapes.com\/fr\/wp-json\/wp\/v2\/product_tag?post=463"}],"curies":[{"name":"wp","href":"https:\/\/api.w.org\/{rel}","templated":true}]}}