{"id":4695,"date":"2024-10-19T02:38:24","date_gmt":"2024-10-19T02:38:24","guid":{"rendered":"https:\/\/cloudsupplyvapes.com\/?post_type=product&#038;p=4695"},"modified":"2024-11-26T03:54:54","modified_gmt":"2024-11-26T03:54:54","slug":"-168","status":"publish","type":"product","link":"https:\/\/cloudsupplyvapes.com\/fr\/product\/elfworld-mg2500-2500-puffs-disposable-vape-wholesale\/","title":{"rendered":"ELFWORLD MG2500 2500 bouff\u00e9es Vape jetable en gros Vape portable pour d\u00e9butants"},"content":{"rendered":"<h4>Param\u00e8tres :<\/h4>\n<p>Capacit\u00e9 : 7ml<\/p>\n<p>R\u00e9sistance : 0\/2\/3\/5% Mesh Coil<\/p>\n<p>Batterie : int\u00e9gr\u00e9e 850mAh<\/p>\n<p>Bouff\u00e9es:2500 bouff\u00e9es<\/p>\n<p>Emballage : 10 pi\u00e8ces\/bo\u00eete<\/p>\n<p><strong>Saveurs :<\/strong><\/p>\n<p>1.GLACE \u00c0 LA FRAISE<\/p>\n<p>2.GLACE BLEUE<\/p>\n<p>3. FRAISE-MANGUE<\/p>\n<p>4. MENTHE FROIDE<\/p>\n<p>5.FRAISE KIWI<\/p>\n<p>6. GLACE \u00c0 LA P\u00caCHE<\/p>\n<p>7. GLACE AUX MYRTILLES<\/p>\n<p>8. GLACE \u00c0 LA PAST\u00c8QUE<\/p>\n<p>9. GLACE AU RAISIN<\/p>\n<p>10. GLACE AUX FRUITS ROUGES<\/p>","protected":false},"excerpt":{"rendered":"<p>ELFWORLD MG2500 2500 Puffs Disposable Vape Wholesale se caract\u00e9rise par un design portable et adapt\u00e9 aux d\u00e9butants, avec une vapeur constante et des coups de gorge doux pour un vapotage sans effort.<\/p>","protected":false},"featured_media":4929,"comment_status":"open","ping_status":"closed","template":"","meta":[],"product_brand":[],"product_cat":[22,480],"product_tag":[467],"class_list":{"0":"post-4695","1":"product","2":"type-product","3":"status-publish","4":"has-post-thumbnail","6":"product_cat-disposable-vape-sticks","7":"product_cat-elfworld","8":"product_tag-elfworld","10":"first","11":"instock","12":"shipping-taxable","13":"purchasable","14":"product-type-simple"},"jetpack_sharing_enabled":true,"tiered_pricing_type":"fixed","tiered_pricing_fixed_rules":{"1000":4,"10000":3,"50000":2.5},"tiered_pricing_product_settings":{"layout":"default","base_unit_name":{"singular":null,"plural":null},"default_variation":null},"tiered_pricing_minimum_quantity":100,"tiered_pricing_roles_data":[],"tiered_pricing_percentage_rules":[],"tiered_pricing_maximum_quantity":null,"tiered_pricing_quantity_step":null,"_links":{"self":[{"href":"https:\/\/cloudsupplyvapes.com\/fr\/wp-json\/wp\/v2\/product\/4695","targetHints":{"allow":["GET"]}}],"collection":[{"href":"https:\/\/cloudsupplyvapes.com\/fr\/wp-json\/wp\/v2\/product"}],"about":[{"href":"https:\/\/cloudsupplyvapes.com\/fr\/wp-json\/wp\/v2\/types\/product"}],"replies":[{"embeddable":true,"href":"https:\/\/cloudsupplyvapes.com\/fr\/wp-json\/wp\/v2\/comments?post=4695"}],"wp:featuredmedia":[{"embeddable":true,"href":"https:\/\/cloudsupplyvapes.com\/fr\/wp-json\/wp\/v2\/media\/4929"}],"wp:attachment":[{"href":"https:\/\/cloudsupplyvapes.com\/fr\/wp-json\/wp\/v2\/media?parent=4695"}],"wp:term":[{"taxonomy":"product_brand","embeddable":true,"href":"https:\/\/cloudsupplyvapes.com\/fr\/wp-json\/wp\/v2\/product_brand?post=4695"},{"taxonomy":"product_cat","embeddable":true,"href":"https:\/\/cloudsupplyvapes.com\/fr\/wp-json\/wp\/v2\/product_cat?post=4695"},{"taxonomy":"product_tag","embeddable":true,"href":"https:\/\/cloudsupplyvapes.com\/fr\/wp-json\/wp\/v2\/product_tag?post=4695"}],"curies":[{"name":"wp","href":"https:\/\/api.w.org\/{rel}","templated":true}]}}