{"id":4696,"date":"2024-10-19T02:38:24","date_gmt":"2024-10-19T02:38:24","guid":{"rendered":"https:\/\/cloudsupplyvapes.com\/?post_type=product&#038;p=4696"},"modified":"2024-11-26T03:55:32","modified_gmt":"2024-11-26T03:55:32","slug":"-169","status":"publish","type":"product","link":"https:\/\/cloudsupplyvapes.com\/fr\/product\/elfworld-trans-pro-9000-puffs-disposable-vape-wholesale\/","title":{"rendered":"ELFWORLD TRANS Pro 9000 bouff\u00e9es Vape jetable en gros Rechargeable de haute qualit\u00e9 Construction"},"content":{"rendered":"<h3>Param\u00e8tres :<\/h3>\n<p>Capacit\u00e9 : 16ml<\/p>\n<p>Taux de Nicotine:0%2%3%5% Mesh Coil<\/p>\n<p>Batterie : 750mAh Type-C rechargeable int\u00e9gr\u00e9<\/p>\n<p>Bouff\u00e9es:9000 bouff\u00e9es<\/p>\n<p><strong>Saveurs :<\/strong><\/p>\n<p>1. P\u00caCHE MANGUE<\/p>\n<p>2. FRAISE KIWI<\/p>\n<p>3.BLUE RAZZ ICE ICE<\/p>\n<p>4. GLACE AU RAISIN<\/p>\n<p>5. GLACE \u00c0 LA PAST\u00c8QUE<\/p>\n<p>6.BAIES M\u00c9LANG\u00c9ES<\/p>\n<p>7. MENTHE FROIDE<\/p>\n<p>8. FRAISE-BANANE<\/p>\n<p>9.ANANAS NOIX DE COCO<\/p>\n<p>10.CANTALOUP POMME<\/p>\n<p><a href=\"https:\/\/i0.wp.com\/shop.vape.hk\/wp-content\/uploads\/2023\/10\/Dual-Funtions-Vapes-Airflow-Adjustable-and-LED-Screen-Original-Elfworld-Trans-PRO-9000-Puffs-Elf-World-Trans-PRO-9000-Mesh-Coil-0-2-3-5-Nicotine-Salt-9.webp?ssl=1\" target=\"_blank\" rel=\"noopener\"><img data-recalc-dims=\"1\" loading=\"lazy\" decoding=\"async\" class=\"alignnone size-full wp-image-124605\" src=\"https:\/\/i0.wp.com\/shop.vape.hk\/wp-content\/uploads\/2023\/10\/Dual-Funtions-Vapes-Airflow-Adjustable-and-LED-Screen-Original-Elfworld-Trans-PRO-9000-Puffs-Elf-World-Trans-PRO-9000-Mesh-Coil-0-2-3-5-Nicotine-Salt-9.webp?resize=1020%2C1503&#038;ssl=1\" alt=\"ELFWORLD TRANS Pro 9000 Puffs Jetable Vape | Wholesale\" width=\"1020\" height=\"1503\" title=\"\"><\/a> <a href=\"https:\/\/i0.wp.com\/shop.vape.hk\/wp-content\/uploads\/2023\/10\/03_493bd5d1-f637-483a-aa48-ecb96b879f91.webp?ssl=1\" target=\"_blank\" rel=\"noopener\"><img data-recalc-dims=\"1\" loading=\"lazy\" decoding=\"async\" class=\"alignnone size-full wp-image-124615\" src=\"https:\/\/i0.wp.com\/shop.vape.hk\/wp-content\/uploads\/2023\/10\/03_493bd5d1-f637-483a-aa48-ecb96b879f91.webp?resize=713%2C713&#038;ssl=1\" alt=\"ELFWORLD TRANS Pro 9000 Puffs Jetable Vape | Wholesale\" width=\"713\" height=\"713\" title=\"\"><\/a><\/p>","protected":false},"excerpt":{"rendered":"<p>Le ELFWORLD TRANS Pro 9000 Puffs Disposable Vape Wholesale combine une batterie rechargeable, une construction de haute qualit\u00e9 et un d\u00e9bit de vapeur \u00e9lev\u00e9 pour des exp\u00e9riences de vapotage fiables et de qualit\u00e9 sup\u00e9rieure.<\/p>","protected":false},"featured_media":4949,"comment_status":"open","ping_status":"closed","template":"","meta":[],"product_brand":[],"product_cat":[22,480],"product_tag":[467],"class_list":{"0":"post-4696","1":"product","2":"type-product","3":"status-publish","4":"has-post-thumbnail","6":"product_cat-disposable-vape-sticks","7":"product_cat-elfworld","8":"product_tag-elfworld","10":"first","11":"instock","12":"shipping-taxable","13":"purchasable","14":"product-type-simple"},"jetpack_sharing_enabled":true,"tiered_pricing_type":"fixed","tiered_pricing_fixed_rules":{"1000":8,"10000":7,"50000":6},"tiered_pricing_product_settings":{"layout":"default","base_unit_name":{"singular":null,"plural":null},"default_variation":null},"tiered_pricing_minimum_quantity":100,"tiered_pricing_roles_data":[],"tiered_pricing_percentage_rules":[],"tiered_pricing_maximum_quantity":null,"tiered_pricing_quantity_step":null,"_links":{"self":[{"href":"https:\/\/cloudsupplyvapes.com\/fr\/wp-json\/wp\/v2\/product\/4696","targetHints":{"allow":["GET"]}}],"collection":[{"href":"https:\/\/cloudsupplyvapes.com\/fr\/wp-json\/wp\/v2\/product"}],"about":[{"href":"https:\/\/cloudsupplyvapes.com\/fr\/wp-json\/wp\/v2\/types\/product"}],"replies":[{"embeddable":true,"href":"https:\/\/cloudsupplyvapes.com\/fr\/wp-json\/wp\/v2\/comments?post=4696"}],"wp:featuredmedia":[{"embeddable":true,"href":"https:\/\/cloudsupplyvapes.com\/fr\/wp-json\/wp\/v2\/media\/4949"}],"wp:attachment":[{"href":"https:\/\/cloudsupplyvapes.com\/fr\/wp-json\/wp\/v2\/media?parent=4696"}],"wp:term":[{"taxonomy":"product_brand","embeddable":true,"href":"https:\/\/cloudsupplyvapes.com\/fr\/wp-json\/wp\/v2\/product_brand?post=4696"},{"taxonomy":"product_cat","embeddable":true,"href":"https:\/\/cloudsupplyvapes.com\/fr\/wp-json\/wp\/v2\/product_cat?post=4696"},{"taxonomy":"product_tag","embeddable":true,"href":"https:\/\/cloudsupplyvapes.com\/fr\/wp-json\/wp\/v2\/product_tag?post=4696"}],"curies":[{"name":"wp","href":"https:\/\/api.w.org\/{rel}","templated":true}]}}