{"id":4699,"date":"2024-10-19T02:38:25","date_gmt":"2024-10-19T02:38:25","guid":{"rendered":"https:\/\/cloudsupplyvapes.com\/?post_type=product&#038;p=4699"},"modified":"2024-11-26T03:54:22","modified_gmt":"2024-11-26T03:54:22","slug":"-172","status":"publish","type":"product","link":"https:\/\/cloudsupplyvapes.com\/fr\/product\/breze-stiik-king-max-10000-puffs-free-nicotine-disposable-vape-wholesale\/","title":{"rendered":"Breze Stiik King Max 10000 bouff\u00e9es sans nicotine Vape jetable en gros Smooth Vapor Construction durable"},"content":{"rendered":"<h2>Breze Stiik King Max Zero Nicotine Vape jetable<\/h2>\n<ul class=\"top\">\n<li style=\"list-style-type: none;\">\n<ul class=\"top\">\n<li>Marque :\u00a0<b>Breze Stiik<\/b><\/li>\n<li>Unit\u00e9 : ensemble<\/li>\n<li>Type :\u00a0<b>Vape \u00e0 usage unique<\/b><\/li>\n<li>Poids net : 110(g)<\/li>\n<\/ul>\n<\/li>\n<\/ul>\n<p>Les frais d'exp\u00e9dition combin\u00e9s seront calcul\u00e9s automatiquement par le syst\u00e8me une fois que vous aurez choisi la destination d'exp\u00e9dition \u00e0 l'\u00e9tape de la commande.<\/p>\n<div class=\"title\">Breze Stiik King Max Zero Nicotine Vape jetable INTRODUCTION<\/div>\n<p><b>Breze Stiik King Max Zero Nicotine Vape jetable\u00a0<\/b>est une vape sp\u00e9ciale qui ne contient pas de nicotine. Elle est remplie de 20 ml d'un liquide sans nicotine appel\u00e9 e-juice. Cette vape est dot\u00e9e d'une batterie puissante qui peut \u00eatre recharg\u00e9e \u00e0 l'aide d'un port Type-C. Le plus int\u00e9ressant, c'est qu'elle est pr\u00e9-remplie d'une grande quantit\u00e9 d'e-juice, suffisante pour vous permettre de tirer jusqu'\u00e0 10 000 bouff\u00e9es douces et relaxantes avec diff\u00e9rents ar\u00f4mes d\u00e9licieux. Il est parfait pour ceux qui aiment cr\u00e9er de gros nuages de vapeur, car il peut contenir beaucoup d'e-liquide et poss\u00e8de une batterie puissante. Si vous souhaitez profiter de la vape sans nicotine, la Breze Stiik King Max est faite pour vous ! Il est con\u00e7u pour les personnes qui se soucient de leur sant\u00e9 et qui veulent rester \u00e0 l'\u00e9cart de la nicotine.<\/p>\n<p class=\"second-title\">Caract\u00e9ristiques<\/p>\n<p>- 20ml E-Liquide pr\u00e9-rempli<\/p>\n<p>- 0%(0mg) Intensit\u00e9 de la nicotine<\/p>\n<p>- Batterie rechargeable 850mAh<\/p>\n<p>- Port Type-C (non inclus)<\/p>\n<p>- Environ 10000 bouff\u00e9es<\/p>\n<p>- Bobine en maille sub-ohm<\/p>\n<p>- Dessin activ\u00e9<\/p>\n<p>- DTL Vaping<\/p>\n<p>- Jusqu'\u00e0 8 saveurs<\/p>\n<p><a href=\"https:\/\/i0.wp.com\/shop.vape.hk\/wp-content\/uploads\/2023\/10\/Breze_Stiik_King_Max-1.jpg?ssl=1\" target=\"_blank\" rel=\"noopener\"><img data-recalc-dims=\"1\" loading=\"lazy\" decoding=\"async\" class=\"alignnone size-full wp-image-124659\" src=\"https:\/\/i0.wp.com\/shop.vape.hk\/wp-content\/uploads\/2023\/10\/Breze_Stiik_King_Max-1.jpg?resize=698%2C1920&#038;ssl=1\" alt=\"Breze Stiik King Max Free Nicotine 10000 Bouff\u00e9es Z\u00e9ro NicotineVape jetable Wholesale\" width=\"698\" height=\"1920\" title=\"\"><\/a><\/p>","protected":false},"excerpt":{"rendered":"<p>The Breze Stiik King Max 10000 Puffs Free Nicotine Disposable Vape Wholesale offers a durable build, smooth vapor production, and an eco-friendly design for long-lasting use.<\/p>","protected":false},"featured_media":4975,"comment_status":"open","ping_status":"closed","template":"","meta":[],"product_brand":[],"product_cat":[22],"product_tag":[],"class_list":{"0":"post-4699","1":"product","2":"type-product","3":"status-publish","4":"has-post-thumbnail","6":"product_cat-disposable-vape-sticks","8":"first","9":"instock","10":"shipping-taxable","11":"purchasable","12":"product-type-simple"},"jetpack_sharing_enabled":true,"tiered_pricing_type":"fixed","tiered_pricing_fixed_rules":{"1000":11,"10000":9,"50000":8},"tiered_pricing_product_settings":{"layout":"default","base_unit_name":{"singular":null,"plural":null},"default_variation":null},"tiered_pricing_minimum_quantity":100,"tiered_pricing_roles_data":[],"tiered_pricing_percentage_rules":[],"tiered_pricing_maximum_quantity":null,"tiered_pricing_quantity_step":null,"_links":{"self":[{"href":"https:\/\/cloudsupplyvapes.com\/fr\/wp-json\/wp\/v2\/product\/4699","targetHints":{"allow":["GET"]}}],"collection":[{"href":"https:\/\/cloudsupplyvapes.com\/fr\/wp-json\/wp\/v2\/product"}],"about":[{"href":"https:\/\/cloudsupplyvapes.com\/fr\/wp-json\/wp\/v2\/types\/product"}],"replies":[{"embeddable":true,"href":"https:\/\/cloudsupplyvapes.com\/fr\/wp-json\/wp\/v2\/comments?post=4699"}],"wp:featuredmedia":[{"embeddable":true,"href":"https:\/\/cloudsupplyvapes.com\/fr\/wp-json\/wp\/v2\/media\/4975"}],"wp:attachment":[{"href":"https:\/\/cloudsupplyvapes.com\/fr\/wp-json\/wp\/v2\/media?parent=4699"}],"wp:term":[{"taxonomy":"product_brand","embeddable":true,"href":"https:\/\/cloudsupplyvapes.com\/fr\/wp-json\/wp\/v2\/product_brand?post=4699"},{"taxonomy":"product_cat","embeddable":true,"href":"https:\/\/cloudsupplyvapes.com\/fr\/wp-json\/wp\/v2\/product_cat?post=4699"},{"taxonomy":"product_tag","embeddable":true,"href":"https:\/\/cloudsupplyvapes.com\/fr\/wp-json\/wp\/v2\/product_tag?post=4699"}],"curies":[{"name":"wp","href":"https:\/\/api.w.org\/{rel}","templated":true}]}}