{"id":4700,"date":"2024-10-19T02:38:25","date_gmt":"2024-10-19T02:38:25","guid":{"rendered":"https:\/\/cloudsupplyvapes.com\/?post_type=product&#038;p=4700"},"modified":"2024-11-26T03:54:33","modified_gmt":"2024-11-26T03:54:33","slug":"-173","status":"publish","type":"product","link":"https:\/\/cloudsupplyvapes.com\/fr\/product\/breze-stiik-bs6500-6500-puffs-disposable-vape-wholesale\/","title":{"rendered":"Breze Stiik BS6500 6500 Puffs Vape jetable Wholesale Lightweight Hassle Free Operation"},"content":{"rendered":"<h2><b>Breze Stiik BS6500 Disposable Vape<\/b><\/h2>\n<ul class=\"top\">\n<li style=\"list-style-type: none;\">\n<ul class=\"top\">\n<li>Marque :\u00a0<b>Breze Stiik<\/b><\/li>\n<li>Unit\u00e9 : ensemble<\/li>\n<li>Type :\u00a0<b>Vape \u00e0 usage unique<\/b><\/li>\n<li>Poids net : 70(g)<\/li>\n<\/ul>\n<\/li>\n<\/ul>\n<p>Le syst\u00e8me calcule automatiquement les frais d'exp\u00e9dition combin\u00e9s apr\u00e8s que vous ayez choisi la destination de l'envoi \u00e0 l'\u00e9tape de la commande.<\/p>\n<div class=\"title\">Breze Stiik BS6500 Disposable Vape INTRODUCTION<\/div>\n<p><b>Breze Stiik BS6500 Disposable Vape<\/b>\u00a0features a 15ml prefilled e-liquid with 5%(50mg) nicotine strength, matching a nice kick and throat hit. Lasting around 6500 puffs, this device has a mini flagon shape, and the edges are rounded off to give a comfortable grip. Powered by a rechargeable 400mAh battery, it offers a variety of flavor combinations to choose from. The operation is as simple as inhalation, you can get a tight draw for approximately 6500 puffs.<\/p>\n<p class=\"second-title\">Caract\u00e9ristiques<\/p>\n<p>\u2022 15ml Pre-Filled E-Liquid<\/p>\n<p>- 5%(50mg) Teneur en nicotine<\/p>\n<p>\u2022 Rechargeable 400mAh Battery<\/p>\n<p>- Port Type-C (non inclus)<\/p>\n<p>\u2022 Approximately 6500 Puffs<\/p>\n<p>\u2022 1.2ohm Mesh Coil<\/p>\n<p>- Dessin activ\u00e9<\/p>\n<p>- MTL Vaping<\/p>","protected":false},"excerpt":{"rendered":"<p>Breze Stiik BS6500 6500 Puffs Disposable Vape Wholesale combines lightweight construction with hassle-free operation, delivering consistent vapor for a satisfying vaping session.<\/p>","protected":false},"featured_media":4983,"comment_status":"open","ping_status":"closed","template":"","meta":[],"product_brand":[],"product_cat":[22],"product_tag":[],"class_list":{"0":"post-4700","1":"product","2":"type-product","3":"status-publish","4":"has-post-thumbnail","6":"product_cat-disposable-vape-sticks","8":"first","9":"instock","10":"shipping-taxable","11":"purchasable","12":"product-type-simple"},"jetpack_sharing_enabled":true,"tiered_pricing_type":"fixed","tiered_pricing_fixed_rules":{"1000":6,"10000":5,"50000":4},"tiered_pricing_product_settings":{"layout":"default","base_unit_name":{"singular":null,"plural":null},"default_variation":null},"tiered_pricing_minimum_quantity":100,"tiered_pricing_roles_data":[],"tiered_pricing_percentage_rules":[],"tiered_pricing_maximum_quantity":null,"tiered_pricing_quantity_step":null,"_links":{"self":[{"href":"https:\/\/cloudsupplyvapes.com\/fr\/wp-json\/wp\/v2\/product\/4700","targetHints":{"allow":["GET"]}}],"collection":[{"href":"https:\/\/cloudsupplyvapes.com\/fr\/wp-json\/wp\/v2\/product"}],"about":[{"href":"https:\/\/cloudsupplyvapes.com\/fr\/wp-json\/wp\/v2\/types\/product"}],"replies":[{"embeddable":true,"href":"https:\/\/cloudsupplyvapes.com\/fr\/wp-json\/wp\/v2\/comments?post=4700"}],"wp:featuredmedia":[{"embeddable":true,"href":"https:\/\/cloudsupplyvapes.com\/fr\/wp-json\/wp\/v2\/media\/4983"}],"wp:attachment":[{"href":"https:\/\/cloudsupplyvapes.com\/fr\/wp-json\/wp\/v2\/media?parent=4700"}],"wp:term":[{"taxonomy":"product_brand","embeddable":true,"href":"https:\/\/cloudsupplyvapes.com\/fr\/wp-json\/wp\/v2\/product_brand?post=4700"},{"taxonomy":"product_cat","embeddable":true,"href":"https:\/\/cloudsupplyvapes.com\/fr\/wp-json\/wp\/v2\/product_cat?post=4700"},{"taxonomy":"product_tag","embeddable":true,"href":"https:\/\/cloudsupplyvapes.com\/fr\/wp-json\/wp\/v2\/product_tag?post=4700"}],"curies":[{"name":"wp","href":"https:\/\/api.w.org\/{rel}","templated":true}]}}