{"id":4701,"date":"2024-10-19T02:38:25","date_gmt":"2024-10-19T02:38:25","guid":{"rendered":"https:\/\/cloudsupplyvapes.com\/?post_type=product&#038;p=4701"},"modified":"2024-11-26T03:54:43","modified_gmt":"2024-11-26T03:54:43","slug":"-174","status":"publish","type":"product","link":"https:\/\/cloudsupplyvapes.com\/fr\/product\/breze-stiik-fit-6000-puffs-disposable-vape-wholesale\/","title":{"rendered":"Breze Stiik Fit 6000 Puffs Vape jetable en gros Design compact Performance longue dur\u00e9e"},"content":{"rendered":"<h2>Breze Stiik Fit 6000 Disposable Vape<\/h2>\n<ul class=\"top\">\n<li style=\"list-style-type: none;\">\n<ul class=\"top\">\n<li>Marque :\u00a0<b>Breze Stiik<\/b><\/li>\n<li>Unit\u00e9 : ensemble<\/li>\n<li>Type :\u00a0<b>Vape \u00e0 usage unique<\/b><\/li>\n<li>Poids net : 70(g)<\/li>\n<\/ul>\n<\/li>\n<\/ul>\n<p>Les frais d'exp\u00e9dition combin\u00e9s seront calcul\u00e9s automatiquement par le syst\u00e8me une fois que vous aurez choisi la destination d'exp\u00e9dition \u00e0 l'\u00e9tape de la commande.<\/p>\n<div class=\"title\">Breze Stiik Fit 6000 Disposable Vape INTRODUCTION<\/div>\n<p><b>Breze Stiik Fit 6000 Disposable Vape<\/b>\u00a0utilizes a 15ml prefilled e-liquid that contains a mesh coil and delivers up to 6000 puffs per bar. Mimicking the shape and form of a novel e-juice bottle, it has a bayonet-type cap to ensure the purity of flavor. The auto-draw trigger on the device works well and its mouthpiece allows it to warp your lips suitably. The combination of fruit flavor and 5%(50mg) nicotine strength can live up to your ideal flavor profile.<\/p>\n<p class=\"second-title\">Caract\u00e9ristiques<\/p>\n<p>\u2022 15ml Pre-Filled E-Liquid<\/p>\n<p>- 5%(50mg) Teneur en nicotine<\/p>\n<p>\u2022 400mAh Rechargeable Battery<\/p>\n<p>- USB Type-C (non inclus)<\/p>\n<p>- Environ 6000 bouff\u00e9es<\/p>\n<p>\u2022 1.2ohm Mesh Coil<\/p>\n<p>- Dessin activ\u00e9<\/p>\n<p>- MTL Vaping<\/p>\n<p>\u2022 Bayonet-type cap(pull up)<\/p>\n<p>&nbsp;<\/p>","protected":false},"excerpt":{"rendered":"<p>The Breze Stiik Fit 6000 Puffs Disposable Vape Wholesale offers compact design, long-lasting performance, and smooth vapor output for convenient and portable vaping.<\/p>","protected":false},"featured_media":4990,"comment_status":"open","ping_status":"closed","template":"","meta":[],"product_brand":[],"product_cat":[22],"product_tag":[],"class_list":{"0":"post-4701","1":"product","2":"type-product","3":"status-publish","4":"has-post-thumbnail","6":"product_cat-disposable-vape-sticks","8":"first","9":"instock","10":"shipping-taxable","11":"purchasable","12":"product-type-simple"},"jetpack_sharing_enabled":true,"tiered_pricing_type":"fixed","tiered_pricing_fixed_rules":[],"tiered_pricing_product_settings":{"layout":"default","base_unit_name":{"singular":null,"plural":null},"default_variation":null},"tiered_pricing_minimum_quantity":100,"tiered_pricing_roles_data":[],"tiered_pricing_percentage_rules":[],"tiered_pricing_maximum_quantity":null,"tiered_pricing_quantity_step":null,"_links":{"self":[{"href":"https:\/\/cloudsupplyvapes.com\/fr\/wp-json\/wp\/v2\/product\/4701","targetHints":{"allow":["GET"]}}],"collection":[{"href":"https:\/\/cloudsupplyvapes.com\/fr\/wp-json\/wp\/v2\/product"}],"about":[{"href":"https:\/\/cloudsupplyvapes.com\/fr\/wp-json\/wp\/v2\/types\/product"}],"replies":[{"embeddable":true,"href":"https:\/\/cloudsupplyvapes.com\/fr\/wp-json\/wp\/v2\/comments?post=4701"}],"wp:featuredmedia":[{"embeddable":true,"href":"https:\/\/cloudsupplyvapes.com\/fr\/wp-json\/wp\/v2\/media\/4990"}],"wp:attachment":[{"href":"https:\/\/cloudsupplyvapes.com\/fr\/wp-json\/wp\/v2\/media?parent=4701"}],"wp:term":[{"taxonomy":"product_brand","embeddable":true,"href":"https:\/\/cloudsupplyvapes.com\/fr\/wp-json\/wp\/v2\/product_brand?post=4701"},{"taxonomy":"product_cat","embeddable":true,"href":"https:\/\/cloudsupplyvapes.com\/fr\/wp-json\/wp\/v2\/product_cat?post=4701"},{"taxonomy":"product_tag","embeddable":true,"href":"https:\/\/cloudsupplyvapes.com\/fr\/wp-json\/wp\/v2\/product_tag?post=4701"}],"curies":[{"name":"wp","href":"https:\/\/api.w.org\/{rel}","templated":true}]}}