{"id":4868,"date":"2024-10-19T02:39:08","date_gmt":"2024-10-19T02:39:08","guid":{"rendered":"https:\/\/cloudsupplyvapes.com\/?post_type=product&#038;p=4868"},"modified":"2024-11-26T03:50:25","modified_gmt":"2024-11-26T03:50:25","slug":"-183","status":"publish","type":"product","link":"https:\/\/cloudsupplyvapes.com\/fr\/product\/waka-slam-2300-puffs-disposable-vape-wholesale\/","title":{"rendered":"WAKA Slam 2300 Puffs Vape jetable en gros Design \u00e9l\u00e9gant Performance durable"},"content":{"rendered":"<p><strong>Saveur :<\/strong><br \/>\nBanane noix de coco<br \/>\nBuzzing Red<br \/>\nZeste de goyave<br \/>\nMangue Melon Alo\u00e8s<br \/>\nFruits \u00e0 croquer<br \/>\nOrange Pamplemousse<br \/>\nMelon Pineana<br \/>\nW.A.K.A Punch<br \/>\nGrenade Pomme<br \/>\nMelon d'eau \u00e0 la framboise<\/p>\n<p><b>Caract\u00e9ristiques<\/b>:<br \/>\nVape jetable non rechargeable<br \/>\n6.5ml<br \/>\nBatterie de 1000mAh<br \/>\n2300 poufs<br \/>\nBobine de maille<br \/>\nAllumage automatique<br \/>\ntechnologie anti-\u00e9claboussures<br \/>\nvapeur abondante<\/p>\n<p><a href=\"https:\/\/i0.wp.com\/shop.vape.hk\/wp-content\/uploads\/2023\/10\/9ee58ce5-236f-40cc-b83e-09a68cff9860.jpg?ssl=1\" target=\"_blank\" rel=\"noopener\"><img data-recalc-dims=\"1\" loading=\"lazy\" decoding=\"async\" class=\"alignnone size-full wp-image-124855\" src=\"https:\/\/i0.wp.com\/shop.vape.hk\/wp-content\/uploads\/2023\/10\/9ee58ce5-236f-40cc-b83e-09a68cff9860.jpg?resize=800%2C800&#038;ssl=1\" alt=\"WAKA Slam 2300 Puffs Vape jetable - vente en gros\" width=\"800\" height=\"800\" title=\"\"><\/a> <a href=\"https:\/\/i0.wp.com\/shop.vape.hk\/wp-content\/uploads\/2023\/10\/Slam_web_1.jpg?ssl=1\" target=\"_blank\" rel=\"noopener\"><img data-recalc-dims=\"1\" loading=\"lazy\" decoding=\"async\" class=\"alignnone size-full wp-image-124847\" src=\"https:\/\/i0.wp.com\/shop.vape.hk\/wp-content\/uploads\/2023\/10\/Slam_web_1.jpg?resize=1020%2C377&#038;ssl=1\" alt=\"WAKA Slam 2300 Puffs Vape jetable - vente en gros\" width=\"1020\" height=\"377\" title=\"\"><\/a> <a href=\"https:\/\/i0.wp.com\/shop.vape.hk\/wp-content\/uploads\/2023\/10\/Slam_web_2.jpg?ssl=1\" target=\"_blank\" rel=\"noopener\"><img data-recalc-dims=\"1\" loading=\"lazy\" decoding=\"async\" class=\"alignnone size-full wp-image-124846\" src=\"https:\/\/i0.wp.com\/shop.vape.hk\/wp-content\/uploads\/2023\/10\/Slam_web_2.jpg?resize=1020%2C377&#038;ssl=1\" alt=\"WAKA Slam 2300 Puffs Vape jetable - vente en gros\" width=\"1020\" height=\"377\" title=\"\"><\/a><\/p>","protected":false},"excerpt":{"rendered":"<p>Le WAKA Slam 2300 Puffs Disposable Vape Wholesale se caract\u00e9rise par un look \u00e9l\u00e9gant et styl\u00e9, des performances durables et un d\u00e9bit de vapeur r\u00e9gulier pour une exp\u00e9rience de vapotage agr\u00e9able.<\/p>","protected":false},"featured_media":5070,"comment_status":"open","ping_status":"closed","template":"","meta":[],"product_brand":[],"product_cat":[22],"product_tag":[],"class_list":{"0":"post-4868","1":"product","2":"type-product","3":"status-publish","4":"has-post-thumbnail","6":"product_cat-disposable-vape-sticks","8":"first","9":"instock","10":"shipping-taxable","11":"purchasable","12":"product-type-simple"},"jetpack_sharing_enabled":true,"tiered_pricing_type":"fixed","tiered_pricing_fixed_rules":{"1000":4.5,"10000":4,"50000":3.5},"tiered_pricing_product_settings":{"layout":"default","base_unit_name":{"singular":null,"plural":null},"default_variation":null},"tiered_pricing_minimum_quantity":100,"tiered_pricing_roles_data":[],"tiered_pricing_percentage_rules":[],"tiered_pricing_maximum_quantity":null,"tiered_pricing_quantity_step":null,"_links":{"self":[{"href":"https:\/\/cloudsupplyvapes.com\/fr\/wp-json\/wp\/v2\/product\/4868","targetHints":{"allow":["GET"]}}],"collection":[{"href":"https:\/\/cloudsupplyvapes.com\/fr\/wp-json\/wp\/v2\/product"}],"about":[{"href":"https:\/\/cloudsupplyvapes.com\/fr\/wp-json\/wp\/v2\/types\/product"}],"replies":[{"embeddable":true,"href":"https:\/\/cloudsupplyvapes.com\/fr\/wp-json\/wp\/v2\/comments?post=4868"}],"wp:featuredmedia":[{"embeddable":true,"href":"https:\/\/cloudsupplyvapes.com\/fr\/wp-json\/wp\/v2\/media\/5070"}],"wp:attachment":[{"href":"https:\/\/cloudsupplyvapes.com\/fr\/wp-json\/wp\/v2\/media?parent=4868"}],"wp:term":[{"taxonomy":"product_brand","embeddable":true,"href":"https:\/\/cloudsupplyvapes.com\/fr\/wp-json\/wp\/v2\/product_brand?post=4868"},{"taxonomy":"product_cat","embeddable":true,"href":"https:\/\/cloudsupplyvapes.com\/fr\/wp-json\/wp\/v2\/product_cat?post=4868"},{"taxonomy":"product_tag","embeddable":true,"href":"https:\/\/cloudsupplyvapes.com\/fr\/wp-json\/wp\/v2\/product_tag?post=4868"}],"curies":[{"name":"wp","href":"https:\/\/api.w.org\/{rel}","templated":true}]}}