{"id":4939,"date":"2024-10-19T02:39:37","date_gmt":"2024-10-19T02:39:37","guid":{"rendered":"https:\/\/cloudsupplyvapes.com\/?post_type=product&#038;p=4939"},"modified":"2024-11-26T03:47:09","modified_gmt":"2024-11-26T03:47:09","slug":"-187","status":"publish","type":"product","link":"https:\/\/cloudsupplyvapes.com\/fr\/product\/waka-sopro-pa10000-10000-puffs-disposable-wholesale\/","title":{"rendered":"WAKA soPro PA10000 10000 bouff\u00e9es jetables en gros Rechargeable Smooth Vapor Output"},"content":{"rendered":"<p><strong>Saveurs :<\/strong><br \/>\nMangue<br \/>\nMenthe fra\u00eeche<br \/>\nCanneberge raisin<br \/>\nPomme<br \/>\nMenthe fra\u00eeche<br \/>\nKiwi fruit du dragon baie<br \/>\nRaisin du samedi<br \/>\nPomme de raisin<br \/>\nMenthe verte<br \/>\nFraise kiwi<br \/>\nKiwi passion goyave<br \/>\nRefroidissement de la past\u00e8que<\/p>\n<p><strong>Sp\u00e9cifications :<\/strong><\/p>\n<table border=\"1\" cellspacing=\"1\" cellpadding=\"1\">\n<tbody>\n<tr>\n<td colspan=\"2\">waka sopro pa10000 Vape jetable<\/td>\n<\/tr>\n<tr>\n<td><b>bouff\u00e9es<\/b><\/td>\n<td><b>10000 bouff\u00e9es<\/b><\/td>\n<\/tr>\n<tr>\n<td><b>Capacit\u00e9 d'ejuice<\/b><\/td>\n<td><b>18ml<\/b><\/td>\n<\/tr>\n<tr>\n<td><b>Capacit\u00e9 de la batterie<\/b><\/td>\n<td><b>850 mah<\/b><\/td>\n<\/tr>\n<tr>\n<td><b>Teneur en nicotine<\/b><\/td>\n<td><b>3% 5% nicotine<\/b><\/td>\n<\/tr>\n<tr>\n<td><b>paquet<\/b><\/td>\n<td><b>1pc\/paquet, 10paquets\/bo\u00eete, 30bo\u00eetes\/carton, langue russe<\/b><\/td>\n<\/tr>\n<tr>\n<td><b>Certificats<\/b><\/td>\n<td><b>FCC, ROHS, CE, MSDS<\/b><\/td>\n<\/tr>\n<tr>\n<td><b>Saveurs<\/b><\/td>\n<td><b>15 go\u00fbt<\/b><\/td>\n<\/tr>\n<tr>\n<td><b>OEM<\/b><\/td>\n<td><b>Soutien<\/b><\/td>\n<\/tr>\n<\/tbody>\n<\/table>\n<p><a href=\"https:\/\/i0.wp.com\/shop.vape.hk\/wp-content\/uploads\/2023\/10\/soPro_PA10000_KV-Simplify-Horizontal.jpg?ssl=1\" target=\"_blank\" rel=\"noopener\"><img data-recalc-dims=\"1\" loading=\"lazy\" decoding=\"async\" class=\"alignnone size-full wp-image-124899\" src=\"https:\/\/i0.wp.com\/shop.vape.hk\/wp-content\/uploads\/2023\/10\/soPro_PA10000_KV-Simplify-Horizontal.jpg?resize=1020%2C574&#038;ssl=1\" alt=\"WAKA soPro PA10000 10000 bouff\u00e9es jetables Vape | Wholesale\" width=\"1020\" height=\"574\" title=\"\"><\/a> <a href=\"https:\/\/i0.wp.com\/shop.vape.hk\/wp-content\/uploads\/2023\/10\/8_-1w.jpg?ssl=1\" target=\"_blank\" rel=\"noopener\"><img data-recalc-dims=\"1\" loading=\"lazy\" decoding=\"async\" class=\"alignnone size-full wp-image-124897\" src=\"https:\/\/i0.wp.com\/shop.vape.hk\/wp-content\/uploads\/2023\/10\/8_-1w.jpg?resize=1020%2C383&#038;ssl=1\" alt=\"WAKA soPro PA10000 10000 bouff\u00e9es jetables Vape | Wholesale\" width=\"1020\" height=\"383\" title=\"\"><\/a> <a href=\"https:\/\/i0.wp.com\/shop.vape.hk\/wp-content\/uploads\/2023\/10\/8_2-1w.jpg?ssl=1\" target=\"_blank\" rel=\"noopener\"><img data-recalc-dims=\"1\" loading=\"lazy\" decoding=\"async\" class=\"alignnone size-full wp-image-124896\" src=\"https:\/\/i0.wp.com\/shop.vape.hk\/wp-content\/uploads\/2023\/10\/8_2-1w.jpg?resize=1020%2C383&#038;ssl=1\" alt=\"WAKA soPro PA10000 10000 bouff\u00e9es jetables Vape | Wholesale\" width=\"1020\" height=\"383\" title=\"\"><\/a> <a href=\"https:\/\/i0.wp.com\/shop.vape.hk\/wp-content\/uploads\/2023\/10\/8_3-1w.jpg?ssl=1\" target=\"_blank\" rel=\"noopener\"><img data-recalc-dims=\"1\" loading=\"lazy\" decoding=\"async\" class=\"alignnone size-full wp-image-124895\" src=\"https:\/\/i0.wp.com\/shop.vape.hk\/wp-content\/uploads\/2023\/10\/8_3-1w.jpg?resize=1020%2C383&#038;ssl=1\" alt=\"WAKA soPro PA10000 10000 bouff\u00e9es jetables Vape | Wholesale\" width=\"1020\" height=\"383\" title=\"\"><\/a><\/p>","protected":false},"excerpt":{"rendered":"<p>Le WAKA soPro PA10000 10000 Puffs jetable en gros offre une commodit\u00e9 rechargeable, une sortie de vapeur douce et un design \u00e0 haute capacit\u00e9 pour une utilisation prolong\u00e9e et sans tracas.<\/p>","protected":false},"featured_media":5093,"comment_status":"open","ping_status":"closed","template":"","meta":[],"product_brand":[],"product_cat":[22],"product_tag":[],"class_list":{"0":"post-4939","1":"product","2":"type-product","3":"status-publish","4":"has-post-thumbnail","6":"product_cat-disposable-vape-sticks","8":"first","9":"instock","10":"shipping-taxable","11":"purchasable","12":"product-type-simple"},"jetpack_sharing_enabled":true,"tiered_pricing_type":"fixed","tiered_pricing_fixed_rules":{"100":8,"10000":7,"50000":6},"tiered_pricing_product_settings":{"layout":"default","base_unit_name":{"singular":null,"plural":null},"default_variation":null},"tiered_pricing_minimum_quantity":50,"tiered_pricing_roles_data":[],"tiered_pricing_percentage_rules":[],"tiered_pricing_maximum_quantity":null,"tiered_pricing_quantity_step":null,"_links":{"self":[{"href":"https:\/\/cloudsupplyvapes.com\/fr\/wp-json\/wp\/v2\/product\/4939","targetHints":{"allow":["GET"]}}],"collection":[{"href":"https:\/\/cloudsupplyvapes.com\/fr\/wp-json\/wp\/v2\/product"}],"about":[{"href":"https:\/\/cloudsupplyvapes.com\/fr\/wp-json\/wp\/v2\/types\/product"}],"replies":[{"embeddable":true,"href":"https:\/\/cloudsupplyvapes.com\/fr\/wp-json\/wp\/v2\/comments?post=4939"}],"wp:featuredmedia":[{"embeddable":true,"href":"https:\/\/cloudsupplyvapes.com\/fr\/wp-json\/wp\/v2\/media\/5093"}],"wp:attachment":[{"href":"https:\/\/cloudsupplyvapes.com\/fr\/wp-json\/wp\/v2\/media?parent=4939"}],"wp:term":[{"taxonomy":"product_brand","embeddable":true,"href":"https:\/\/cloudsupplyvapes.com\/fr\/wp-json\/wp\/v2\/product_brand?post=4939"},{"taxonomy":"product_cat","embeddable":true,"href":"https:\/\/cloudsupplyvapes.com\/fr\/wp-json\/wp\/v2\/product_cat?post=4939"},{"taxonomy":"product_tag","embeddable":true,"href":"https:\/\/cloudsupplyvapes.com\/fr\/wp-json\/wp\/v2\/product_tag?post=4939"}],"curies":[{"name":"wp","href":"https:\/\/api.w.org\/{rel}","templated":true}]}}