{"id":4941,"date":"2024-10-19T02:39:37","date_gmt":"2024-10-19T02:39:37","guid":{"rendered":"https:\/\/cloudsupplyvapes.com\/?post_type=product&#038;p=4941"},"modified":"2024-11-26T03:47:34","modified_gmt":"2024-11-26T03:47:34","slug":"-189","status":"publish","type":"product","link":"https:\/\/cloudsupplyvapes.com\/fr\/product\/waka-sopro-smash-6000-puffs-disposable-vape-wholesale\/","title":{"rendered":"WAKA soPro Smash 6000 bouff\u00e9es Vape jetable en gros Haute qualit\u00e9 Performance durable"},"content":{"rendered":"<div><strong>Saveur :<\/strong><\/div>\n<div>Glace \u00e0 la past\u00e8que<\/div>\n<div>Alo\u00e8s raisin<\/div>\n<div>La pouss\u00e9e d'Apple<\/div>\n<div>Banane noix de coco<\/div>\n<div>Blackberry Surge<\/div>\n<div>Cherry Lime<\/div>\n<div>Menthe fra\u00eeche<\/div>\n<div>Lychee Orange<\/div>\n<div>Melon Mangue<\/div>\n<div>Melon Pinenana<\/div>\n<div>Fraise Raisin<\/div>\n<div>Fraise Mangue<\/div>\n<div><a href=\"https:\/\/i0.wp.com\/shop.vape.hk\/wp-content\/uploads\/2023\/10\/Updated_WAKA_Smash_One_Pager_20230120_page-0001.jpg?ssl=1\" target=\"_blank\" rel=\"noopener\"><img data-recalc-dims=\"1\" loading=\"lazy\" decoding=\"async\" class=\"alignnone size-full wp-image-124927\" src=\"https:\/\/i0.wp.com\/shop.vape.hk\/wp-content\/uploads\/2023\/10\/Updated_WAKA_Smash_One_Pager_20230120_page-0001.jpg?resize=1020%2C1442&#038;ssl=1\" alt=\"soPro Smash 6000 Puffs Jetable Vape | Wholesale\" width=\"1020\" height=\"1442\" title=\"\"><\/a><\/div>\n<div><\/div>","protected":false},"excerpt":{"rendered":"<p>Le WAKA soPro Smash 6000 Puffs Vape jetable Wholesale offre un mat\u00e9riel de haute qualit\u00e9, des performances durables et une production de vapeur r\u00e9guli\u00e8re pour un vapotage fiable et durable.<\/p>","protected":false},"featured_media":5100,"comment_status":"open","ping_status":"closed","template":"","meta":[],"product_brand":[],"product_cat":[22],"product_tag":[],"class_list":{"0":"post-4941","1":"product","2":"type-product","3":"status-publish","4":"has-post-thumbnail","6":"product_cat-disposable-vape-sticks","8":"first","9":"instock","10":"shipping-taxable","11":"purchasable","12":"product-type-simple"},"jetpack_sharing_enabled":true,"tiered_pricing_type":"fixed","tiered_pricing_fixed_rules":{"1000":6,"10000":5,"50000":4},"tiered_pricing_product_settings":{"layout":"default","base_unit_name":{"singular":null,"plural":null},"default_variation":null},"tiered_pricing_minimum_quantity":100,"tiered_pricing_roles_data":[],"tiered_pricing_percentage_rules":[],"tiered_pricing_maximum_quantity":null,"tiered_pricing_quantity_step":null,"_links":{"self":[{"href":"https:\/\/cloudsupplyvapes.com\/fr\/wp-json\/wp\/v2\/product\/4941","targetHints":{"allow":["GET"]}}],"collection":[{"href":"https:\/\/cloudsupplyvapes.com\/fr\/wp-json\/wp\/v2\/product"}],"about":[{"href":"https:\/\/cloudsupplyvapes.com\/fr\/wp-json\/wp\/v2\/types\/product"}],"replies":[{"embeddable":true,"href":"https:\/\/cloudsupplyvapes.com\/fr\/wp-json\/wp\/v2\/comments?post=4941"}],"wp:featuredmedia":[{"embeddable":true,"href":"https:\/\/cloudsupplyvapes.com\/fr\/wp-json\/wp\/v2\/media\/5100"}],"wp:attachment":[{"href":"https:\/\/cloudsupplyvapes.com\/fr\/wp-json\/wp\/v2\/media?parent=4941"}],"wp:term":[{"taxonomy":"product_brand","embeddable":true,"href":"https:\/\/cloudsupplyvapes.com\/fr\/wp-json\/wp\/v2\/product_brand?post=4941"},{"taxonomy":"product_cat","embeddable":true,"href":"https:\/\/cloudsupplyvapes.com\/fr\/wp-json\/wp\/v2\/product_cat?post=4941"},{"taxonomy":"product_tag","embeddable":true,"href":"https:\/\/cloudsupplyvapes.com\/fr\/wp-json\/wp\/v2\/product_tag?post=4941"}],"curies":[{"name":"wp","href":"https:\/\/api.w.org\/{rel}","templated":true}]}}