{"id":4947,"date":"2024-10-19T02:39:38","date_gmt":"2024-10-19T02:39:38","guid":{"rendered":"https:\/\/cloudsupplyvapes.com\/?post_type=product&#038;p=4947"},"modified":"2024-11-26T03:46:41","modified_gmt":"2024-11-26T03:46:41","slug":"-195","status":"publish","type":"product","link":"https:\/\/cloudsupplyvapes.com\/fr\/product\/waka-ez-700-puffs-disposable-vape-wholesale\/","title":{"rendered":"WAKA EZ 700 Puffs Vape jetable Wholesale Lightweight No Maintenance Needed"},"content":{"rendered":"<p><a href=\"https:\/\/i0.wp.com\/shop.vape.hk\/wp-content\/uploads\/2023\/10\/YHFGHFGT.png?ssl=1\" target=\"_blank\" rel=\"noopener\"><img data-recalc-dims=\"1\" loading=\"lazy\" decoding=\"async\" class=\"alignnone size-full wp-image-125012\" src=\"https:\/\/i0.wp.com\/shop.vape.hk\/wp-content\/uploads\/2023\/10\/YHFGHFGT.png?resize=506%2C454&#038;ssl=1\" alt=\"WAKA EZ 700 Puffs Vape jetable - vente en gros\" width=\"506\" height=\"454\" title=\"\"><\/a> <a href=\"https:\/\/i0.wp.com\/shop.vape.hk\/wp-content\/uploads\/2023\/10\/JFHTFG.jpg?ssl=1\" target=\"_blank\" rel=\"noopener\"><img data-recalc-dims=\"1\" loading=\"lazy\" decoding=\"async\" class=\"alignnone size-full wp-image-125010\" src=\"https:\/\/i0.wp.com\/shop.vape.hk\/wp-content\/uploads\/2023\/10\/JFHTFG.jpg?resize=1020%2C351&#038;ssl=1\" alt=\"WAKA EZ 700 Puffs Vape jetable - vente en gros\" width=\"1020\" height=\"351\" title=\"\"><\/a> <a href=\"https:\/\/i0.wp.com\/shop.vape.hk\/wp-content\/uploads\/2023\/10\/YHGFHGTFH.jpg?ssl=1\" target=\"_blank\" rel=\"noopener\"><img data-recalc-dims=\"1\" loading=\"lazy\" decoding=\"async\" class=\"alignnone size-full wp-image-125009\" src=\"https:\/\/i0.wp.com\/shop.vape.hk\/wp-content\/uploads\/2023\/10\/YHGFHGTFH.jpg?resize=1020%2C350&#038;ssl=1\" alt=\"WAKA EZ 700 Puffs Vape jetable - vente en gros\" width=\"1020\" height=\"350\" title=\"\"><\/a> <a href=\"https:\/\/i0.wp.com\/shop.vape.hk\/wp-content\/uploads\/2023\/10\/UJGHYJGHY.jpg?ssl=1\" target=\"_blank\" rel=\"noopener\"><img data-recalc-dims=\"1\" loading=\"lazy\" decoding=\"async\" class=\"alignnone size-full wp-image-125008\" src=\"https:\/\/i0.wp.com\/shop.vape.hk\/wp-content\/uploads\/2023\/10\/UJGHYJGHY.jpg?resize=1020%2C354&#038;ssl=1\" alt=\"WAKA EZ 700 Puffs Vape jetable - vente en gros\" width=\"1020\" height=\"354\" title=\"\"><\/a> <a href=\"https:\/\/i0.wp.com\/shop.vape.hk\/wp-content\/uploads\/2023\/10\/YHGYTHJGY.jpg?ssl=1\" target=\"_blank\" rel=\"noopener\"><img data-recalc-dims=\"1\" loading=\"lazy\" decoding=\"async\" class=\"alignnone size-full wp-image-125007\" src=\"https:\/\/i0.wp.com\/shop.vape.hk\/wp-content\/uploads\/2023\/10\/YHGYTHJGY.jpg?resize=1020%2C354&#038;ssl=1\" alt=\"WAKA EZ 700 Puffs Vape jetable - vente en gros\" width=\"1020\" height=\"354\" title=\"\"><\/a><\/p>","protected":false},"excerpt":{"rendered":"<p>Le WAKA EZ 700 Puffs Vape Wholesale \u00e0 usage unique combine un design l\u00e9ger avec un fonctionnement sans probl\u00e8me, offrant une vapeur douce et une performance constante \u00e0 chaque bouff\u00e9e.<\/p>","protected":false},"featured_media":5133,"comment_status":"open","ping_status":"closed","template":"","meta":[],"product_brand":[],"product_cat":[22],"product_tag":[],"class_list":{"0":"post-4947","1":"product","2":"type-product","3":"status-publish","4":"has-post-thumbnail","6":"product_cat-disposable-vape-sticks","8":"first","9":"instock","10":"shipping-taxable","11":"purchasable","12":"product-type-simple"},"jetpack_sharing_enabled":true,"tiered_pricing_type":"fixed","tiered_pricing_fixed_rules":{"1000":3.5,"10000":3,"50000":2.5},"tiered_pricing_product_settings":{"layout":"default","base_unit_name":{"singular":null,"plural":null},"default_variation":null},"tiered_pricing_minimum_quantity":100,"tiered_pricing_roles_data":[],"tiered_pricing_percentage_rules":[],"tiered_pricing_maximum_quantity":null,"tiered_pricing_quantity_step":null,"_links":{"self":[{"href":"https:\/\/cloudsupplyvapes.com\/fr\/wp-json\/wp\/v2\/product\/4947","targetHints":{"allow":["GET"]}}],"collection":[{"href":"https:\/\/cloudsupplyvapes.com\/fr\/wp-json\/wp\/v2\/product"}],"about":[{"href":"https:\/\/cloudsupplyvapes.com\/fr\/wp-json\/wp\/v2\/types\/product"}],"replies":[{"embeddable":true,"href":"https:\/\/cloudsupplyvapes.com\/fr\/wp-json\/wp\/v2\/comments?post=4947"}],"wp:featuredmedia":[{"embeddable":true,"href":"https:\/\/cloudsupplyvapes.com\/fr\/wp-json\/wp\/v2\/media\/5133"}],"wp:attachment":[{"href":"https:\/\/cloudsupplyvapes.com\/fr\/wp-json\/wp\/v2\/media?parent=4947"}],"wp:term":[{"taxonomy":"product_brand","embeddable":true,"href":"https:\/\/cloudsupplyvapes.com\/fr\/wp-json\/wp\/v2\/product_brand?post=4947"},{"taxonomy":"product_cat","embeddable":true,"href":"https:\/\/cloudsupplyvapes.com\/fr\/wp-json\/wp\/v2\/product_cat?post=4947"},{"taxonomy":"product_tag","embeddable":true,"href":"https:\/\/cloudsupplyvapes.com\/fr\/wp-json\/wp\/v2\/product_tag?post=4947"}],"curies":[{"name":"wp","href":"https:\/\/api.w.org\/{rel}","templated":true}]}}