{"id":5119,"date":"2024-10-19T02:40:44","date_gmt":"2024-10-19T02:40:44","guid":{"rendered":"https:\/\/cloudsupplyvapes.com\/?post_type=product&#038;p=5119"},"modified":"2024-11-26T03:41:23","modified_gmt":"2024-11-26T03:41:23","slug":"-199","status":"publish","type":"product","link":"https:\/\/cloudsupplyvapes.com\/fr\/product\/cloud-bar-space-planet-10000-puffs-disposable-vape-wholesale\/","title":{"rendered":"Cloud Bar Space Planet 10000 Puffs Vape jetable Wholesale Rechargeable Durable Build"},"content":{"rendered":"<h2>Cloud Bar Space Planet Vape jetable<\/h2>\n<ul class=\"top\">\n<li style=\"list-style-type: none;\">\n<ul class=\"top\">\n<li>Marque :\u00a0<b>Bar \u00e0 nuages<\/b><\/li>\n<li>Unit\u00e9 : ensemble<\/li>\n<li>Type :\u00a0<b>Vape \u00e0 usage unique<\/b><\/li>\n<li>Poids net : 70(g)<\/li>\n<\/ul>\n<\/li>\n<\/ul>\n<p>Les frais d'exp\u00e9dition combin\u00e9s seront calcul\u00e9s automatiquement par le syst\u00e8me une fois que vous aurez choisi la destination d'exp\u00e9dition \u00e0 l'\u00e9tape de la commande.<\/p>\n<div class=\"title\">Cloud Bar Space Planet Vape jetable INTRODUCTION<\/div>\n<p><b>Cloud Bar Space Planet Vape jetable<\/b>\u00a0est une vape jetable \u00e9quip\u00e9e de 20ml de jus de vape, d'une batterie rechargeable de 650mAh et d\u00e9livre environ 10000 bouff\u00e9es. L'offre g\u00e9n\u00e9reuse de 20 ml de jus de vape permet d'obtenir plus de bouff\u00e9es que d'habitude. Un coil en maille cuit le savoureux jus de vape aux ar\u00f4mes de fruits. Vous pouvez le recharger \u00e0 tout moment gr\u00e2ce \u00e0 un port Type-C. Cloud Bar Space Planet est toujours portable avec une grande capacit\u00e9 de jus de vape. Il tient parfaitement dans votre poche. Choisissez Space Planet jetable pour des saveurs tropicales d\u00e8s que possible !<\/p>\n<p class=\"second-title\">Caract\u00e9ristiques<\/p>\n<p>- 20ml E-Liquide pr\u00e9-rempli<\/p>\n<p>- 5%(50mg) Teneur en nicotine<\/p>\n<p>- Batterie rechargeable<\/p>\n<p>- Port Type-C (non inclus)<\/p>\n<p>- Environ 10000 bouff\u00e9es<\/p>\n<p>- Dessin activ\u00e9<\/p>\n<p>- MTL Vaping<\/p>\n<p><a href=\"https:\/\/i0.wp.com\/shop.vape.hk\/wp-content\/uploads\/2023\/10\/cloud-bar-10000-space-planet.jpg?ssl=1\" target=\"_blank\" rel=\"noopener\"><img data-recalc-dims=\"1\" loading=\"lazy\" decoding=\"async\" class=\"alignnone size-full wp-image-125380\" src=\"https:\/\/i0.wp.com\/shop.vape.hk\/wp-content\/uploads\/2023\/10\/cloud-bar-10000-space-planet.jpg?resize=1020%2C1192&#038;ssl=1\" alt=\"Cloud Bar Space Planet 10000 Puffs Jetable Vape | Wholesale\" width=\"1020\" height=\"1192\" title=\"\"><\/a><\/p>","protected":false},"excerpt":{"rendered":"<p>Cloud Bar Space Planet 10000 Puffs Disposable Vape Wholesale combine une batterie rechargeable, une construction durable et une production de vapeur douce pour un vapotage fiable et agr\u00e9able.<\/p>","protected":false},"featured_media":5327,"comment_status":"open","ping_status":"closed","template":"","meta":[],"product_brand":[],"product_cat":[22],"product_tag":[],"class_list":{"0":"post-5119","1":"product","2":"type-product","3":"status-publish","4":"has-post-thumbnail","6":"product_cat-disposable-vape-sticks","8":"first","9":"instock","10":"shipping-taxable","11":"purchasable","12":"product-type-simple"},"jetpack_sharing_enabled":true,"tiered_pricing_type":"fixed","tiered_pricing_fixed_rules":{"1000":15,"10000":13,"50000":11},"tiered_pricing_product_settings":{"layout":"default","base_unit_name":{"singular":null,"plural":null},"default_variation":null},"tiered_pricing_minimum_quantity":100,"tiered_pricing_roles_data":[],"tiered_pricing_percentage_rules":[],"tiered_pricing_maximum_quantity":null,"tiered_pricing_quantity_step":null,"_links":{"self":[{"href":"https:\/\/cloudsupplyvapes.com\/fr\/wp-json\/wp\/v2\/product\/5119","targetHints":{"allow":["GET"]}}],"collection":[{"href":"https:\/\/cloudsupplyvapes.com\/fr\/wp-json\/wp\/v2\/product"}],"about":[{"href":"https:\/\/cloudsupplyvapes.com\/fr\/wp-json\/wp\/v2\/types\/product"}],"replies":[{"embeddable":true,"href":"https:\/\/cloudsupplyvapes.com\/fr\/wp-json\/wp\/v2\/comments?post=5119"}],"wp:featuredmedia":[{"embeddable":true,"href":"https:\/\/cloudsupplyvapes.com\/fr\/wp-json\/wp\/v2\/media\/5327"}],"wp:attachment":[{"href":"https:\/\/cloudsupplyvapes.com\/fr\/wp-json\/wp\/v2\/media?parent=5119"}],"wp:term":[{"taxonomy":"product_brand","embeddable":true,"href":"https:\/\/cloudsupplyvapes.com\/fr\/wp-json\/wp\/v2\/product_brand?post=5119"},{"taxonomy":"product_cat","embeddable":true,"href":"https:\/\/cloudsupplyvapes.com\/fr\/wp-json\/wp\/v2\/product_cat?post=5119"},{"taxonomy":"product_tag","embeddable":true,"href":"https:\/\/cloudsupplyvapes.com\/fr\/wp-json\/wp\/v2\/product_tag?post=5119"}],"curies":[{"name":"wp","href":"https:\/\/api.w.org\/{rel}","templated":true}]}}