{"id":5120,"date":"2024-10-19T02:40:44","date_gmt":"2024-10-19T02:40:44","guid":{"rendered":"https:\/\/cloudsupplyvapes.com\/?post_type=product&#038;p=5120"},"modified":"2024-11-26T03:41:25","modified_gmt":"2024-11-26T03:41:25","slug":"-200","status":"publish","type":"product","link":"https:\/\/cloudsupplyvapes.com\/fr\/product\/cloud-bar-6000-puffs-disposable-vape-wholesale\/","title":{"rendered":"Cloud Bar 6000 Puffs Vape jetable Wholesale Portable Compact Long Lasting Performance"},"content":{"rendered":"<h2>Cloud Bar 6000 Vape jetable<\/h2>\n<ul class=\"top\">\n<li>Marque : Cloud Bar<\/li>\n<li>Unit\u00e9 : ensemble<\/li>\n<li>Type : Vape jetable<\/li>\n<li>Poids net : 70(g)<\/li>\n<\/ul>\n<p>Les frais d'exp\u00e9dition combin\u00e9s seront calcul\u00e9s automatiquement par le syst\u00e8me une fois que vous aurez choisi la destination d'exp\u00e9dition \u00e0 l'\u00e9tape de la commande.<\/p>\n<div class=\"title\">Cloud Bar 6000 Vape jetable INTRODUCTION<\/div>\n<p><b>Cloud Bar 6000 Vape jetable<\/b> Il comprend 10 ml d'e-liquide pr\u00e9-rempli, une puissante batterie rechargeable de 650 mAh, une bobine mesh de 1,2 ohm et un taux de nicotine de 5% (50 mg) pour d\u00e9livrer un nombre impressionnant de 6 000 bouff\u00e9es. Il est dot\u00e9 d'un interrupteur manuel \u00e0 double go\u00fbt, qui vous permet de passer facilement d'un ar\u00f4me \u00e0 l'autre, tandis que la poign\u00e9e confortable garantit une exp\u00e9rience de vapotage de premier ordre. La bobine de 1,2 ohm assure une production de vapeur douce et constante, et elle est activ\u00e9e par tirage pour une exp\u00e9rience de vapotage sans effort.<\/p>\n<p class=\"second-title\">Caract\u00e9ristiques<\/p>\n<p>- 10ml Vape Juice pr\u00e9-rempli<\/p>\n<p>- Batterie rechargeable 650mAh<\/p>\n<p>- C\u00e2ble de type C<\/p>\n<p>- 5%(50mg) Nic Salt<\/p>\n<p>- Environ 6000 bouff\u00e9es<\/p>\n<p>- Bobine de maille<\/p>\n<p>- Dessin activ\u00e9<\/p>\n<p>- Interrupteur manuel de fond \u00e0 double go\u00fbt<\/p>","protected":false},"excerpt":{"rendered":"<p>Le Cloud Bar 6000 Puffs Disposable Vape Wholesale offre une commodit\u00e9 portable, un design compact et une performance durable pour une exp\u00e9rience de vapotage riche et douce.<\/p>","protected":false},"featured_media":5344,"comment_status":"open","ping_status":"closed","template":"","meta":[],"product_brand":[],"product_cat":[22],"product_tag":[],"class_list":{"0":"post-5120","1":"product","2":"type-product","3":"status-publish","4":"has-post-thumbnail","6":"product_cat-disposable-vape-sticks","8":"first","9":"instock","10":"shipping-taxable","11":"purchasable","12":"product-type-simple"},"jetpack_sharing_enabled":true,"tiered_pricing_type":"fixed","tiered_pricing_fixed_rules":{"1000":12,"10000":10,"50000":8},"tiered_pricing_product_settings":{"layout":"default","base_unit_name":{"singular":null,"plural":null},"default_variation":null},"tiered_pricing_minimum_quantity":100,"tiered_pricing_roles_data":[],"tiered_pricing_percentage_rules":[],"tiered_pricing_maximum_quantity":null,"tiered_pricing_quantity_step":null,"_links":{"self":[{"href":"https:\/\/cloudsupplyvapes.com\/fr\/wp-json\/wp\/v2\/product\/5120","targetHints":{"allow":["GET"]}}],"collection":[{"href":"https:\/\/cloudsupplyvapes.com\/fr\/wp-json\/wp\/v2\/product"}],"about":[{"href":"https:\/\/cloudsupplyvapes.com\/fr\/wp-json\/wp\/v2\/types\/product"}],"replies":[{"embeddable":true,"href":"https:\/\/cloudsupplyvapes.com\/fr\/wp-json\/wp\/v2\/comments?post=5120"}],"wp:featuredmedia":[{"embeddable":true,"href":"https:\/\/cloudsupplyvapes.com\/fr\/wp-json\/wp\/v2\/media\/5344"}],"wp:attachment":[{"href":"https:\/\/cloudsupplyvapes.com\/fr\/wp-json\/wp\/v2\/media?parent=5120"}],"wp:term":[{"taxonomy":"product_brand","embeddable":true,"href":"https:\/\/cloudsupplyvapes.com\/fr\/wp-json\/wp\/v2\/product_brand?post=5120"},{"taxonomy":"product_cat","embeddable":true,"href":"https:\/\/cloudsupplyvapes.com\/fr\/wp-json\/wp\/v2\/product_cat?post=5120"},{"taxonomy":"product_tag","embeddable":true,"href":"https:\/\/cloudsupplyvapes.com\/fr\/wp-json\/wp\/v2\/product_tag?post=5120"}],"curies":[{"name":"wp","href":"https:\/\/api.w.org\/{rel}","templated":true}]}}