{"id":5126,"date":"2024-10-19T02:40:45","date_gmt":"2024-10-19T02:40:45","guid":{"rendered":"https:\/\/cloudsupplyvapes.com\/?post_type=product&#038;p=5126"},"modified":"2024-11-26T03:41:06","modified_gmt":"2024-11-26T03:41:06","slug":"-201","status":"publish","type":"product","link":"https:\/\/cloudsupplyvapes.com\/fr\/product\/fat-boy-6000-puffs-rechargeable-disposable-vape-wholesale\/","title":{"rendered":"Fat Boy 6000 Puffs Vape jetable rechargeable en gros Haute capacit\u00e9 Chargement rapide"},"content":{"rendered":"<div>\n<ul>\n<li>Teneur en nicotine :\u00a0<strong>4% (40mg\/mL)<\/strong><\/li>\n<li>Puff :\u00a0<strong>6000 bouff\u00e9es<\/strong><\/li>\n<li>E-liquide :\u00a0<strong>15ml<\/strong><\/li>\n<li>Batterie :\u00a0<strong>600mAh<\/strong><\/li>\n<li>Bobine en maille avanc\u00e9e : La bobine en maille peut vous donner une exp\u00e9rience de vaporisation en douceur et conserver la saveur pure de l'e-liquide.<\/li>\n<li>Design \u00e0 la mode : GOGO Fat Boy utilise des couleurs vibrantes pour le design de la vape, ce qui vous rend \u00e0 la mode.<\/li>\n<li>Rechargeable : La batterie rechargeable vous permet de vaper en permanence.<\/li>\n<li>Grande capacit\u00e9 d'e-liquide : Avec une capacit\u00e9 de 15ml d'e-liquide, vous pouvez profiter de la saveur \u00e0 un prix imbattable.<\/li>\n<li>Flux d'air r\u00e9glable : Vous pouvez passer librement de MAX \u00e0 MIN.<\/li>\n<\/ul>\n<\/div>\n<ul>\n<li><strong>Saveur\uff1a<\/strong><\/li>\n<li>Glace de raisin<\/li>\n<li>Myrtille Framboise<\/li>\n<li>Glace \u00e0 la fraise et \u00e0 la past\u00e8que<\/li>\n<li>Double pomme<\/li>\n<li>Framboise Past\u00e8que Citron<\/li>\n<\/ul>\n<p><a href=\"https:\/\/i0.wp.com\/shop.vape.hk\/wp-content\/uploads\/2023\/10\/46cea865-58ff-41f5-980f-e3256a15c8a2.jpg?ssl=1\" target=\"_blank\" rel=\"noopener\"><img data-recalc-dims=\"1\" loading=\"lazy\" decoding=\"async\" class=\"alignnone size-full wp-image-125460\" src=\"https:\/\/i0.wp.com\/shop.vape.hk\/wp-content\/uploads\/2023\/10\/46cea865-58ff-41f5-980f-e3256a15c8a2.jpg?resize=800%2C500&#038;ssl=1\" alt=\"Fat Boy 6000 Puffs Rechargeable Disposable Vape | Wholesale\" width=\"800\" height=\"500\" title=\"\"><\/a><\/p>","protected":false},"excerpt":{"rendered":"<p>Fat Boy 6000 Puffs Rechargeable Disposable Vape Wholesale combine une grande capacit\u00e9 avec une technologie de chargement rapide, assurant une performance fiable et une commodit\u00e9 respectueuse de l'environnement.<\/p>","protected":false},"featured_media":5406,"comment_status":"open","ping_status":"closed","template":"","meta":[],"product_brand":[],"product_cat":[22],"product_tag":[],"class_list":{"0":"post-5126","1":"product","2":"type-product","3":"status-publish","4":"has-post-thumbnail","6":"product_cat-disposable-vape-sticks","8":"first","9":"instock","10":"shipping-taxable","11":"purchasable","12":"product-type-simple"},"jetpack_sharing_enabled":true,"tiered_pricing_type":"fixed","tiered_pricing_fixed_rules":{"1000":10,"10000":8,"50000":6},"tiered_pricing_product_settings":{"layout":"default","base_unit_name":{"singular":null,"plural":null},"default_variation":null},"tiered_pricing_minimum_quantity":100,"tiered_pricing_roles_data":[],"tiered_pricing_percentage_rules":[],"tiered_pricing_maximum_quantity":null,"tiered_pricing_quantity_step":null,"_links":{"self":[{"href":"https:\/\/cloudsupplyvapes.com\/fr\/wp-json\/wp\/v2\/product\/5126","targetHints":{"allow":["GET"]}}],"collection":[{"href":"https:\/\/cloudsupplyvapes.com\/fr\/wp-json\/wp\/v2\/product"}],"about":[{"href":"https:\/\/cloudsupplyvapes.com\/fr\/wp-json\/wp\/v2\/types\/product"}],"replies":[{"embeddable":true,"href":"https:\/\/cloudsupplyvapes.com\/fr\/wp-json\/wp\/v2\/comments?post=5126"}],"wp:featuredmedia":[{"embeddable":true,"href":"https:\/\/cloudsupplyvapes.com\/fr\/wp-json\/wp\/v2\/media\/5406"}],"wp:attachment":[{"href":"https:\/\/cloudsupplyvapes.com\/fr\/wp-json\/wp\/v2\/media?parent=5126"}],"wp:term":[{"taxonomy":"product_brand","embeddable":true,"href":"https:\/\/cloudsupplyvapes.com\/fr\/wp-json\/wp\/v2\/product_brand?post=5126"},{"taxonomy":"product_cat","embeddable":true,"href":"https:\/\/cloudsupplyvapes.com\/fr\/wp-json\/wp\/v2\/product_cat?post=5126"},{"taxonomy":"product_tag","embeddable":true,"href":"https:\/\/cloudsupplyvapes.com\/fr\/wp-json\/wp\/v2\/product_tag?post=5126"}],"curies":[{"name":"wp","href":"https:\/\/api.w.org\/{rel}","templated":true}]}}