{"id":5127,"date":"2024-10-19T02:40:45","date_gmt":"2024-10-19T02:40:45","guid":{"rendered":"https:\/\/cloudsupplyvapes.com\/?post_type=product&#038;p=5127"},"modified":"2024-11-26T03:41:08","modified_gmt":"2024-11-26T03:41:08","slug":"-202","status":"publish","type":"product","link":"https:\/\/cloudsupplyvapes.com\/fr\/product\/kk-energy-8000-puffs-disposable-vape-wholesale\/","title":{"rendered":"KK Energy 8000 Puffs Disposable Vape Wholesale High Nicotine Strength Consistent Vapor"},"content":{"rendered":"<h2>KK Energy 8000 \u00e0 usage unique<\/h2>\n<ul class=\"top\">\n<li style=\"list-style-type: none;\">\n<ul class=\"top\">\n<li>Marque : KK Energy<\/li>\n<li>Unit\u00e9 : ensemble<\/li>\n<li>Type : Vape jetable<\/li>\n<li>Poids net : 70(g)<\/li>\n<\/ul>\n<\/li>\n<\/ul>\n<p>Les frais d'exp\u00e9dition combin\u00e9s seront calcul\u00e9s automatiquement par le syst\u00e8me une fois que vous aurez choisi la destination d'exp\u00e9dition \u00e0 l'\u00e9tape de la commande.<\/p>\n<div class=\"title\">KK Energy 8000 \u00e0 usage unique INTRODUCTION<\/div>\n<p><b>KK Energy 8000 \u00e0 usage unique<\/b>\u00a0La vape Energy 8000 a une forme cylindrique et recherche une sensibilit\u00e9 au tirage en ajustant le contr\u00f4le du flux d'air sur la partie inf\u00e9rieure. La vape Energy 8000 propose un e-juice pr\u00e9-rempli de 16ml, utilisant une nicotine 5%(50mg) et un mesh coil de 1,2ohm pour d\u00e9livrer une saveur agr\u00e9able et un throat hit. Aliment\u00e9 par une batterie de 650mAh, il peut \u00eatre recharg\u00e9 par un port Type-C. Le rev\u00eatement doux au toucher associ\u00e9 \u00e0 un design vivant vous permettra de passer un moment de vapotage exceptionnel.<\/p>\n<p class=\"second-title\">Caract\u00e9ristiques<\/p>\n<p>- 8000 bouff\u00e9es<\/p>\n<p>- Capacit\u00e9 de 16 ml<\/p>\n<p>- 5%(50mg) Nicotine<\/p>\n<p>- Batterie interne de 650mAh<\/p>\n<p>- Rechargeable<\/p>\n<p>- 1.2ogm Mesh Coil<\/p>\n<p>- Tirage MTL<\/p>\n<p>- Dessin activ\u00e9<\/p>","protected":false},"excerpt":{"rendered":"<p>Le KK Energy 8000 Puffs Disposable Vape Wholesale offre un taux de nicotine \u00e9lev\u00e9, une production de vapeur constante et une saveur douce pour un vapotage prolong\u00e9 et sans probl\u00e8me.<\/p>","protected":false},"featured_media":5418,"comment_status":"open","ping_status":"closed","template":"","meta":[],"product_brand":[],"product_cat":[22],"product_tag":[],"class_list":{"0":"post-5127","1":"product","2":"type-product","3":"status-publish","4":"has-post-thumbnail","6":"product_cat-disposable-vape-sticks","8":"first","9":"instock","10":"shipping-taxable","11":"purchasable","12":"product-type-simple"},"jetpack_sharing_enabled":true,"tiered_pricing_type":"fixed","tiered_pricing_fixed_rules":{"1000":13,"10000":11,"50000":9},"tiered_pricing_product_settings":{"layout":"default","base_unit_name":{"singular":null,"plural":null},"default_variation":null},"tiered_pricing_minimum_quantity":100,"tiered_pricing_roles_data":[],"tiered_pricing_percentage_rules":[],"tiered_pricing_maximum_quantity":null,"tiered_pricing_quantity_step":null,"_links":{"self":[{"href":"https:\/\/cloudsupplyvapes.com\/fr\/wp-json\/wp\/v2\/product\/5127","targetHints":{"allow":["GET"]}}],"collection":[{"href":"https:\/\/cloudsupplyvapes.com\/fr\/wp-json\/wp\/v2\/product"}],"about":[{"href":"https:\/\/cloudsupplyvapes.com\/fr\/wp-json\/wp\/v2\/types\/product"}],"replies":[{"embeddable":true,"href":"https:\/\/cloudsupplyvapes.com\/fr\/wp-json\/wp\/v2\/comments?post=5127"}],"wp:featuredmedia":[{"embeddable":true,"href":"https:\/\/cloudsupplyvapes.com\/fr\/wp-json\/wp\/v2\/media\/5418"}],"wp:attachment":[{"href":"https:\/\/cloudsupplyvapes.com\/fr\/wp-json\/wp\/v2\/media?parent=5127"}],"wp:term":[{"taxonomy":"product_brand","embeddable":true,"href":"https:\/\/cloudsupplyvapes.com\/fr\/wp-json\/wp\/v2\/product_brand?post=5127"},{"taxonomy":"product_cat","embeddable":true,"href":"https:\/\/cloudsupplyvapes.com\/fr\/wp-json\/wp\/v2\/product_cat?post=5127"},{"taxonomy":"product_tag","embeddable":true,"href":"https:\/\/cloudsupplyvapes.com\/fr\/wp-json\/wp\/v2\/product_tag?post=5127"}],"curies":[{"name":"wp","href":"https:\/\/api.w.org\/{rel}","templated":true}]}}