{"id":5128,"date":"2024-10-19T02:40:45","date_gmt":"2024-10-19T02:40:45","guid":{"rendered":"https:\/\/cloudsupplyvapes.com\/?post_type=product&#038;p=5128"},"modified":"2024-11-26T03:41:10","modified_gmt":"2024-11-26T03:41:10","slug":"-203","status":"publish","type":"product","link":"https:\/\/cloudsupplyvapes.com\/fr\/product\/kk-energy8-12000-puffs-disposable-vape-wholesale\/","title":{"rendered":"KK Energy8 12000 bouff\u00e9es Vape jetable en gros Long Lasting Smooth Vapor Output"},"content":{"rendered":"<h2><b>KK Energy8 12000 Disposable Vape<\/b><\/h2>\n<ul class=\"top\">\n<li style=\"list-style-type: none;\">\n<ul class=\"top\">\n<li>Marque :\u00a0<b>KK Energy<\/b><\/li>\n<li>Unit\u00e9 : ensemble<\/li>\n<li>Type :\u00a0<b>Vape \u00e0 usage unique<\/b><\/li>\n<li>Net Weight: 40(g)<\/li>\n<\/ul>\n<\/li>\n<\/ul>\n<p>Les frais d'exp\u00e9dition combin\u00e9s seront calcul\u00e9s automatiquement par le syst\u00e8me une fois que vous aurez choisi la destination d'exp\u00e9dition \u00e0 l'\u00e9tape de la commande.<\/p>\n<div class=\"title\">KK Energy8 12000 Disposable Vape INTRODUCTION<\/div>\n<p><b>KK Energy8 12000 Disposable Vape<\/b>\u00a0lives up to your nic salt consumption, increasing the endurance of large prefilled e-liquid, which can provide over 12000 puffs. Wrapped in a funky shiny and transparent shell, the adjustable airflow control is located in its black bottom. Enjoy the sensational vaping flavor, it has a battery screen at the side, and the side anti-slip design gives a good grip. Powered by a rechargeable 650mAh battery, the power can range from 10W to 13.5W.<\/p>\n<p class=\"second-title\">Caract\u00e9ristiques<\/p>\n<p>\u2022 Product Size: 49.5mm*26mm*86mm<\/p>\n<p>- E-liquide pr\u00e9-rempli<\/p>\n<p>- Batterie rechargeable 650mAh<\/p>\n<p>- Environ 12 000 bouff\u00e9es<\/p>\n<p>- Bobine de maille<\/p>\n<p>- Dessin activ\u00e9<\/p>\n<p>- MTL Vaping<\/p>\n<p>\u2022 Voltage: 3.6V<\/p>\n<p>\u2022 Power Range:10W &#8211; 13.5W<\/p>\n<p>- Flux d'air r\u00e9glable<\/p>\n<p>\u2022 Battery Screen<\/p>\n<p><a href=\"https:\/\/i0.wp.com\/shop.vape.hk\/wp-content\/uploads\/2023\/10\/KK-Energy8-12000-Puffs-Disposable-Vape-Kit1.jpg?ssl=1\" target=\"_blank\" rel=\"noopener\"><img data-recalc-dims=\"1\" loading=\"lazy\" decoding=\"async\" class=\"alignnone size-full wp-image-125465\" src=\"https:\/\/i0.wp.com\/shop.vape.hk\/wp-content\/uploads\/2023\/10\/KK-Energy8-12000-Puffs-Disposable-Vape-Kit1.jpg?resize=1020%2C1425&#038;ssl=1\" alt=\"KK Energy8 12000 Puffs Disposable Vape | Wholesale\" width=\"1020\" height=\"1425\" title=\"\"><\/a><\/p>","protected":false},"excerpt":{"rendered":"<p>The KK Energy8 12000 Puffs Disposable Vape Wholesale offers long-lasting performance, smooth vapor output, and a durable design, ideal for both beginners and experienced users.<\/p>","protected":false},"featured_media":5428,"comment_status":"open","ping_status":"closed","template":"","meta":[],"product_brand":[],"product_cat":[22],"product_tag":[],"class_list":{"0":"post-5128","1":"product","2":"type-product","3":"status-publish","4":"has-post-thumbnail","6":"product_cat-disposable-vape-sticks","8":"first","9":"instock","10":"shipping-taxable","11":"purchasable","12":"product-type-simple"},"jetpack_sharing_enabled":true,"tiered_pricing_type":"fixed","tiered_pricing_fixed_rules":[],"tiered_pricing_product_settings":{"layout":"default","base_unit_name":{"singular":null,"plural":null},"default_variation":null},"tiered_pricing_minimum_quantity":100,"tiered_pricing_roles_data":[],"tiered_pricing_percentage_rules":[],"tiered_pricing_maximum_quantity":null,"tiered_pricing_quantity_step":null,"_links":{"self":[{"href":"https:\/\/cloudsupplyvapes.com\/fr\/wp-json\/wp\/v2\/product\/5128","targetHints":{"allow":["GET"]}}],"collection":[{"href":"https:\/\/cloudsupplyvapes.com\/fr\/wp-json\/wp\/v2\/product"}],"about":[{"href":"https:\/\/cloudsupplyvapes.com\/fr\/wp-json\/wp\/v2\/types\/product"}],"replies":[{"embeddable":true,"href":"https:\/\/cloudsupplyvapes.com\/fr\/wp-json\/wp\/v2\/comments?post=5128"}],"wp:featuredmedia":[{"embeddable":true,"href":"https:\/\/cloudsupplyvapes.com\/fr\/wp-json\/wp\/v2\/media\/5428"}],"wp:attachment":[{"href":"https:\/\/cloudsupplyvapes.com\/fr\/wp-json\/wp\/v2\/media?parent=5128"}],"wp:term":[{"taxonomy":"product_brand","embeddable":true,"href":"https:\/\/cloudsupplyvapes.com\/fr\/wp-json\/wp\/v2\/product_brand?post=5128"},{"taxonomy":"product_cat","embeddable":true,"href":"https:\/\/cloudsupplyvapes.com\/fr\/wp-json\/wp\/v2\/product_cat?post=5128"},{"taxonomy":"product_tag","embeddable":true,"href":"https:\/\/cloudsupplyvapes.com\/fr\/wp-json\/wp\/v2\/product_tag?post=5128"}],"curies":[{"name":"wp","href":"https:\/\/api.w.org\/{rel}","templated":true}]}}