{"id":5177,"date":"2024-10-19T02:41:09","date_gmt":"2024-10-19T02:41:09","guid":{"rendered":"https:\/\/cloudsupplyvapes.com\/?post_type=product&#038;p=5177"},"modified":"2024-11-26T03:34:57","modified_gmt":"2024-11-26T03:34:57","slug":"-204","status":"publish","type":"product","link":"https:\/\/cloudsupplyvapes.com\/fr\/product\/kk-energy-5000-puffs-disposable-vape-wholesale-2\/","title":{"rendered":"KK Energy 5000 Puffs Vape jetable en gros Conception l\u00e9g\u00e8re Vapeur constante"},"content":{"rendered":"<p>Capacit\u00e9 : 10ml<\/p>\n<p>Effectif : 3%-6%<\/p>\n<p>Batterie : 650mAh rechargeable<\/p>\n<p>Bouff\u00e9es:5000 bouff\u00e9es<\/p>\n<p>&nbsp;<\/p>\n<p><strong>Saveurs :<\/strong><\/p>\n<p>1. cola<\/p>\n<p>2. la glace luxuriante<\/p>\n<p>3. glace aux myrtilles<\/p>\n<p>4. glace \u00e0 la mangue et \u00e0 la fraise<\/p>\n<p>5. glace \u00e0 la p\u00eache<\/p>\n<p>6.Cherry<\/p>\n<p>7. limonade rose<\/p>\n<p>8. glace \u00e0 la fraise et \u00e0 la past\u00e8que<\/p>\n<p>9. glace de raisin<\/p>\n<p>10. chewing-gum<\/p>\n<p>11. ours en gomme<\/p>\n<p>12.Boisson \u00e9nerg\u00e9tique<\/p>\n<p>Entrep\u00f4t :  Chine<\/p>\n<p>D\u00e9lai de transport\uff1a8-20 jours<\/p>","protected":false},"excerpt":{"rendered":"<p>Le KK Energy 5000 Puffs Disposable Vape Wholesale se caract\u00e9rise par un design l\u00e9ger et une diffusion r\u00e9guli\u00e8re de la vapeur, garantissant une exp\u00e9rience de vapotage riche en ar\u00f4mes et sans tracas.<\/p>","protected":false},"featured_media":5435,"comment_status":"open","ping_status":"closed","template":"","meta":[],"product_brand":[],"product_cat":[22],"product_tag":[],"class_list":{"0":"post-5177","1":"product","2":"type-product","3":"status-publish","4":"has-post-thumbnail","6":"product_cat-disposable-vape-sticks","8":"first","9":"instock","10":"shipping-taxable","11":"purchasable","12":"product-type-simple"},"jetpack_sharing_enabled":true,"tiered_pricing_type":"fixed","tiered_pricing_fixed_rules":{"1000":10,"10000":8,"50000":6},"tiered_pricing_product_settings":{"layout":"default","base_unit_name":{"singular":null,"plural":null},"default_variation":null},"tiered_pricing_minimum_quantity":100,"tiered_pricing_roles_data":[],"tiered_pricing_percentage_rules":[],"tiered_pricing_maximum_quantity":null,"tiered_pricing_quantity_step":null,"_links":{"self":[{"href":"https:\/\/cloudsupplyvapes.com\/fr\/wp-json\/wp\/v2\/product\/5177","targetHints":{"allow":["GET"]}}],"collection":[{"href":"https:\/\/cloudsupplyvapes.com\/fr\/wp-json\/wp\/v2\/product"}],"about":[{"href":"https:\/\/cloudsupplyvapes.com\/fr\/wp-json\/wp\/v2\/types\/product"}],"replies":[{"embeddable":true,"href":"https:\/\/cloudsupplyvapes.com\/fr\/wp-json\/wp\/v2\/comments?post=5177"}],"wp:featuredmedia":[{"embeddable":true,"href":"https:\/\/cloudsupplyvapes.com\/fr\/wp-json\/wp\/v2\/media\/5435"}],"wp:attachment":[{"href":"https:\/\/cloudsupplyvapes.com\/fr\/wp-json\/wp\/v2\/media?parent=5177"}],"wp:term":[{"taxonomy":"product_brand","embeddable":true,"href":"https:\/\/cloudsupplyvapes.com\/fr\/wp-json\/wp\/v2\/product_brand?post=5177"},{"taxonomy":"product_cat","embeddable":true,"href":"https:\/\/cloudsupplyvapes.com\/fr\/wp-json\/wp\/v2\/product_cat?post=5177"},{"taxonomy":"product_tag","embeddable":true,"href":"https:\/\/cloudsupplyvapes.com\/fr\/wp-json\/wp\/v2\/product_tag?post=5177"}],"curies":[{"name":"wp","href":"https:\/\/api.w.org\/{rel}","templated":true}]}}