{"id":5178,"date":"2024-10-19T02:41:09","date_gmt":"2024-10-19T02:41:09","guid":{"rendered":"https:\/\/cloudsupplyvapes.com\/?post_type=product&#038;p=5178"},"modified":"2024-11-26T03:35:11","modified_gmt":"2024-11-26T03:35:11","slug":"-205","status":"publish","type":"product","link":"https:\/\/cloudsupplyvapes.com\/fr\/product\/kk-energy-6000-puffs-rechargeable-disposable-vape-wholesale\/","title":{"rendered":"KK Energy 6000 Puffs Rechargeable Disposable Vape Wholesale Fast Charging Durable Build"},"content":{"rendered":"<h2>KK 6000 \u00e0 usage unique<\/h2>\n<ul class=\"top\">\n<li style=\"list-style-type: none;\">\n<ul class=\"top\">\n<li>Marque : KK Energy<\/li>\n<li>Unit\u00e9 : ensemble<\/li>\n<li>Type : Vape jetable<\/li>\n<li>Poids net : 70(g)<\/li>\n<\/ul>\n<\/li>\n<\/ul>\n<p>Les frais d'exp\u00e9dition combin\u00e9s seront calcul\u00e9s automatiquement par le syst\u00e8me une fois que vous aurez choisi la destination d'exp\u00e9dition \u00e0 l'\u00e9tape de la commande.<\/p>\n<div class=\"title\">KK 6000 \u00e0 usage unique INTRODUCTION<\/div>\n<p><b>KK 6000 \u00e0 usage unique<\/b>\u00a0Avec son design en marbre et son aspect brillant, le KK 6000 doit vous permettre de tirer des bouff\u00e9es surprenantes gr\u00e2ce \u00e0 son mesh coil et \u00e0 son e-juice 5%(50mg) de sel nic. Rempli d'un e-juice de 13ml, chaque appareil peut servir jusqu'\u00e0 6000 bouff\u00e9es. Il s'agit d'une valeur s\u00fbre gr\u00e2ce \u00e0 sa batterie rechargeable, qui peut \u00eatre recharg\u00e9e via un port Type-C pour une charge rapide, vous n'aurez pas \u00e0 vous inqui\u00e9ter que votre appareil jetable soit \u00e0 court de batterie.<\/p>\n<p class=\"second-title\">Caract\u00e9ristiques<\/p>\n<p>- 6000 bouff\u00e9es<\/p>\n<p>- Capacit\u00e9 de 13 ml<\/p>\n<p>- 5%(50mg) Nicotine<\/p>\n<p>- Batterie interne de 650mAh<\/p>\n<p>- Rechargeable<\/p>\n<p>- Bobine de maille<\/p>\n<p>- Tirage MTL<\/p>\n<p>- Dessin activ\u00e9<\/p>\n<div class=\"title\">KK 6000 \u00e0 usage unique SPECIFICATION<\/div>\n<p>Bouff\u00e9es : 6000<\/p>\n<p>Capacit\u00e9 : 13mL<\/p>\n<p>Batterie : int\u00e9gr\u00e9e 650mAh<\/p>\n<p>Chargement : Port de type C<\/p>\n<p>Taux de nicotine : 5%(50mg)<\/p>\n<p>Type de nicotine : Nic Salt<\/p>\n<p>\u00c9l\u00e9ment chauffant : Serpentin en maille<\/p>\n<p>M\u00e9canisme de mise \u00e0 feu activ\u00e9 par le tirage<\/p>\n<p>&nbsp;<\/p>\n<p><b>Saveur :<\/b><\/p>\n<p>Glace luxuriante<\/p>\n<p>Glace \u00e0 la mangue et \u00e0 la fraise<\/p>\n<p>Menthe fra\u00eeche<\/p>\n<p>Pomme rouge Citron<\/p>\n<p>Fusion de fruits<\/p>\n<p>Ours en gomme<\/p>","protected":false},"excerpt":{"rendered":"<p>Le KK Energy 6000 Puffs Rechargeable Disposable Vape Wholesale combine un chargement rapide avec une construction durable, offrant une production de vapeur douce et une commodit\u00e9 respectueuse de l'environnement.<\/p>","protected":false},"featured_media":5437,"comment_status":"open","ping_status":"closed","template":"","meta":[],"product_brand":[],"product_cat":[22],"product_tag":[],"class_list":{"0":"post-5178","1":"product","2":"type-product","3":"status-publish","4":"has-post-thumbnail","6":"product_cat-disposable-vape-sticks","8":"first","9":"instock","10":"shipping-taxable","11":"purchasable","12":"product-type-simple"},"jetpack_sharing_enabled":true,"tiered_pricing_type":"fixed","tiered_pricing_fixed_rules":{"1000":13,"10000":11,"50000":9},"tiered_pricing_product_settings":{"layout":"default","base_unit_name":{"singular":null,"plural":null},"default_variation":null},"tiered_pricing_minimum_quantity":100,"tiered_pricing_roles_data":[],"tiered_pricing_percentage_rules":[],"tiered_pricing_maximum_quantity":null,"tiered_pricing_quantity_step":null,"_links":{"self":[{"href":"https:\/\/cloudsupplyvapes.com\/fr\/wp-json\/wp\/v2\/product\/5178","targetHints":{"allow":["GET"]}}],"collection":[{"href":"https:\/\/cloudsupplyvapes.com\/fr\/wp-json\/wp\/v2\/product"}],"about":[{"href":"https:\/\/cloudsupplyvapes.com\/fr\/wp-json\/wp\/v2\/types\/product"}],"replies":[{"embeddable":true,"href":"https:\/\/cloudsupplyvapes.com\/fr\/wp-json\/wp\/v2\/comments?post=5178"}],"wp:featuredmedia":[{"embeddable":true,"href":"https:\/\/cloudsupplyvapes.com\/fr\/wp-json\/wp\/v2\/media\/5437"}],"wp:attachment":[{"href":"https:\/\/cloudsupplyvapes.com\/fr\/wp-json\/wp\/v2\/media?parent=5178"}],"wp:term":[{"taxonomy":"product_brand","embeddable":true,"href":"https:\/\/cloudsupplyvapes.com\/fr\/wp-json\/wp\/v2\/product_brand?post=5178"},{"taxonomy":"product_cat","embeddable":true,"href":"https:\/\/cloudsupplyvapes.com\/fr\/wp-json\/wp\/v2\/product_cat?post=5178"},{"taxonomy":"product_tag","embeddable":true,"href":"https:\/\/cloudsupplyvapes.com\/fr\/wp-json\/wp\/v2\/product_tag?post=5178"}],"curies":[{"name":"wp","href":"https:\/\/api.w.org\/{rel}","templated":true}]}}