{"id":5180,"date":"2024-10-19T02:41:09","date_gmt":"2024-10-19T02:41:09","guid":{"rendered":"https:\/\/cloudsupplyvapes.com\/?post_type=product&#038;p=5180"},"modified":"2024-11-26T03:36:58","modified_gmt":"2024-11-26T03:36:58","slug":"-207","status":"publish","type":"product","link":"https:\/\/cloudsupplyvapes.com\/fr\/product\/moti-play-bar-7500-puffs-disposable-vape-wholesale\/","title":{"rendered":"MOTI Play Bar 7500 bouff\u00e9es Vape jetable en gros Batterie durable"},"content":{"rendered":"<h2>Moti Play Bar Vape jetable<\/h2>\n<ul class=\"top\">\n<li>Marque :\u00a0<b>Moti Vape<\/b><\/li>\n<li>Unit\u00e9 : ensemble<\/li>\n<li>Type :\u00a0<b>Vape \u00e0 usage unique<\/b><\/li>\n<li>Poids net : 70(g)<\/li>\n<\/ul>\n<p>Les frais d'exp\u00e9dition combin\u00e9s seront calcul\u00e9s automatiquement par le syst\u00e8me une fois que vous aurez choisi la destination d'exp\u00e9dition \u00e0 l'\u00e9tape de la commande.<\/p>\n<div class=\"title\">Moti Play Bar Vape jetable INTRODUCTION<\/div>\n<p><b>Kit de vaporisation jetable Moti Play Bar<\/b>\u00a0pr\u00e9sente le design le plus \u00e0 la mode et le plus avant-gardiste, qui peut imm\u00e9diatement attirer votre attention. Contrairement \u00e0 un appareil jetable normal, il est dot\u00e9 d'un \u00e9cran qui affiche des donn\u00e9es telles que la puissance et les bouff\u00e9es, ce qui rend les performances de l'appareil plus intuitives. Il comprend une batterie int\u00e9gr\u00e9e de 700 mAh qui peut \u00eatre recharg\u00e9e pour atteindre environ 7 500 bouff\u00e9es. Le bouton d'\u00e9coulement d'air inf\u00e9rieur \u00e0 360\u00b0 est particuli\u00e8rement remarquable, car il permet d'obtenir tr\u00e8s facilement une grande vari\u00e9t\u00e9 de nuages. Chaque appareil a un taux de nicotine de 5% et est livr\u00e9 pr\u00e9charg\u00e9 avec 18 ml d'e-liquide pour une journ\u00e9e compl\u00e8te de vapotage ininterrompu.<\/p>\n<p class=\"second-title\">Caract\u00e9ristiques<\/p>\n<p>- Taille : 46*18.6*81.5<\/p>\n<p>- 18ml Vape Juice pr\u00e9-rempli<\/p>\n<p>- Batterie rechargeable 700mAh<\/p>\n<p>- Bouton de d\u00e9bit d'air 360<\/p>\n<p>- C\u00e2ble de type C<\/p>\n<p>- 5%(50mg) Nic Salt<\/p>\n<p>- Environ 7500 bouff\u00e9es<\/p>\n<p>- Bobine de maille<\/p>\n<p>- Dessin activ\u00e9<\/p>\n<p><a href=\"https:\/\/i0.wp.com\/shop.vape.hk\/wp-content\/uploads\/2023\/11\/YHTYYU.jpg?ssl=1\" target=\"_blank\" rel=\"noopener\"><img data-recalc-dims=\"1\" loading=\"lazy\" decoding=\"async\" class=\"alignnone size-full wp-image-125540\" src=\"https:\/\/i0.wp.com\/shop.vape.hk\/wp-content\/uploads\/2023\/11\/YHTYYU.jpg?resize=1020%2C513&#038;ssl=1\" alt=\"MOTI Play Bar 7500 Bouff\u00e9es Jetables Vape | Wholesale\" width=\"1020\" height=\"513\" title=\"\"><\/a> <a href=\"https:\/\/i0.wp.com\/shop.vape.hk\/wp-content\/uploads\/2023\/11\/YTHTY.jpg?ssl=1\" target=\"_blank\" rel=\"noopener\"><img data-recalc-dims=\"1\" loading=\"lazy\" decoding=\"async\" class=\"alignnone size-full wp-image-125539\" src=\"https:\/\/i0.wp.com\/shop.vape.hk\/wp-content\/uploads\/2023\/11\/YTHTY.jpg?resize=1020%2C516&#038;ssl=1\" alt=\"MOTI Play Bar 7500 Bouff\u00e9es Jetables Vape | Wholesale\" width=\"1020\" height=\"516\" title=\"\"><\/a> <a href=\"https:\/\/i0.wp.com\/shop.vape.hk\/wp-content\/uploads\/2023\/11\/GJNGHJNTY.jpg?ssl=1\" target=\"_blank\" rel=\"noopener\"><img data-recalc-dims=\"1\" loading=\"lazy\" decoding=\"async\" class=\"alignnone size-full wp-image-125538\" src=\"https:\/\/i0.wp.com\/shop.vape.hk\/wp-content\/uploads\/2023\/11\/GJNGHJNTY.jpg?resize=1020%2C404&#038;ssl=1\" alt=\"MOTI Play Bar 7500 Bouff\u00e9es Jetables Vape | Wholesale\" width=\"1020\" height=\"404\" title=\"\"><\/a> <a href=\"https:\/\/i0.wp.com\/shop.vape.hk\/wp-content\/uploads\/2023\/11\/TYHTY.jpg?ssl=1\" target=\"_blank\" rel=\"noopener\"><img data-recalc-dims=\"1\" loading=\"lazy\" decoding=\"async\" class=\"alignnone size-full wp-image-125537\" src=\"https:\/\/i0.wp.com\/shop.vape.hk\/wp-content\/uploads\/2023\/11\/TYHTY.jpg?resize=1020%2C468&#038;ssl=1\" alt=\"MOTI Play Bar 7500 Bouff\u00e9es Jetables Vape | Wholesale\" width=\"1020\" height=\"468\" title=\"\"><\/a> <a href=\"https:\/\/i0.wp.com\/shop.vape.hk\/wp-content\/uploads\/2023\/11\/HTYHYT.jpg?ssl=1\" target=\"_blank\" rel=\"noopener\"><img data-recalc-dims=\"1\" loading=\"lazy\" decoding=\"async\" class=\"alignnone size-full wp-image-125536\" src=\"https:\/\/i0.wp.com\/shop.vape.hk\/wp-content\/uploads\/2023\/11\/HTYHYT.jpg?resize=1020%2C487&#038;ssl=1\" alt=\"MOTI Play Bar 7500 Bouff\u00e9es Jetables Vape | Wholesale\" width=\"1020\" height=\"487\" title=\"\"><\/a> <a href=\"https:\/\/i0.wp.com\/shop.vape.hk\/wp-content\/uploads\/2023\/11\/YHGTYHT.jpg?ssl=1\" target=\"_blank\" rel=\"noopener\"><img data-recalc-dims=\"1\" loading=\"lazy\" decoding=\"async\" class=\"alignnone size-full wp-image-125535\" src=\"https:\/\/i0.wp.com\/shop.vape.hk\/wp-content\/uploads\/2023\/11\/YHGTYHT.jpg?resize=1020%2C490&#038;ssl=1\" alt=\"MOTI Play Bar 7500 Bouff\u00e9es Jetables Vape | Wholesale\" width=\"1020\" height=\"490\" title=\"\"><\/a> <a href=\"https:\/\/i0.wp.com\/shop.vape.hk\/wp-content\/uploads\/2023\/11\/YTHYTGHT.jpg?ssl=1\" target=\"_blank\" rel=\"noopener\"><img data-recalc-dims=\"1\" loading=\"lazy\" decoding=\"async\" class=\"alignnone size-full wp-image-125534\" src=\"https:\/\/i0.wp.com\/shop.vape.hk\/wp-content\/uploads\/2023\/11\/YTHYTGHT.jpg?resize=1020%2C457&#038;ssl=1\" alt=\"MOTI Play Bar 7500 Bouff\u00e9es Jetables Vape | Wholesale\" width=\"1020\" height=\"457\" title=\"\"><\/a> <a href=\"https:\/\/i0.wp.com\/shop.vape.hk\/wp-content\/uploads\/2023\/11\/GHYJTGYJHTY.jpg?ssl=1\" target=\"_blank\" rel=\"noopener\"><img data-recalc-dims=\"1\" loading=\"lazy\" decoding=\"async\" class=\"alignnone size-full wp-image-125533\" src=\"https:\/\/i0.wp.com\/shop.vape.hk\/wp-content\/uploads\/2023\/11\/GHYJTGYJHTY.jpg?resize=1020%2C462&#038;ssl=1\" alt=\"MOTI Play Bar 7500 Bouff\u00e9es Jetables Vape | Wholesale\" width=\"1020\" height=\"462\" title=\"\"><\/a> <a href=\"https:\/\/i0.wp.com\/shop.vape.hk\/wp-content\/uploads\/2023\/11\/YTHTYJHYT.jpg?ssl=1\" target=\"_blank\" rel=\"noopener\"><img data-recalc-dims=\"1\" loading=\"lazy\" decoding=\"async\" class=\"alignnone size-full wp-image-125531\" src=\"https:\/\/i0.wp.com\/shop.vape.hk\/wp-content\/uploads\/2023\/11\/YTHTYJHYT.jpg?resize=1020%2C301&#038;ssl=1\" alt=\"MOTI Play Bar 7500 Bouff\u00e9es Jetables Vape | Wholesale\" width=\"1020\" height=\"301\" title=\"\"><\/a> <a href=\"https:\/\/i0.wp.com\/shop.vape.hk\/wp-content\/uploads\/2023\/11\/L.KGJJ_.jpg?ssl=1\" target=\"_blank\" rel=\"noopener\"><img data-recalc-dims=\"1\" loading=\"lazy\" decoding=\"async\" class=\"alignnone size-full wp-image-125530\" src=\"https:\/\/i0.wp.com\/shop.vape.hk\/wp-content\/uploads\/2023\/11\/L.KGJJ_.jpg?resize=1020%2C305&#038;ssl=1\" alt=\"MOTI Play Bar 7500 Bouff\u00e9es Jetables Vape | Wholesale\" width=\"1020\" height=\"305\" title=\"\"><\/a><\/p>","protected":false},"excerpt":{"rendered":"<p>MOTI Play Bar 7500 Puffs Disposable Vape Wholesale offre une construction durable, une batterie de longue dur\u00e9e et des performances constantes pour une exp\u00e9rience de vapotage pratique et satisfaisante.<\/p>","protected":false},"featured_media":5461,"comment_status":"open","ping_status":"closed","template":"","meta":[],"product_brand":[],"product_cat":[22],"product_tag":[],"class_list":{"0":"post-5180","1":"product","2":"type-product","3":"status-publish","4":"has-post-thumbnail","6":"product_cat-disposable-vape-sticks","8":"first","9":"instock","10":"shipping-taxable","11":"purchasable","12":"product-type-simple"},"jetpack_sharing_enabled":true,"tiered_pricing_type":"fixed","tiered_pricing_fixed_rules":{"1000":14,"10000":12,"50000":10},"tiered_pricing_product_settings":{"layout":"default","base_unit_name":{"singular":null,"plural":null},"default_variation":null},"tiered_pricing_minimum_quantity":100,"tiered_pricing_roles_data":[],"tiered_pricing_percentage_rules":[],"tiered_pricing_maximum_quantity":null,"tiered_pricing_quantity_step":null,"_links":{"self":[{"href":"https:\/\/cloudsupplyvapes.com\/fr\/wp-json\/wp\/v2\/product\/5180","targetHints":{"allow":["GET"]}}],"collection":[{"href":"https:\/\/cloudsupplyvapes.com\/fr\/wp-json\/wp\/v2\/product"}],"about":[{"href":"https:\/\/cloudsupplyvapes.com\/fr\/wp-json\/wp\/v2\/types\/product"}],"replies":[{"embeddable":true,"href":"https:\/\/cloudsupplyvapes.com\/fr\/wp-json\/wp\/v2\/comments?post=5180"}],"wp:featuredmedia":[{"embeddable":true,"href":"https:\/\/cloudsupplyvapes.com\/fr\/wp-json\/wp\/v2\/media\/5461"}],"wp:attachment":[{"href":"https:\/\/cloudsupplyvapes.com\/fr\/wp-json\/wp\/v2\/media?parent=5180"}],"wp:term":[{"taxonomy":"product_brand","embeddable":true,"href":"https:\/\/cloudsupplyvapes.com\/fr\/wp-json\/wp\/v2\/product_brand?post=5180"},{"taxonomy":"product_cat","embeddable":true,"href":"https:\/\/cloudsupplyvapes.com\/fr\/wp-json\/wp\/v2\/product_cat?post=5180"},{"taxonomy":"product_tag","embeddable":true,"href":"https:\/\/cloudsupplyvapes.com\/fr\/wp-json\/wp\/v2\/product_tag?post=5180"}],"curies":[{"name":"wp","href":"https:\/\/api.w.org\/{rel}","templated":true}]}}